{"id":14258,"date":"2023-05-14T21:02:04","date_gmt":"2023-05-14T21:02:04","guid":{"rendered":"https:\/\/dev.rapid.si\/product\/relay-cabinet\/"},"modified":"2025-07-30T13:03:26","modified_gmt":"2025-07-30T13:03:26","slug":"relay-cabinet","status":"publish","type":"product","link":"https:\/\/www.tornum.com\/sv\/produkt\/relay-cabinet\/","title":{"rendered":"PLC ELSK\u00c5P"},"content":{"rendered":"<div class=\"wpb-content-wrapper\"><p>[vc_row][vc_column width=&#8221;2\/3&#8243;][vc_column_text]TORNUMs PLC elsk\u00e5p byggs helt anpassade efter varje unik kundl\u00f6sning. Elcentralen \u00e4r torkanl\u00e4ggningens styrfunktion och placeras p\u00e5 en best\u00e4md plats som \u00e4r praktisk och skyddad.[\/vc_column_text][\/vc_column][vc_column width=&#8221;1\/3&#8243;][vc_column_text]<strong>FUNKTION<\/strong><\/p>\n<ul>\n<li>PLC styrning<\/li>\n<li>Robust design<\/li>\n<\/ul>\n<p>[\/vc_column_text][\/vc_column][\/vc_row]<\/p>\n<\/div>","protected":false},"excerpt":{"rendered":"<p>TORNUMs PLC elsk\u00e5p byggs helt anpassade efter varje unik kundl\u00f6sning. Elcentralen \u00e4r torkanl\u00e4ggningens styrfunktion och placeras p\u00e5 en best\u00e4md plats som \u00e4r praktisk och skyddad.<\/p>\n","protected":false},"featured_media":16933,"comment_status":"open","ping_status":"closed","template":"","meta":{"_acf_changed":false},"product_brand":[],"product_cat":[213,194,201],"product_tag":[273,274,275],"class_list":{"0":"post-14258","1":"product","2":"type-product","3":"status-publish","4":"has-post-thumbnail","6":"product_cat-alla-produkter","7":"product_cat-styrsystem-och-overvakning","8":"product_cat-tillbehor-sv-3","9":"product_tag-monitoring-sv","10":"product_tag-pc-sv","11":"product_tag-plc-sv","12":"description-off","14":"first","15":"instock","16":"shipping-taxable","17":"product-type-simple"},"acf":[],"_links":{"self":[{"href":"https:\/\/www.tornum.com\/sv\/wp-json\/wp\/v2\/product\/14258","targetHints":{"allow":["GET"]}}],"collection":[{"href":"https:\/\/www.tornum.com\/sv\/wp-json\/wp\/v2\/product"}],"about":[{"href":"https:\/\/www.tornum.com\/sv\/wp-json\/wp\/v2\/types\/product"}],"replies":[{"embeddable":true,"href":"https:\/\/www.tornum.com\/sv\/wp-json\/wp\/v2\/comments?post=14258"}],"version-history":[{"count":1,"href":"https:\/\/www.tornum.com\/sv\/wp-json\/wp\/v2\/product\/14258\/revisions"}],"predecessor-version":[{"id":50604,"href":"https:\/\/www.tornum.com\/sv\/wp-json\/wp\/v2\/product\/14258\/revisions\/50604"}],"wp:featuredmedia":[{"embeddable":true,"href":"https:\/\/www.tornum.com\/sv\/wp-json\/wp\/v2\/media\/16933"}],"wp:attachment":[{"href":"https:\/\/www.tornum.com\/sv\/wp-json\/wp\/v2\/media?parent=14258"}],"wp:term":[{"taxonomy":"product_brand","embeddable":true,"href":"https:\/\/www.tornum.com\/sv\/wp-json\/wp\/v2\/product_brand?post=14258"},{"taxonomy":"product_cat","embeddable":true,"href":"https:\/\/www.tornum.com\/sv\/wp-json\/wp\/v2\/product_cat?post=14258"},{"taxonomy":"product_tag","embeddable":true,"href":"https:\/\/www.tornum.com\/sv\/wp-json\/wp\/v2\/product_tag?post=14258"}],"curies":[{"name":"wp","href":"https:\/\/api.w.org\/{rel}","templated":true}]}}