{"id":14261,"date":"2023-05-14T20:53:53","date_gmt":"2023-05-14T20:53:53","guid":{"rendered":"https:\/\/dev.rapid.si\/product\/idc-intelligent-dryer-control\/"},"modified":"2025-07-14T09:32:06","modified_gmt":"2025-07-14T09:32:06","slug":"idc-intelligent-dryer-control","status":"publish","type":"product","link":"https:\/\/www.tornum.com\/sv\/produkt\/idc-intelligent-dryer-control\/","title":{"rendered":"IDC \u2013 INTELLIGENT DRYER CONTROL"},"content":{"rendered":"<div class=\"wpb-content-wrapper\"><p>[vc_row][vc_column width=&#8221;2\/3&#8243;][vc_column_text]<\/p>\n<h4>Full kontroll \u2013 var du \u00e4n \u00e4r<\/h4>\n<p>TORNUM IDC \u00e4r ett mjukvarubaserat styrsystem f\u00f6r \u00f6vervakning och styrning av vattenhalten i kontinuerliga torkar. Det best\u00e5r av vattenhaltsgivare och en styrenhet. Via det anv\u00e4ndarv\u00e4nliga gr\u00e4nssnittet har du full kontroll \u00f6ver hela torkningsprocessen p\u00e5 din PC eller l\u00e4splatta, var du \u00e4n befinner dig.<\/p>\n<h4>Torkning till exakt vattenhalt<\/h4>\n<p>En givare \u00e4r placerad i toppen av torkens torksektioner och m\u00e4ter ing\u00e5ende vattenhalt. Den andra givaren \u00e4r placerad i kylzonen, n\u00e4ra torkens utlopp. Med hj\u00e4lp av information om in- och utg\u00e5ende vattenhalt kontrollerar styrenheten utmatningshastigheten f\u00f6r att erh\u00e5lla \u00f6nskad vattenhalt ut ur torken \u2013 oberoende av utomhusklimatet.<\/p>\n<h4>Minimera torkningskostnaderna<\/h4>\n<p>Viktigast av allt \u2013 med TORNUM IDC beh\u00f6ver du inte basera torkningen p\u00e5 gissningar och riskera att \u00f6vertorka spannm\u00e5len bara f\u00f6r att vara p\u00e5 den s\u00e4kra sidan. Det \u00e4r en dyrbar metod som nu enkelt kan ers\u00e4ttas med exakt r\u00e4tt torkinsats i varje l\u00e4ge. Med TORNUM IDC sparar du ocks\u00e5 \u00e5tskilliga timmar av manuell \u00f6vervakning av torkningsprocessen.<\/p>\n<h4>Optimera spannm\u00e5lskvaliteten<\/h4>\n<p>Genom att torka med hj\u00e4lp av TORNUM IDC n\u00e5r du den \u00f6nskade vattenhalten varje g\u00e5ng \u2013 med maximal produktkvalitet, maximal vikt och b\u00e4sta m\u00f6jliga ekonomiska utbyte som resultat.[\/vc_column_text][\/vc_column][vc_column width=&#8221;1\/3&#8243;][vc_column_text]<strong>F\u00f6rdelar<\/strong><br \/>\n\u2022 S\u00e4nkta torkningskostnader<br \/>\n\u2022 \u00d6kad torkkapacitet<br \/>\n\u2022 Full kontroll \u00f6ver hela torkningsprocessen<br \/>\n\u2022 S\u00e4desslag och torkningrecept \u00e4ndras med en enkel knapptryckning<br \/>\n\u2022 Optimerad torkningsprocess<\/p>\n<p>\u2022 Intelligent mjukvara som anpassar sig till klimatf\u00f6rh\u00e5llandena<br \/>\n\u2022 L\u00e4tt att installera, l\u00e4tt att anv\u00e4nda<br \/>\n\u2022 Kort \u00e5terbetalningstid[\/vc_column_text][\/vc_column][\/vc_row]<\/p>\n<\/div>","protected":false},"excerpt":{"rendered":"<p>TORNUM IDC \u00e4r ett mjukvarubaserat styrsystem f\u00f6r \u00f6vervakning och styrning av vattenhalten i kontinuerliga torkar. Det best\u00e5r av vattenhaltsgivare och en styrenhet. Via det anv\u00e4ndarv\u00e4nliga gr\u00e4nssnittet har du full kontroll \u00f6ver hela torkningsprocessen p\u00e5 din PC eller l\u00e4splatta, var du \u00e4n befinner dig.<\/p>\n","protected":false},"featured_media":53229,"comment_status":"open","ping_status":"closed","template":"","meta":{"_acf_changed":false},"product_brand":[],"product_cat":[213,194,199],"product_tag":[260,273,274,275],"class_list":{"0":"post-14261","1":"product","2":"type-product","3":"status-publish","4":"has-post-thumbnail","6":"product_cat-alla-produkter","7":"product_cat-styrsystem-och-overvakning","8":"product_cat-idc-intelligent-dryer-control","9":"product_tag-dryer-sv","10":"product_tag-monitoring-sv","11":"product_tag-pc-sv","12":"product_tag-plc-sv","13":"description-off","15":"first","16":"instock","17":"shipping-taxable","18":"product-type-simple"},"acf":[],"_links":{"self":[{"href":"https:\/\/www.tornum.com\/sv\/wp-json\/wp\/v2\/product\/14261","targetHints":{"allow":["GET"]}}],"collection":[{"href":"https:\/\/www.tornum.com\/sv\/wp-json\/wp\/v2\/product"}],"about":[{"href":"https:\/\/www.tornum.com\/sv\/wp-json\/wp\/v2\/types\/product"}],"replies":[{"embeddable":true,"href":"https:\/\/www.tornum.com\/sv\/wp-json\/wp\/v2\/comments?post=14261"}],"version-history":[{"count":2,"href":"https:\/\/www.tornum.com\/sv\/wp-json\/wp\/v2\/product\/14261\/revisions"}],"predecessor-version":[{"id":44321,"href":"https:\/\/www.tornum.com\/sv\/wp-json\/wp\/v2\/product\/14261\/revisions\/44321"}],"wp:featuredmedia":[{"embeddable":true,"href":"https:\/\/www.tornum.com\/sv\/wp-json\/wp\/v2\/media\/53229"}],"wp:attachment":[{"href":"https:\/\/www.tornum.com\/sv\/wp-json\/wp\/v2\/media?parent=14261"}],"wp:term":[{"taxonomy":"product_brand","embeddable":true,"href":"https:\/\/www.tornum.com\/sv\/wp-json\/wp\/v2\/product_brand?post=14261"},{"taxonomy":"product_cat","embeddable":true,"href":"https:\/\/www.tornum.com\/sv\/wp-json\/wp\/v2\/product_cat?post=14261"},{"taxonomy":"product_tag","embeddable":true,"href":"https:\/\/www.tornum.com\/sv\/wp-json\/wp\/v2\/product_tag?post=14261"}],"curies":[{"name":"wp","href":"https:\/\/api.w.org\/{rel}","templated":true}]}}