{"id":14262,"date":"2023-05-14T20:51:26","date_gmt":"2023-05-14T20:51:26","guid":{"rendered":"https:\/\/dev.rapid.si\/product\/centrifugal-fans\/"},"modified":"2025-08-01T07:15:21","modified_gmt":"2025-08-01T07:15:21","slug":"radialflakt-lagtryck","status":"publish","type":"product","link":"https:\/\/www.tornum.com\/sv\/produkt\/radialflakt-lagtryck\/","title":{"rendered":"RADIALFL\u00c4KT &#8211; L\u00c5GTRYCK"},"content":{"rendered":"<div class=\"wpb-content-wrapper\"><p>[vc_row][vc_column width=&#8221;2\/3&#8243;][vc_column_text css=&#8221;&#8221;]TORNUMs l\u00e5gtrycks radialfl\u00e4ktar \u00e4r konstruerade f\u00f6r luftning, kylning och torkning av spannm\u00e5l. Fl\u00e4ktarnas stora luftvolym g\u00f6r dem mycket l\u00e4mpade f\u00f6r torksilos och luftning av planlager. Fl\u00e4ktarna \u00e4r extremt effektiva med l\u00e5ga ljudemissioner. H\u00f6ljet best\u00e5r av aluzinkpl\u00e5t med h\u00f6gt korrosionsskydd. Flera monteringsalternativ g\u00f6r dem enkla att installera. Fl\u00e4kthjulen har bak\u00e5triktade skovlar f\u00f6r h\u00f6g effektivitet som standard. Alternativt kan de best\u00e4llas med plana bak\u00e5triktade skovlar f\u00f6r att hantera dammig luft.[\/vc_column_text][\/vc_column][vc_column width=&#8221;1\/3&#8243;][vc_column_text css=&#8221;&#8221;]<strong>FUNKTIONER<\/strong><br \/>\n\u2022 Luftfl\u00f6de: 400 &#8211; 135 000 m\u00b3\/h<br \/>\n\u2022 Tryck: 100 \u2013 7.500 Pa<br \/>\n\u2022 Max gastemperatur vid standardutf\u00f6rande: 40\u00b0C<br \/>\n\u2022 Max gastemperatur med kylplatta: 300\u00b0C<br \/>\n\u2022 Hjultyp: Radiell, bak\u00e5tb\u00f6jd[\/vc_column_text][\/vc_column][\/vc_row]<\/p>\n<\/div>","protected":false},"excerpt":{"rendered":"<p>Tornums radialfl\u00e4ktar \u00e4r konstruerade f\u00f6r luftning, kylning och torkning av spannm\u00e5l och utm\u00e4rker sig genom enast\u00e5ende effektivitet med l\u00e5g ljudniv\u00e5.<\/p>\n","protected":false},"featured_media":50244,"comment_status":"open","ping_status":"closed","template":"","meta":{"_acf_changed":false},"product_brand":[],"product_cat":[213,171,178],"product_tag":[233,292,265,224],"class_list":{"0":"post-14262","1":"product","2":"type-product","3":"status-publish","4":"has-post-thumbnail","6":"product_cat-alla-produkter","7":"product_cat-luftsystem","8":"product_cat-radialflakt","9":"product_tag-axial-sv","10":"product_tag-bins-sv","11":"product_tag-conditioning-sv","12":"product_tag-silo-sv","13":"description-off","15":"first","16":"instock","17":"shipping-taxable","18":"product-type-simple"},"acf":[],"_links":{"self":[{"href":"https:\/\/www.tornum.com\/sv\/wp-json\/wp\/v2\/product\/14262","targetHints":{"allow":["GET"]}}],"collection":[{"href":"https:\/\/www.tornum.com\/sv\/wp-json\/wp\/v2\/product"}],"about":[{"href":"https:\/\/www.tornum.com\/sv\/wp-json\/wp\/v2\/types\/product"}],"replies":[{"embeddable":true,"href":"https:\/\/www.tornum.com\/sv\/wp-json\/wp\/v2\/comments?post=14262"}],"version-history":[{"count":6,"href":"https:\/\/www.tornum.com\/sv\/wp-json\/wp\/v2\/product\/14262\/revisions"}],"predecessor-version":[{"id":51106,"href":"https:\/\/www.tornum.com\/sv\/wp-json\/wp\/v2\/product\/14262\/revisions\/51106"}],"wp:featuredmedia":[{"embeddable":true,"href":"https:\/\/www.tornum.com\/sv\/wp-json\/wp\/v2\/media\/50244"}],"wp:attachment":[{"href":"https:\/\/www.tornum.com\/sv\/wp-json\/wp\/v2\/media?parent=14262"}],"wp:term":[{"taxonomy":"product_brand","embeddable":true,"href":"https:\/\/www.tornum.com\/sv\/wp-json\/wp\/v2\/product_brand?post=14262"},{"taxonomy":"product_cat","embeddable":true,"href":"https:\/\/www.tornum.com\/sv\/wp-json\/wp\/v2\/product_cat?post=14262"},{"taxonomy":"product_tag","embeddable":true,"href":"https:\/\/www.tornum.com\/sv\/wp-json\/wp\/v2\/product_tag?post=14262"}],"curies":[{"name":"wp","href":"https:\/\/api.w.org\/{rel}","templated":true}]}}