{"id":14264,"date":"2023-05-14T20:46:38","date_gmt":"2023-05-14T20:46:38","guid":{"rendered":"https:\/\/dev.rapid.si\/product\/aeration-cover\/"},"modified":"2025-08-01T06:32:53","modified_gmt":"2025-08-01T06:32:53","slug":"luftningskanal","status":"publish","type":"product","link":"https:\/\/www.tornum.com\/sv\/produkt\/luftningskanal\/","title":{"rendered":"LUFTNINGSKANAL"},"content":{"rendered":"<p style=\"font-weight: 300;\">Med Tornums luftningskanal har du m\u00f6jlighet att optimera luftningen av din silo. Kanalerna finns i tre olika utf\u00f6randen. 300mm bred kanal finns i l\u00e4ngder av 0,5 och 1 meter. Denna bredd g\u00e5r att f\u00e5 i standardutf\u00f6rande eller en f\u00f6rst\u00e4rkt version f\u00f6r planlager s\u00e5 man kan k\u00f6ra \u00f6ver luftkanalerna med lastmaskin. F\u00f6r st\u00f6rre luftfl\u00f6den finns en 500mm bred kanalt\u00e4ckning med l\u00e4ngden 125mm d\u00e4r valfritt antal moduler placeras efter varandra till \u00f6nskad kanall\u00e4ngd.<\/p>\n<p style=\"font-weight: 300;\">Samtliga varianter kan byggas i olika m\u00f6nster vilket m\u00f6jligg\u00f6r anpassning av layouten efter dina specifika behov. Kanalerna ger en platt yta i din lagring och \u00e4r l\u00e4tta att reng\u00f6ra. Vi p\u00e5 Tornum har l\u00e5ng erfarenhet av luftning av spannm\u00e5l och hj\u00e4lper g\u00e4rna till med dimensionering av b\u00e5de luftkanaler, fl\u00e4ktar och andra tillbeh\u00f6r.<\/p>\n","protected":false},"excerpt":{"rendered":"<p>Luftningskanaler med g\u00e4lar som gjuts in i betonggolvet i lagringssilo eller planlager. Passar alla storlekar av silos och kanalerna finns i tv\u00e5 olika bredder f\u00f6r olika luftfl\u00f6den.<\/p>\n","protected":false},"featured_media":16202,"comment_status":"open","ping_status":"closed","template":"","meta":{"_acf_changed":false},"product_brand":[],"product_cat":[213,171,174],"product_tag":[233,236,234,224],"class_list":{"0":"post-14264","1":"product","2":"type-product","3":"status-publish","4":"has-post-thumbnail","6":"product_cat-alla-produkter","7":"product_cat-luftsystem","8":"product_cat-luftningskanal-sv","9":"product_tag-axial-sv","10":"product_tag-conditioning-laterals-sv","11":"product_tag-fan-sv","12":"product_tag-silo-sv","13":"description-off","15":"first","16":"instock","17":"shipping-taxable","18":"product-type-simple"},"acf":[],"_links":{"self":[{"href":"https:\/\/www.tornum.com\/sv\/wp-json\/wp\/v2\/product\/14264","targetHints":{"allow":["GET"]}}],"collection":[{"href":"https:\/\/www.tornum.com\/sv\/wp-json\/wp\/v2\/product"}],"about":[{"href":"https:\/\/www.tornum.com\/sv\/wp-json\/wp\/v2\/types\/product"}],"replies":[{"embeddable":true,"href":"https:\/\/www.tornum.com\/sv\/wp-json\/wp\/v2\/comments?post=14264"}],"version-history":[{"count":3,"href":"https:\/\/www.tornum.com\/sv\/wp-json\/wp\/v2\/product\/14264\/revisions"}],"predecessor-version":[{"id":51019,"href":"https:\/\/www.tornum.com\/sv\/wp-json\/wp\/v2\/product\/14264\/revisions\/51019"}],"wp:featuredmedia":[{"embeddable":true,"href":"https:\/\/www.tornum.com\/sv\/wp-json\/wp\/v2\/media\/16202"}],"wp:attachment":[{"href":"https:\/\/www.tornum.com\/sv\/wp-json\/wp\/v2\/media?parent=14264"}],"wp:term":[{"taxonomy":"product_brand","embeddable":true,"href":"https:\/\/www.tornum.com\/sv\/wp-json\/wp\/v2\/product_brand?post=14264"},{"taxonomy":"product_cat","embeddable":true,"href":"https:\/\/www.tornum.com\/sv\/wp-json\/wp\/v2\/product_cat?post=14264"},{"taxonomy":"product_tag","embeddable":true,"href":"https:\/\/www.tornum.com\/sv\/wp-json\/wp\/v2\/product_tag?post=14264"}],"curies":[{"name":"wp","href":"https:\/\/api.w.org\/{rel}","templated":true}]}}