{"id":14265,"date":"2023-05-14T20:23:45","date_gmt":"2023-05-14T20:23:45","guid":{"rendered":"https:\/\/dev.rapid.si\/product\/belt-conveyor-jema\/"},"modified":"2025-07-14T09:01:43","modified_gmt":"2025-07-14T09:01:43","slug":"bandtransportor-jema","status":"publish","type":"product","link":"https:\/\/www.tornum.com\/sv\/produkt\/bandtransportor-jema\/","title":{"rendered":"BANDTRANSPORT\u00d6R JEMA"},"content":{"rendered":"<div class=\"wpb-content-wrapper\"><p>[vc_row][vc_column width=&#8221;2\/3&#8243;][vc_column_text]JEMA bandtransport\u00f6rer \u00e4r i f\u00f6rsta hand avsedda f\u00f6r spannm\u00e5l och oljev\u00e4xter.<br \/>\nDe \u00e4r uppbygga i moduler tillverkade av galvaniserad pl\u00e5t. V-st\u00e4llda rullst\u00e4ll ger en trygg och energieffektiv transport.<br \/>\nTransport\u00f6rerna finns i l\u00e4ngder upp till 100 meter och kapaciteter fr\u00e5n 60-300ton\/h.<\/p>\n<p>De kan f\u00e5s f\u00f6r reversibel drift och lutande transport. Oljebest\u00e4ndiga remmar levereras som standard.[\/vc_column_text][\/vc_column][vc_column width=&#8221;1\/3&#8243;][vc_column_text]<strong>TILLVAL<\/strong><\/p>\n<ul>\n<li>Manuell\/motoriserad avkastarvagn med inbygg f\u00f6rdelare<\/li>\n<li>V\u00e4derskydd f\u00f6r utomhusplacering<\/li>\n<li>In- och utloppskupor i flera varianter<\/li>\n<\/ul>\n<p>[\/vc_column_text][\/vc_column][\/vc_row]<\/p>\n<\/div>","protected":false},"excerpt":{"rendered":"<div class=\"flex flex-grow flex-col gap-3 max-w-full\">\n<div class=\"min-h-[20px] flex flex-col items-start gap-3 overflow-x-auto whitespace-pre-wrap break-words\">\n<div class=\"markdown prose w-full break-words dark:prose-invert light\">\n<p>Tornum erbjuder modul\u00e4ra bandtransport\u00f6rer tillverkade av varmgalvaniserat st\u00e5l, fr\u00e4mst avsedda f\u00f6r anv\u00e4ndning f\u00f6r spannm\u00e5l och oljev\u00e4xter. Bandtransport\u00f6rerna erbjuder s\u00e4ker och energieffektiv transport med snedst\u00e4llda transportvalsar och flexibilitet i l\u00e4ngder upp till 100 meter samt kapaciteter som str\u00e4cker sig fr\u00e5n 60 till 300 ton\/timme.<\/p>\n<\/div>\n<\/div>\n<\/div>\n","protected":false},"featured_media":11282,"comment_status":"open","ping_status":"closed","template":"","meta":{"_acf_changed":false},"product_brand":[],"product_cat":[213,214,170,215,156,164],"product_tag":[283,284,260,285],"class_list":{"0":"post-14265","1":"product","2":"type-product","3":"status-publish","4":"has-post-thumbnail","6":"product_cat-alla-produkter","7":"product_cat-foder","8":"product_cat-livsmedel-sv","9":"product_cat-spannmal","10":"product_cat-materialhantering","11":"product_cat-bandtransportor","12":"product_tag-bin-sv","13":"product_tag-conveyor-sv","14":"product_tag-dryer-sv","15":"product_tag-transport-sv","16":"description-off","18":"first","19":"instock","20":"shipping-taxable","21":"product-type-simple"},"acf":[],"_links":{"self":[{"href":"https:\/\/www.tornum.com\/sv\/wp-json\/wp\/v2\/product\/14265","targetHints":{"allow":["GET"]}}],"collection":[{"href":"https:\/\/www.tornum.com\/sv\/wp-json\/wp\/v2\/product"}],"about":[{"href":"https:\/\/www.tornum.com\/sv\/wp-json\/wp\/v2\/types\/product"}],"replies":[{"embeddable":true,"href":"https:\/\/www.tornum.com\/sv\/wp-json\/wp\/v2\/comments?post=14265"}],"version-history":[{"count":1,"href":"https:\/\/www.tornum.com\/sv\/wp-json\/wp\/v2\/product\/14265\/revisions"}],"predecessor-version":[{"id":49704,"href":"https:\/\/www.tornum.com\/sv\/wp-json\/wp\/v2\/product\/14265\/revisions\/49704"}],"wp:featuredmedia":[{"embeddable":true,"href":"https:\/\/www.tornum.com\/sv\/wp-json\/wp\/v2\/media\/11282"}],"wp:attachment":[{"href":"https:\/\/www.tornum.com\/sv\/wp-json\/wp\/v2\/media?parent=14265"}],"wp:term":[{"taxonomy":"product_brand","embeddable":true,"href":"https:\/\/www.tornum.com\/sv\/wp-json\/wp\/v2\/product_brand?post=14265"},{"taxonomy":"product_cat","embeddable":true,"href":"https:\/\/www.tornum.com\/sv\/wp-json\/wp\/v2\/product_cat?post=14265"},{"taxonomy":"product_tag","embeddable":true,"href":"https:\/\/www.tornum.com\/sv\/wp-json\/wp\/v2\/product_tag?post=14265"}],"curies":[{"name":"wp","href":"https:\/\/api.w.org\/{rel}","templated":true}]}}