{"id":14266,"date":"2023-05-14T20:21:14","date_gmt":"2023-05-14T20:21:14","guid":{"rendered":"https:\/\/dev.rapid.si\/product\/belt-conveyor-bti\/"},"modified":"2025-07-14T08:51:32","modified_gmt":"2025-07-14T08:51:32","slug":"bandtransportor-bti","status":"publish","type":"product","link":"https:\/\/www.tornum.com\/sv\/produkt\/bandtransportor-bti\/","title":{"rendered":"BANDTRANSPORT\u00d6R BTI"},"content":{"rendered":"<p><strong>B\u00c4TTRE TRNASPORT<\/strong><\/p>\n<p>B\u00e5de bandbredd samt rull- och trumbredd \u00e4r ISO-standardiserade och satta enligt b\u00e4sta praxis i f\u00f6rh\u00e5llande till kapacitet. Spannm\u00e5let f\u00e5r ordentligt plats och bandet har god sidvandringsm\u00e5n. Bandhastigheten \u00e4r givetvis \u00e4ven den satt efter b\u00e4sta praxis och dessutom utrustas transport\u00f6rer som \u00e4r 20 m eller l\u00e4ngre med styrrullst\u00e4ll som ser till att bandstyrningen f\u00f6rb\u00e4ttras p\u00e5 returparten. D\u00e4rtill \u00e4r den centrerade p\u00e5lastningen t\u00e4tad med en PUR-list. Med andra ord, inget spill och stabilare transport av spannm\u00e5let.<\/p>\n<p><b>ENKLARE JUSTERING<br \/>\n<\/b><\/p>\n<p>Sp\u00e4nndelen har en gener\u00f6s justerm\u00e5n vilket minskar behovet av att vulka om bandet efter en tids t\u00f6jning. Rullbredden g\u00f6r dessutom transport\u00f6ren mindre k\u00e4nslig f\u00f6r precision i sj\u00e4lva vulkningen. B\u00e4rrullst\u00e4llen centrerar bandet genom pilning och l\u00e4get p\u00e5 de b\u00e5da b\u00e4rrullarna kan justeras individuellt f\u00f6r mer exakta inst\u00e4llningar av bandg\u00e5ngen och f\u00f6r att justera pilningen vid reversibel drift.<\/p>\n<p><b>ENKELT MONTAGE<br \/>\n<\/b><\/p>\n<p>Som alltid har vi sett till att montaget ska vara l\u00e4tt och smidigt. BTI ing\u00e5r precis som alla Skandia Elevators produkter i ett modulsystem. Det underl\u00e4ttar montering och anpassning tack vare styrda processer och god passform. Det enkla montaget tillsammans med v\u00e5r produktionsteknik hj\u00e4lper till att f\u00e5 en rakare och stabilare maskin redan fr\u00e5n b\u00f6rjan, n\u00e5got som starkt har efterfr\u00e5gats p\u00e5 marknaden.<\/p>\n<p><strong>FLEXIBELT<\/strong><\/p>\n<p>BTI \u00e4r dimensionerad f\u00f6r alla t\u00e4nkbara milj\u00f6er och installationer, b\u00e5de utomhus och inomhus. Sj\u00e4lvb\u00e4rande l\u00e4ngd \u00e4r upp till 6 m. BTI finns i tre olika modeller och varje modell har tv\u00e5 olika kapaciteter. S\u00e5 oavsett storlek kan varje anl\u00e4ggning f\u00e5 en bandtransport\u00f6r som passar perfekt in och inte drar mer energi \u00e4n n\u00f6dv\u00e4ndigt.<\/p>\n<p>&nbsp;<\/p>\n","protected":false},"excerpt":{"rendered":"<p>SKANDIA BANDTRANSPORT\u00d6R BTI erbjuder f\u00f6rb\u00e4ttrad transport med ISO-standardiserad band-, rull- och trumbredd, satta enligt b\u00e4sta praxis i f\u00f6rh\u00e5llande till kapacitet. BTI \u00e4r flexibel med tre modeller, tv\u00e5 kapaciteter och passar alla milj\u00f6er, med upp till 6 meters sj\u00e4lvb\u00e4rande l\u00e4ngd.<\/p>\n","protected":false},"featured_media":11272,"comment_status":"open","ping_status":"closed","template":"","meta":{"_acf_changed":false},"product_brand":[],"product_cat":[213,214,170,215,156,164],"product_tag":[283,284,260,285],"class_list":{"0":"post-14266","1":"product","2":"type-product","3":"status-publish","4":"has-post-thumbnail","6":"product_cat-alla-produkter","7":"product_cat-foder","8":"product_cat-livsmedel-sv","9":"product_cat-spannmal","10":"product_cat-materialhantering","11":"product_cat-bandtransportor","12":"product_tag-bin-sv","13":"product_tag-conveyor-sv","14":"product_tag-dryer-sv","15":"product_tag-transport-sv","16":"description-off","18":"first","19":"instock","20":"shipping-taxable","21":"product-type-simple"},"acf":[],"_links":{"self":[{"href":"https:\/\/www.tornum.com\/sv\/wp-json\/wp\/v2\/product\/14266","targetHints":{"allow":["GET"]}}],"collection":[{"href":"https:\/\/www.tornum.com\/sv\/wp-json\/wp\/v2\/product"}],"about":[{"href":"https:\/\/www.tornum.com\/sv\/wp-json\/wp\/v2\/types\/product"}],"replies":[{"embeddable":true,"href":"https:\/\/www.tornum.com\/sv\/wp-json\/wp\/v2\/comments?post=14266"}],"version-history":[{"count":1,"href":"https:\/\/www.tornum.com\/sv\/wp-json\/wp\/v2\/product\/14266\/revisions"}],"predecessor-version":[{"id":49427,"href":"https:\/\/www.tornum.com\/sv\/wp-json\/wp\/v2\/product\/14266\/revisions\/49427"}],"wp:featuredmedia":[{"embeddable":true,"href":"https:\/\/www.tornum.com\/sv\/wp-json\/wp\/v2\/media\/11272"}],"wp:attachment":[{"href":"https:\/\/www.tornum.com\/sv\/wp-json\/wp\/v2\/media?parent=14266"}],"wp:term":[{"taxonomy":"product_brand","embeddable":true,"href":"https:\/\/www.tornum.com\/sv\/wp-json\/wp\/v2\/product_brand?post=14266"},{"taxonomy":"product_cat","embeddable":true,"href":"https:\/\/www.tornum.com\/sv\/wp-json\/wp\/v2\/product_cat?post=14266"},{"taxonomy":"product_tag","embeddable":true,"href":"https:\/\/www.tornum.com\/sv\/wp-json\/wp\/v2\/product_tag?post=14266"}],"curies":[{"name":"wp","href":"https:\/\/api.w.org\/{rel}","templated":true}]}}