{"id":14267,"date":"2023-05-14T20:19:26","date_gmt":"2023-05-14T20:19:26","guid":{"rendered":"https:\/\/dev.rapid.si\/product\/screw-auger\/"},"modified":"2025-07-31T05:34:20","modified_gmt":"2025-07-31T05:34:20","slug":"screw-auger","status":"publish","type":"product","link":"https:\/\/www.tornum.com\/sv\/produkt\/screw-auger\/","title":{"rendered":"R\u00d6RSKRUV"},"content":{"rendered":"<p>TORNUMs skruvtransport\u00f6r \u00e4r l\u00e4mplig f\u00f6r transport av granul\u00e4ra och pulverformiga material, s\u00e5som spannm\u00e5l, foder, granuler och tr\u00e4pellets. Den kan anv\u00e4ndas vid olika lutningsvinklar f\u00f6r horisontell till vertikal transport. Varje skruvtransport\u00f6r kan anpassas efter det material och den kapacitet som kr\u00e4vs.<\/p>\n<p>Principen f\u00f6r skruvtransport\u00f6ren \u00e4r en spiralformig skruv med en central axel som arbetar inuti ett st\u00e5lr\u00f6r. R\u00f6rsystemet best\u00e5r av en kombination av fasta standardl\u00e4ngder som monteras samman f\u00f6r att bilda en komplett transport\u00f6r med \u00f6nskad l\u00e4ngd.<\/p>\n<p>Det finns tv\u00e5 huvudtyper av drivenheter: antingen s.k. direkt drivning d\u00e4r motorn \u00e4r direkt ansluten till skruven med endast en koppling emellan, eller \u00f6ppen transmission med kedja eller kilrem.<\/p>\n","protected":false},"excerpt":{"rendered":"<p>TORNUMs r\u00f6rskruv \u00e4r l\u00e4mpad f\u00f6r transport av korn- och pulverformiga material, till exempel spannm\u00e5l, foder, granulat och tr\u00e4pellets. Den kan anv\u00e4ndas i olika lutningsvinklar fr\u00e5n v\u00e5gr\u00e4t till lodr\u00e4t transport. Varje skruvtransport\u00f6r kan anpassas efter det material och den kapacitet som kr\u00e4vs.<\/p>\n","protected":false},"featured_media":11259,"comment_status":"open","ping_status":"closed","template":"","meta":{"_acf_changed":false},"product_brand":[],"product_cat":[213,214,170,215,156,161],"product_tag":[293,285],"class_list":{"0":"post-14267","1":"product","2":"type-product","3":"status-publish","4":"has-post-thumbnail","6":"product_cat-alla-produkter","7":"product_cat-foder","8":"product_cat-livsmedel-sv","9":"product_cat-spannmal","10":"product_cat-materialhantering","11":"product_cat-transportskruvar","12":"product_tag-storage-sv","13":"product_tag-transport-sv","14":"description-off","16":"first","17":"instock","18":"shipping-taxable","19":"product-type-simple"},"acf":[],"_links":{"self":[{"href":"https:\/\/www.tornum.com\/sv\/wp-json\/wp\/v2\/product\/14267","targetHints":{"allow":["GET"]}}],"collection":[{"href":"https:\/\/www.tornum.com\/sv\/wp-json\/wp\/v2\/product"}],"about":[{"href":"https:\/\/www.tornum.com\/sv\/wp-json\/wp\/v2\/types\/product"}],"replies":[{"embeddable":true,"href":"https:\/\/www.tornum.com\/sv\/wp-json\/wp\/v2\/comments?post=14267"}],"version-history":[{"count":1,"href":"https:\/\/www.tornum.com\/sv\/wp-json\/wp\/v2\/product\/14267\/revisions"}],"predecessor-version":[{"id":50611,"href":"https:\/\/www.tornum.com\/sv\/wp-json\/wp\/v2\/product\/14267\/revisions\/50611"}],"wp:featuredmedia":[{"embeddable":true,"href":"https:\/\/www.tornum.com\/sv\/wp-json\/wp\/v2\/media\/11259"}],"wp:attachment":[{"href":"https:\/\/www.tornum.com\/sv\/wp-json\/wp\/v2\/media?parent=14267"}],"wp:term":[{"taxonomy":"product_brand","embeddable":true,"href":"https:\/\/www.tornum.com\/sv\/wp-json\/wp\/v2\/product_brand?post=14267"},{"taxonomy":"product_cat","embeddable":true,"href":"https:\/\/www.tornum.com\/sv\/wp-json\/wp\/v2\/product_cat?post=14267"},{"taxonomy":"product_tag","embeddable":true,"href":"https:\/\/www.tornum.com\/sv\/wp-json\/wp\/v2\/product_tag?post=14267"}],"curies":[{"name":"wp","href":"https:\/\/api.w.org\/{rel}","templated":true}]}}