{"id":14268,"date":"2023-05-14T20:17:35","date_gmt":"2023-05-14T20:17:35","guid":{"rendered":"https:\/\/dev.rapid.si\/product\/u-trough-screw-auger-rsu\/"},"modified":"2025-07-14T08:16:59","modified_gmt":"2025-07-14T08:16:59","slug":"u-trough-screw-auger-rsu","status":"publish","type":"product","link":"https:\/\/www.tornum.com\/sv\/produkt\/u-trough-screw-auger-rsu\/","title":{"rendered":"U-SKRUV RSU"},"content":{"rendered":"<h3>TORNUM\u2019S U-SKRUV RSU<\/h3>\n<p>RSU \u00e4r frib\u00e4rande, spiralen \u00e4r svetsad p\u00e5 ett kraftigt centralr\u00f6r. Dessutom har Svea RSU specialkonstruerade mellanlager f\u00f6r att ge minsta m\u00f6jliga motst\u00e5nd.<\/p>\n<p>RSU har en kompakt drivenhet f\u00f6r direktdrift med sn\u00e4ckv\u00e4xel. Det blir b\u00e5de underh\u00e5llsfritt och enkelt att montera. Regnskydd f\u00f6r drivenhet och skarvar finns som tillbeh\u00f6r.<\/p>\n<ul>\n<li>Flexibelt byggsystem<\/li>\n<li>Snabbt och enkelt montage<\/li>\n<li>Stor kapacitet, upp till 80 ton\/timme<\/li>\n<li>Robust konstruktion med h\u00f6g finish och kvalitet<\/li>\n<\/ul>\n","protected":false},"excerpt":{"rendered":"<p>RSU \u00e4r anpassningsbar till alla typer av anl\u00e4ggningar och kan f\u00f6rutom spannm\u00e5l anv\u00e4ndas f\u00f6r transport av alla slags granulerade, pulverformiga och pelleterade material.<\/p>\n","protected":false},"featured_media":18210,"comment_status":"open","ping_status":"closed","template":"","meta":{"_acf_changed":false},"product_brand":[],"product_cat":[213,214,170,215,156,161],"product_tag":[293,285],"class_list":{"0":"post-14268","1":"product","2":"type-product","3":"status-publish","4":"has-post-thumbnail","6":"product_cat-alla-produkter","7":"product_cat-foder","8":"product_cat-livsmedel-sv","9":"product_cat-spannmal","10":"product_cat-materialhantering","11":"product_cat-transportskruvar","12":"product_tag-storage-sv","13":"product_tag-transport-sv","14":"description-off","16":"first","17":"instock","18":"shipping-taxable","19":"product-type-simple"},"acf":[],"_links":{"self":[{"href":"https:\/\/www.tornum.com\/sv\/wp-json\/wp\/v2\/product\/14268","targetHints":{"allow":["GET"]}}],"collection":[{"href":"https:\/\/www.tornum.com\/sv\/wp-json\/wp\/v2\/product"}],"about":[{"href":"https:\/\/www.tornum.com\/sv\/wp-json\/wp\/v2\/types\/product"}],"replies":[{"embeddable":true,"href":"https:\/\/www.tornum.com\/sv\/wp-json\/wp\/v2\/comments?post=14268"}],"version-history":[{"count":1,"href":"https:\/\/www.tornum.com\/sv\/wp-json\/wp\/v2\/product\/14268\/revisions"}],"predecessor-version":[{"id":49668,"href":"https:\/\/www.tornum.com\/sv\/wp-json\/wp\/v2\/product\/14268\/revisions\/49668"}],"wp:featuredmedia":[{"embeddable":true,"href":"https:\/\/www.tornum.com\/sv\/wp-json\/wp\/v2\/media\/18210"}],"wp:attachment":[{"href":"https:\/\/www.tornum.com\/sv\/wp-json\/wp\/v2\/media?parent=14268"}],"wp:term":[{"taxonomy":"product_brand","embeddable":true,"href":"https:\/\/www.tornum.com\/sv\/wp-json\/wp\/v2\/product_brand?post=14268"},{"taxonomy":"product_cat","embeddable":true,"href":"https:\/\/www.tornum.com\/sv\/wp-json\/wp\/v2\/product_cat?post=14268"},{"taxonomy":"product_tag","embeddable":true,"href":"https:\/\/www.tornum.com\/sv\/wp-json\/wp\/v2\/product_tag?post=14268"}],"curies":[{"name":"wp","href":"https:\/\/api.w.org\/{rel}","templated":true}]}}