{"id":14269,"date":"2023-05-14T20:14:44","date_gmt":"2023-05-14T20:14:44","guid":{"rendered":"https:\/\/dev.rapid.si\/product\/sweep-out-permanent\/"},"modified":"2024-02-13T06:45:56","modified_gmt":"2024-02-13T06:45:56","slug":"sweep-out-permanent","status":"publish","type":"product","link":"https:\/\/www.tornum.com\/sv\/produkt\/sweep-out-permanent\/","title":{"rendered":"TORNUM SWEEP OUT PERMANENT SVEPERSKRUV"},"content":{"rendered":"<div class=\"wpb-content-wrapper\"><p>[vc_row][vc_column width=&#8221;2\/3&#8243;][vc_column_text]<\/p>\n<h3><strong>TORNUM SWEEP OUT PERMANENT<\/strong><\/h3>\n<p>TORNUMs sveperskruv f\u00f6r fast montage i silo. Sveperskruven best\u00e5r av en drivenhet, f\u00f6rl\u00e4ngningar i standardiserade l\u00e4ngder och avslutning med kedjedrivning och drivhjul. Sveperskruven finns i ett antal standardl\u00e4ngder men kan f\u00e5s i andra l\u00e4ngder med maximal l\u00e4ngd 9,7 m.<\/p>\n<p>Maximal kapacitet 60 ton\/h.[\/vc_column_text][\/vc_column][vc_column width=&#8221;1\/3&#8243;][vc_column_text]<strong>UPPBYGGNAD OCH FUNKTION<\/strong><br \/>\n\u2022 Sn\u00e4ckv\u00e4xeldrift.<br \/>\n\u2022 Balk i pulverlackerad pl\u00e5t.<br \/>\n\u2022 Balken \u00e4r justerbar i l\u00e4ngd \u00b1100 mm.[\/vc_column_text][\/vc_column][\/vc_row]<\/p>\n<\/div>","protected":false},"excerpt":{"rendered":"<p>TORNUMs sveperskruv f\u00f6r fast montage i silo. Sveperskruven finns i ett antal standardl\u00e4ngder men kan f\u00e5s i andra l\u00e4ngder med maximal l\u00e4ngd 9,7 m.<\/p>\n","protected":false},"featured_media":11239,"comment_status":"open","ping_status":"closed","template":"","meta":{"_acf_changed":false},"product_brand":[],"product_cat":[213,215,156,159,161,162],"product_tag":[293,285],"class_list":{"0":"post-14269","1":"product","2":"type-product","3":"status-publish","4":"has-post-thumbnail","6":"product_cat-alla-produkter","7":"product_cat-spannmal","8":"product_cat-materialhantering","9":"product_cat-siloutmatning","10":"product_cat-transportskruvar","11":"product_cat-svepertransportorer","12":"product_tag-storage-sv","13":"product_tag-transport-sv","14":"description-off","16":"first","17":"instock","18":"shipping-taxable","19":"product-type-simple"},"acf":[],"_links":{"self":[{"href":"https:\/\/www.tornum.com\/sv\/wp-json\/wp\/v2\/product\/14269","targetHints":{"allow":["GET"]}}],"collection":[{"href":"https:\/\/www.tornum.com\/sv\/wp-json\/wp\/v2\/product"}],"about":[{"href":"https:\/\/www.tornum.com\/sv\/wp-json\/wp\/v2\/types\/product"}],"replies":[{"embeddable":true,"href":"https:\/\/www.tornum.com\/sv\/wp-json\/wp\/v2\/comments?post=14269"}],"version-history":[{"count":0,"href":"https:\/\/www.tornum.com\/sv\/wp-json\/wp\/v2\/product\/14269\/revisions"}],"wp:featuredmedia":[{"embeddable":true,"href":"https:\/\/www.tornum.com\/sv\/wp-json\/wp\/v2\/media\/11239"}],"wp:attachment":[{"href":"https:\/\/www.tornum.com\/sv\/wp-json\/wp\/v2\/media?parent=14269"}],"wp:term":[{"taxonomy":"product_brand","embeddable":true,"href":"https:\/\/www.tornum.com\/sv\/wp-json\/wp\/v2\/product_brand?post=14269"},{"taxonomy":"product_cat","embeddable":true,"href":"https:\/\/www.tornum.com\/sv\/wp-json\/wp\/v2\/product_cat?post=14269"},{"taxonomy":"product_tag","embeddable":true,"href":"https:\/\/www.tornum.com\/sv\/wp-json\/wp\/v2\/product_tag?post=14269"}],"curies":[{"name":"wp","href":"https:\/\/api.w.org\/{rel}","templated":true}]}}