{"id":14270,"date":"2023-05-14T20:11:38","date_gmt":"2023-05-14T20:11:38","guid":{"rendered":"https:\/\/dev.rapid.si\/product\/combi-sweep\/"},"modified":"2023-12-19T10:33:33","modified_gmt":"2023-12-19T10:33:33","slug":"combi-sweep","status":"publish","type":"product","link":"https:\/\/www.tornum.com\/sv\/produkt\/combi-sweep\/","title":{"rendered":"COMBI SWEEP"},"content":{"rendered":"<div class=\"wpb-content-wrapper\"><p>[vc_row][vc_column width=&#8221;2\/3&#8243;][vc_column_text]<\/p>\n<h3><strong>TORNUM COMBI SWEEP<\/strong><\/h3>\n<p>Combi Sweep \u00e4r en kombinerad utlastningsskruv med sveperskruv f\u00f6r direktutlastning fr\u00e5n silo till exempelvis lastbil. Combi Sweep best\u00e5r av en horisontell och en vertikal skruv som \u00e4r sammankopplade, samt en permanent skruv f\u00f6r slutt\u00f6mning av rundsilon. Varje skruv har sin separata drivning. Utlastningsskruven finns i ett antal standardl\u00e4ngder men kan f\u00e5s i andra l\u00e4ngder med maximal l\u00e4ngd 11,6 m och maximal h\u00f6jd 4,7 m. Maximal kapacitet 80 ton\/h.[\/vc_column_text][\/vc_column][vc_column width=&#8221;1\/3&#8243;][vc_column_text]<strong>Uppbyggnad och funktion<\/strong><\/p>\n<ul>\n<li>R\u00f6r och drivning i galvaniserad pl\u00e5t, \u00f6vriga delar pulverlackerade<\/li>\n<li>Drivenhet med automatisk kedjesp\u00e4nning.<\/li>\n<li>Tv\u00e5 versioner; horisontell och vertikal, som p\u00e5 bilden, eller endast horisontellt utf\u00f6rande.<\/li>\n<\/ul>\n<p>[\/vc_column_text][\/vc_column][\/vc_row]<\/p>\n<\/div>","protected":false},"excerpt":{"rendered":"<p>Tornums Combi Sweep \u00e4r ett integrerat system som kombinerar en utlastningsskruv med en sveperskruv och m\u00f6jligg\u00f6r direkt \u00f6verf\u00f6ring av material fr\u00e5n en silo till exempelvis en lastbil.<\/p>\n","protected":false},"featured_media":11229,"comment_status":"open","ping_status":"closed","template":"","meta":{"_acf_changed":false},"product_brand":[],"product_cat":[213,215,156,159,161],"product_tag":[284,224,293,285],"class_list":{"0":"post-14270","1":"product","2":"type-product","3":"status-publish","4":"has-post-thumbnail","6":"product_cat-alla-produkter","7":"product_cat-spannmal","8":"product_cat-materialhantering","9":"product_cat-siloutmatning","10":"product_cat-transportskruvar","11":"product_tag-conveyor-sv","12":"product_tag-silo-sv","13":"product_tag-storage-sv","14":"product_tag-transport-sv","15":"description-off","17":"first","18":"instock","19":"shipping-taxable","20":"product-type-simple"},"acf":[],"_links":{"self":[{"href":"https:\/\/www.tornum.com\/sv\/wp-json\/wp\/v2\/product\/14270","targetHints":{"allow":["GET"]}}],"collection":[{"href":"https:\/\/www.tornum.com\/sv\/wp-json\/wp\/v2\/product"}],"about":[{"href":"https:\/\/www.tornum.com\/sv\/wp-json\/wp\/v2\/types\/product"}],"replies":[{"embeddable":true,"href":"https:\/\/www.tornum.com\/sv\/wp-json\/wp\/v2\/comments?post=14270"}],"version-history":[{"count":0,"href":"https:\/\/www.tornum.com\/sv\/wp-json\/wp\/v2\/product\/14270\/revisions"}],"wp:featuredmedia":[{"embeddable":true,"href":"https:\/\/www.tornum.com\/sv\/wp-json\/wp\/v2\/media\/11229"}],"wp:attachment":[{"href":"https:\/\/www.tornum.com\/sv\/wp-json\/wp\/v2\/media?parent=14270"}],"wp:term":[{"taxonomy":"product_brand","embeddable":true,"href":"https:\/\/www.tornum.com\/sv\/wp-json\/wp\/v2\/product_brand?post=14270"},{"taxonomy":"product_cat","embeddable":true,"href":"https:\/\/www.tornum.com\/sv\/wp-json\/wp\/v2\/product_cat?post=14270"},{"taxonomy":"product_tag","embeddable":true,"href":"https:\/\/www.tornum.com\/sv\/wp-json\/wp\/v2\/product_tag?post=14270"}],"curies":[{"name":"wp","href":"https:\/\/api.w.org\/{rel}","templated":true}]}}