{"id":14271,"date":"2023-05-14T20:09:44","date_gmt":"2023-05-14T20:09:44","guid":{"rendered":"https:\/\/dev.rapid.si\/product\/sweep-out\/"},"modified":"2024-02-13T06:41:28","modified_gmt":"2024-02-13T06:41:28","slug":"sweep-out","status":"publish","type":"product","link":"https:\/\/www.tornum.com\/sv\/produkt\/sweep-out\/","title":{"rendered":"SWEEP OUT"},"content":{"rendered":"<h3>SWEEP OUT<\/h3>\n<p>Sweep Out \u00e4r en flyttbar sveperskruv f\u00f6r slutt\u00f6mning av rundsilos. Sweep Out \u00e4r svensktillverkad i en f\u00f6r \u00e4ndam\u00e5let robust konstruktion. Dess l\u00e4tthanterliga utf\u00f6rande med b\u00e4rhantag m\u00f6jligg\u00f6r enkel f\u00f6rflyttning fr\u00e5n silo till silo. Maximal kapacitet 25 ton\/h.<\/p>\n<p><strong>UPPBYGGNAD OCH FUNKTION<\/strong><br \/>\n\u2022 Drivs av en direktmonterad sn\u00e4ckv\u00e4xel (eliminerar brandrisk och underh\u00e5ll).<br \/>\n\u2022 Finns f\u00f6r silos med diameter fr\u00e5n 4 meter till 15 meter och m\u00e5ttanpassas f\u00f6r att passa i alla modeller av rundsilos.<\/p>\n","protected":false},"excerpt":{"rendered":"<p>Sweep Out \u00e4r en flyttbar sveperskruv f\u00f6r slutt\u00f6mning av rundsilos. Sweep Out \u00e4r svensktillverkad i en f\u00f6r \u00e4ndam\u00e5let robust konstruktion. Dess l\u00e4tthanterliga utf\u00f6rande med b\u00e4rhantag m\u00f6jligg\u00f6r enkel f\u00f6rflyttning fr\u00e5n silo till silo. Maximal kapacitet 25 ton\/h.<\/p>\n","protected":false},"featured_media":11222,"comment_status":"open","ping_status":"closed","template":"","meta":{"_acf_changed":false},"product_brand":[],"product_cat":[213,215,156,159,161,162],"product_tag":[293,285],"class_list":{"0":"post-14271","1":"product","2":"type-product","3":"status-publish","4":"has-post-thumbnail","6":"product_cat-alla-produkter","7":"product_cat-spannmal","8":"product_cat-materialhantering","9":"product_cat-siloutmatning","10":"product_cat-transportskruvar","11":"product_cat-svepertransportorer","12":"product_tag-storage-sv","13":"product_tag-transport-sv","14":"description-off","16":"first","17":"instock","18":"shipping-taxable","19":"product-type-simple"},"acf":[],"_links":{"self":[{"href":"https:\/\/www.tornum.com\/sv\/wp-json\/wp\/v2\/product\/14271","targetHints":{"allow":["GET"]}}],"collection":[{"href":"https:\/\/www.tornum.com\/sv\/wp-json\/wp\/v2\/product"}],"about":[{"href":"https:\/\/www.tornum.com\/sv\/wp-json\/wp\/v2\/types\/product"}],"replies":[{"embeddable":true,"href":"https:\/\/www.tornum.com\/sv\/wp-json\/wp\/v2\/comments?post=14271"}],"version-history":[{"count":0,"href":"https:\/\/www.tornum.com\/sv\/wp-json\/wp\/v2\/product\/14271\/revisions"}],"wp:featuredmedia":[{"embeddable":true,"href":"https:\/\/www.tornum.com\/sv\/wp-json\/wp\/v2\/media\/11222"}],"wp:attachment":[{"href":"https:\/\/www.tornum.com\/sv\/wp-json\/wp\/v2\/media?parent=14271"}],"wp:term":[{"taxonomy":"product_brand","embeddable":true,"href":"https:\/\/www.tornum.com\/sv\/wp-json\/wp\/v2\/product_brand?post=14271"},{"taxonomy":"product_cat","embeddable":true,"href":"https:\/\/www.tornum.com\/sv\/wp-json\/wp\/v2\/product_cat?post=14271"},{"taxonomy":"product_tag","embeddable":true,"href":"https:\/\/www.tornum.com\/sv\/wp-json\/wp\/v2\/product_tag?post=14271"}],"curies":[{"name":"wp","href":"https:\/\/api.w.org\/{rel}","templated":true}]}}