{"id":14272,"date":"2023-05-14T20:07:50","date_gmt":"2023-05-14T20:07:50","guid":{"rendered":"https:\/\/dev.rapid.si\/product\/sweep-conveyor-ktis\/"},"modified":"2025-07-09T14:14:32","modified_gmt":"2025-07-09T14:14:32","slug":"sweep-conveyor-ktis","status":"publish","type":"product","link":"https:\/\/www.tornum.com\/sv\/produkt\/sweep-conveyor-ktis\/","title":{"rendered":"SVEPERTRANSPORT\u00d6R KTIS"},"content":{"rendered":"<h3>SKANDIA SVEPERTRANSPORT KTIS<\/h3>\n<p>Svepertransport\u00f6ren KTIS transporterar material ut ur en silo och till en bottentransport\u00f6r. Den kan\u00a0k\u00f6ras utan att fril\u00e4ggas och den \u00e4r utrustad med en borste som g\u00f6r att bara en ytterst liten m\u00e4ngd<br \/>\nspannm\u00e5l blir kvar i silon.<\/p>\n<p>KTIS \u00e4r tillverkad av galvaniserad pl\u00e5t och i enlighet med EU:s Maskindirektiv. KTIS \u00e4r klassificerad som en Kategori II 0D\/OD transport\u00f6r, avsedd att transportera granulerat eller pulveriserat material som \u00e4r oklassificerat.<\/p>\n<p>KTIS svepertransport\u00f6r \u00e4r kapacitetsm\u00e4ssigt anpassad till att t\u00f6mma spannm\u00e5l fr\u00e5n silo till en Skandia bottentransport\u00f6r. Nedanst\u00e5ende kapaciteter i t\/h g\u00e4ller f\u00f6r spannm\u00e5l med vattenhalt 15 % samt volymvikt 750 kg\/m\u00b3. Kapaciteten p\u00e5verkas procentuellt lika mycket som vinkelkuggv\u00e4xelmotorns varvtal f\u00f6r\u00e4ndras.<\/p>\n<p>Inkoppling av maskinen sker via kabel med stickkontakt. Sl\u00e4pringsdon kan f\u00e5s som tillbeh\u00f6r mot extra kostnad.<\/p>\n","protected":false},"excerpt":{"rendered":"<p>Svepertransport\u00f6ren KTIS transporterar material ut ur en silo och till en bottentransport\u00f6r. Den kan\u00a0k\u00f6ras utan att fril\u00e4ggas och den \u00e4r utrustad med en borste som g\u00f6r att bara en ytterst liten m\u00e4ngd<br \/>\nspannm\u00e5l blir kvar i silon.<\/p>\n","protected":false},"featured_media":11206,"comment_status":"open","ping_status":"closed","template":"","meta":{"_acf_changed":false},"product_brand":[],"product_cat":[213,215,156,157,159,162],"product_tag":[293,285],"class_list":{"0":"post-14272","1":"product","2":"type-product","3":"status-publish","4":"has-post-thumbnail","6":"product_cat-alla-produkter","7":"product_cat-spannmal","8":"product_cat-materialhantering","9":"product_cat-transportorer","10":"product_cat-siloutmatning","11":"product_cat-svepertransportorer","12":"product_tag-storage-sv","13":"product_tag-transport-sv","14":"description-off","16":"first","17":"instock","18":"shipping-taxable","19":"product-type-simple"},"acf":[],"_links":{"self":[{"href":"https:\/\/www.tornum.com\/sv\/wp-json\/wp\/v2\/product\/14272","targetHints":{"allow":["GET"]}}],"collection":[{"href":"https:\/\/www.tornum.com\/sv\/wp-json\/wp\/v2\/product"}],"about":[{"href":"https:\/\/www.tornum.com\/sv\/wp-json\/wp\/v2\/types\/product"}],"replies":[{"embeddable":true,"href":"https:\/\/www.tornum.com\/sv\/wp-json\/wp\/v2\/comments?post=14272"}],"version-history":[{"count":1,"href":"https:\/\/www.tornum.com\/sv\/wp-json\/wp\/v2\/product\/14272\/revisions"}],"predecessor-version":[{"id":48761,"href":"https:\/\/www.tornum.com\/sv\/wp-json\/wp\/v2\/product\/14272\/revisions\/48761"}],"wp:featuredmedia":[{"embeddable":true,"href":"https:\/\/www.tornum.com\/sv\/wp-json\/wp\/v2\/media\/11206"}],"wp:attachment":[{"href":"https:\/\/www.tornum.com\/sv\/wp-json\/wp\/v2\/media?parent=14272"}],"wp:term":[{"taxonomy":"product_brand","embeddable":true,"href":"https:\/\/www.tornum.com\/sv\/wp-json\/wp\/v2\/product_brand?post=14272"},{"taxonomy":"product_cat","embeddable":true,"href":"https:\/\/www.tornum.com\/sv\/wp-json\/wp\/v2\/product_cat?post=14272"},{"taxonomy":"product_tag","embeddable":true,"href":"https:\/\/www.tornum.com\/sv\/wp-json\/wp\/v2\/product_tag?post=14272"}],"curies":[{"name":"wp","href":"https:\/\/api.w.org\/{rel}","templated":true}]}}