{"id":14273,"date":"2023-05-14T20:04:48","date_gmt":"2023-05-14T20:04:48","guid":{"rendered":"https:\/\/dev.rapid.si\/product\/spirogyre-sweep-auger\/"},"modified":"2025-07-31T05:47:48","modified_gmt":"2025-07-31T05:47:48","slug":"spirogyre-sweep-auger","status":"publish","type":"product","link":"https:\/\/www.tornum.com\/sv\/produkt\/spirogyre-sweep-auger\/","title":{"rendered":"SPIROGYRE SVEPERSKRUV"},"content":{"rendered":"<h3>MORILLON SPIROGYRE<\/h3>\n<p>Spirogyre \u00e4r en robust sveperskruv som m\u00f6ter kraven som st\u00e4lls f\u00f6r industriellt bruk. De finns f\u00f6r silos med diameter fr\u00e5n 5 till 35 meter. Spyrogyre finns i tv\u00e5 modeller, S med \u00f6verliggande sn\u00e4ckv\u00e4xelmotor och SCD med underliggande motor som ger en s\u00e4krare drift och service\u00e5tkomst. Framdriften i silon sker via en transmission med ett gummibelagt ribbhjul f\u00f6r en s\u00e4ker drift. Spirogyre sveperskruvar finns i fem modeller med kapacitet fr\u00e5n 25-300 t\/h.<\/p>\n","protected":false},"excerpt":{"rendered":"<p>Spirogyre \u00e4r en robust sveperskruv som m\u00f6ter kraven som st\u00e4lls f\u00f6r industriellt bruk. De finns f\u00f6r silos med diameter fr\u00e5n 5 till 35 meter.<\/p>\n","protected":false},"featured_media":16240,"comment_status":"open","ping_status":"closed","template":"","meta":{"_acf_changed":false},"product_brand":[],"product_cat":[213,215,156,159,161,162],"product_tag":[293,285],"class_list":{"0":"post-14273","1":"product","2":"type-product","3":"status-publish","4":"has-post-thumbnail","6":"product_cat-alla-produkter","7":"product_cat-spannmal","8":"product_cat-materialhantering","9":"product_cat-siloutmatning","10":"product_cat-transportskruvar","11":"product_cat-svepertransportorer","12":"product_tag-storage-sv","13":"product_tag-transport-sv","14":"description-off","16":"first","17":"instock","18":"shipping-taxable","19":"product-type-simple"},"acf":[],"_links":{"self":[{"href":"https:\/\/www.tornum.com\/sv\/wp-json\/wp\/v2\/product\/14273","targetHints":{"allow":["GET"]}}],"collection":[{"href":"https:\/\/www.tornum.com\/sv\/wp-json\/wp\/v2\/product"}],"about":[{"href":"https:\/\/www.tornum.com\/sv\/wp-json\/wp\/v2\/types\/product"}],"replies":[{"embeddable":true,"href":"https:\/\/www.tornum.com\/sv\/wp-json\/wp\/v2\/comments?post=14273"}],"version-history":[{"count":1,"href":"https:\/\/www.tornum.com\/sv\/wp-json\/wp\/v2\/product\/14273\/revisions"}],"predecessor-version":[{"id":50621,"href":"https:\/\/www.tornum.com\/sv\/wp-json\/wp\/v2\/product\/14273\/revisions\/50621"}],"wp:featuredmedia":[{"embeddable":true,"href":"https:\/\/www.tornum.com\/sv\/wp-json\/wp\/v2\/media\/16240"}],"wp:attachment":[{"href":"https:\/\/www.tornum.com\/sv\/wp-json\/wp\/v2\/media?parent=14273"}],"wp:term":[{"taxonomy":"product_brand","embeddable":true,"href":"https:\/\/www.tornum.com\/sv\/wp-json\/wp\/v2\/product_brand?post=14273"},{"taxonomy":"product_cat","embeddable":true,"href":"https:\/\/www.tornum.com\/sv\/wp-json\/wp\/v2\/product_cat?post=14273"},{"taxonomy":"product_tag","embeddable":true,"href":"https:\/\/www.tornum.com\/sv\/wp-json\/wp\/v2\/product_tag?post=14273"}],"curies":[{"name":"wp","href":"https:\/\/api.w.org\/{rel}","templated":true}]}}