{"id":14274,"date":"2023-05-14T20:02:43","date_gmt":"2023-05-14T20:02:43","guid":{"rendered":"https:\/\/dev.rapid.si\/product\/sweep-auger-cst\/"},"modified":"2025-07-31T05:55:48","modified_gmt":"2025-07-31T05:55:48","slug":"sweep-auger-cst","status":"publish","type":"product","link":"https:\/\/www.tornum.com\/sv\/produkt\/sweep-auger-cst\/","title":{"rendered":"SVEPERSKRUV CST"},"content":{"rendered":"<h3>SVEPERSKRUV CST<\/h3>\n<p>CST-svepskruvar \u00e4r tillverkade f\u00f6r att passa ett brett sortiment av olika silo-storlekar och \u00e4r konstruerade f\u00f6r att monteras permanent i silon och kan anv\u00e4ndas med fritt flytande granulat material. Tre kapaciteter finns tillg\u00e4ngliga och den direktkopplade v\u00e4xell\u00e5dan kan monteras antingen i silon eller i kulverten under silon.<\/p>\n<p><strong>SVEPERSKRUV\u00a0CST<\/strong><\/p>\n<p>En kompakt, permanent svepskruv med toppskydd, direktv\u00e4xell\u00e5da, glidring och framdrivning med g\u00e5ngplattor som \u00e4r tillg\u00e4ngliga med kapacitet fr\u00e5n 30 till 50 t\/h och \u00e4r l\u00e4mpliga f\u00f6r silos med modeller fr\u00e5n FP06 till FP18, dessa g\u00e5r att f\u00e5 med ATEX standard.\u00a0 Toppskyddet och monteringsramen \u00e4r galvaniserade.<\/p>\n<p><strong>SVEPERSKRUV CSTF<\/strong><\/p>\n<p>CSTF permanent svepskruv har ett m\u00e5lat toppskydd med skruvfl\u00e4nsanslutningar, direktv\u00e4xell\u00e5da, glidring och framdrivning med g\u00e5ngplattor som finns i kapaciteter fr\u00e5n 30 till 50 t\/h och \u00e4r l\u00e4mpliga f\u00f6r silos med modeller fr\u00e5n FP18 till FP26 dessa g\u00e5r att f\u00e5 med ATEX standard. Monteringsramen \u00e4r galvaniserad.<\/p>\n<p><strong>SVEPERSKRUV\u00a0 CSTFR \/ CSTFRH<\/strong><\/p>\n<p>Drivaggregatet \u00e4r monterat p\u00e5 en m\u00e5lad central st\u00f6dram\u00a0och g\u00e5r att f\u00e5 med ATEX standard.\u00a0\u00a0CSTFR har ocks\u00e5 en kapacitet p\u00e5 30 till 50 t h och \u00e4r l\u00e4mplig f\u00f6r silomodeller fr\u00e5n FP20 till FP26. Den \u00e4r speciellt designad f\u00f6r paddyris och har ett gummihjul f\u00f6r framdrivning.<\/p>\n","protected":false},"excerpt":{"rendered":"<p>CST-svepskruvar \u00e4r tillverkade f\u00f6r att passa ett brett sortiment av olika silo-storlekar och \u00e4r konstruerade f\u00f6r att monteras permanent i silon och kan anv\u00e4ndas med fritt flytande granulat material.\u00a0Tre kapaciteter finns tillg\u00e4ngliga och den direktkopplade v\u00e4xell\u00e5dan kan monteras antingen i silon eller i kulverten under silon.<\/p>\n","protected":false},"featured_media":11172,"comment_status":"open","ping_status":"closed","template":"","meta":{"_acf_changed":false},"product_brand":[],"product_cat":[213,215,156,161,162],"product_tag":[293,285],"class_list":{"0":"post-14274","1":"product","2":"type-product","3":"status-publish","4":"has-post-thumbnail","6":"product_cat-alla-produkter","7":"product_cat-spannmal","8":"product_cat-materialhantering","9":"product_cat-transportskruvar","10":"product_cat-svepertransportorer","11":"product_tag-storage-sv","12":"product_tag-transport-sv","13":"description-off","15":"first","16":"instock","17":"shipping-taxable","18":"product-type-simple"},"acf":[],"_links":{"self":[{"href":"https:\/\/www.tornum.com\/sv\/wp-json\/wp\/v2\/product\/14274","targetHints":{"allow":["GET"]}}],"collection":[{"href":"https:\/\/www.tornum.com\/sv\/wp-json\/wp\/v2\/product"}],"about":[{"href":"https:\/\/www.tornum.com\/sv\/wp-json\/wp\/v2\/types\/product"}],"replies":[{"embeddable":true,"href":"https:\/\/www.tornum.com\/sv\/wp-json\/wp\/v2\/comments?post=14274"}],"version-history":[{"count":1,"href":"https:\/\/www.tornum.com\/sv\/wp-json\/wp\/v2\/product\/14274\/revisions"}],"predecessor-version":[{"id":50632,"href":"https:\/\/www.tornum.com\/sv\/wp-json\/wp\/v2\/product\/14274\/revisions\/50632"}],"wp:featuredmedia":[{"embeddable":true,"href":"https:\/\/www.tornum.com\/sv\/wp-json\/wp\/v2\/media\/11172"}],"wp:attachment":[{"href":"https:\/\/www.tornum.com\/sv\/wp-json\/wp\/v2\/media?parent=14274"}],"wp:term":[{"taxonomy":"product_brand","embeddable":true,"href":"https:\/\/www.tornum.com\/sv\/wp-json\/wp\/v2\/product_brand?post=14274"},{"taxonomy":"product_cat","embeddable":true,"href":"https:\/\/www.tornum.com\/sv\/wp-json\/wp\/v2\/product_cat?post=14274"},{"taxonomy":"product_tag","embeddable":true,"href":"https:\/\/www.tornum.com\/sv\/wp-json\/wp\/v2\/product_tag?post=14274"}],"curies":[{"name":"wp","href":"https:\/\/api.w.org\/{rel}","templated":true}]}}