{"id":14279,"date":"2023-05-14T19:47:39","date_gmt":"2023-05-14T19:47:39","guid":{"rendered":"https:\/\/dev.rapid.si\/product\/i-line-conveyors\/"},"modified":"2025-07-31T14:16:01","modified_gmt":"2025-07-31T14:16:01","slug":"i-line-conveyors","status":"publish","type":"product","link":"https:\/\/www.tornum.com\/sv\/produkt\/i-line-conveyors\/","title":{"rendered":"TRANSPORT\u00d6RER I-LINE"},"content":{"rendered":"<p>Denna produktlinje, dedikerad f\u00f6r spannm\u00e5lsindustrin samt medelstora till stora g\u00e5rdar med behov av regelbunden anv\u00e4ndning \u00e5ret runt, \u00e4r tillg\u00e4nglig f\u00f6r kapaciteter mellan 40 &#8211; 150 ton per timme. Hela utbudet inkluderar vertikal, horisontell, kurvad och lutande transportutrustning, noggrant designad f\u00f6r optimal placering inom spannm\u00e5lsfl\u00f6det. I-Line-serien inkluderar \u00e4ven bandtransport\u00f6rer f\u00f6r kapaciteter upp till 150 t\/h. Vi tillhandah\u00e5ller \u00e4ven ett komplett sortiment av h\u00f6gkvalitativa tillbeh\u00f6r, s\u00e5som manuella, motoriserade och pneumatiska spj\u00e4ll, s\u00e4kerhetssensorer, hastighets\u00f6vervakningssensorer, specialmotst\u00e5ndsb\u00e4lten f\u00f6r oljegr\u00f6dor och mycket mer. Transportutrustningen kan anpassas f\u00f6r att matcha olika kundkrav g\u00e4llande kedje- och remhastigheter<\/p>\n","protected":false},"excerpt":{"rendered":"<p>I-Line \u00e4r transportutrustning utvecklad f\u00f6r intensiv anv\u00e4ndning \u00e5ret runt, skapad f\u00f6r att uppfylla kraven fr\u00e5n spannm\u00e5lsindustrin samt medelstora till stora g\u00e5rdar. De klassificeras som Kategori II 2D\/OD transport\u00f6rer och \u00e4r l\u00e4mpliga f\u00f6r hantering av spannm\u00e5l samt granulerade och pulveriserade material enligt Zon 21 eller Zon 22 och d\u00e4r den externa atmosf\u00e4ren \u00e4r oklassificerad. De \u00e4r tillverkade av galvaniserad pl\u00e5t och i enlighet med EU:s maskindirektiv.<\/p>\n<p>Produkterna inom I-Line \u00e4r framtagna f\u00f6r anl\u00e4ggningar med intensiv drift \u00e5ret runt. Den h\u00e4r linjen passar b\u00e5de medelstora och stora lantbruk samt kommersiella spannm\u00e5lshandlare.<\/p>\n<p>Kapacitet: 60-120 ton<\/p>\n<p>&nbsp;<\/p>\n","protected":false},"featured_media":16214,"comment_status":"open","ping_status":"closed","template":"","meta":{"_acf_changed":false},"product_brand":[],"product_cat":[213,214,170,215,156,157],"product_tag":[284,229,293,285],"class_list":{"0":"post-14279","1":"product","2":"type-product","3":"status-publish","4":"has-post-thumbnail","6":"product_cat-alla-produkter","7":"product_cat-foder","8":"product_cat-livsmedel-sv","9":"product_cat-spannmal","10":"product_cat-materialhantering","11":"product_cat-transportorer","12":"product_tag-conveyor-sv","13":"product_tag-elevator-sv","14":"product_tag-storage-sv","15":"product_tag-transport-sv","16":"description-off","18":"first","19":"instock","20":"shipping-taxable","21":"product-type-simple"},"acf":[],"_links":{"self":[{"href":"https:\/\/www.tornum.com\/sv\/wp-json\/wp\/v2\/product\/14279","targetHints":{"allow":["GET"]}}],"collection":[{"href":"https:\/\/www.tornum.com\/sv\/wp-json\/wp\/v2\/product"}],"about":[{"href":"https:\/\/www.tornum.com\/sv\/wp-json\/wp\/v2\/types\/product"}],"replies":[{"embeddable":true,"href":"https:\/\/www.tornum.com\/sv\/wp-json\/wp\/v2\/comments?post=14279"}],"version-history":[{"count":1,"href":"https:\/\/www.tornum.com\/sv\/wp-json\/wp\/v2\/product\/14279\/revisions"}],"predecessor-version":[{"id":50769,"href":"https:\/\/www.tornum.com\/sv\/wp-json\/wp\/v2\/product\/14279\/revisions\/50769"}],"wp:featuredmedia":[{"embeddable":true,"href":"https:\/\/www.tornum.com\/sv\/wp-json\/wp\/v2\/media\/16214"}],"wp:attachment":[{"href":"https:\/\/www.tornum.com\/sv\/wp-json\/wp\/v2\/media?parent=14279"}],"wp:term":[{"taxonomy":"product_brand","embeddable":true,"href":"https:\/\/www.tornum.com\/sv\/wp-json\/wp\/v2\/product_brand?post=14279"},{"taxonomy":"product_cat","embeddable":true,"href":"https:\/\/www.tornum.com\/sv\/wp-json\/wp\/v2\/product_cat?post=14279"},{"taxonomy":"product_tag","embeddable":true,"href":"https:\/\/www.tornum.com\/sv\/wp-json\/wp\/v2\/product_tag?post=14279"}],"curies":[{"name":"wp","href":"https:\/\/api.w.org\/{rel}","templated":true}]}}