{"id":14280,"date":"2023-05-14T19:45:08","date_gmt":"2023-05-14T19:45:08","guid":{"rendered":"https:\/\/dev.rapid.si\/product\/l-line-conveyors\/"},"modified":"2025-08-01T12:25:51","modified_gmt":"2025-08-01T12:25:51","slug":"l-line-conveyors","status":"publish","type":"product","link":"https:\/\/www.tornum.com\/sv\/produkt\/l-line-conveyors\/","title":{"rendered":"ELEVATORER L-LINE"},"content":{"rendered":"<p>Denna produktlinje, dedikerad f\u00f6r mindre anl\u00e4ggningar samt sm\u00e5 och medelstora g\u00e5rdar med behov av koncentrerad anv\u00e4ndning under sk\u00f6rdeperioden, \u00e4r tillg\u00e4nglig f\u00f6r kapaciteter mellan 30 &#8211; 60 ton per timme. Hela utbudet inkluderar vertikal, horisontell, kurvad och lutande transportutrustning, noggrant designad f\u00f6r optimal placering inom spannm\u00e5lsfl\u00f6det. Vi tillhandah\u00e5ller \u00e4ven ett komplett sortiment av h\u00f6gkvalitativa tillbeh\u00f6r, s\u00e5som manuella, motoriserade och pneumatiska spj\u00e4ll, s\u00e4kerhetssensorer, hastighets\u00f6vervakningssensorer, och mycket mer.<\/p>\n","protected":false},"excerpt":{"rendered":"<p>L-Line \u00e4r speciellt anpassad f\u00f6r mindre lantbruksanl\u00e4ggningar.<br \/>\nPassar framf\u00f6r allt f\u00f6r sm\u00e5 till medelstora g\u00e5rdar med behov av koncentrerad drift just under sk\u00f6rdeperioden.<\/p>\n<p>&nbsp;<\/p>\n<p>Kapacitet: 60-120 ton<\/p>\n","protected":false},"featured_media":16220,"comment_status":"open","ping_status":"closed","template":"","meta":{"_acf_changed":false},"product_brand":[],"product_cat":[213,215,156,157],"product_tag":[284,289,229,285],"class_list":{"0":"post-14280","1":"product","2":"type-product","3":"status-publish","4":"has-post-thumbnail","6":"product_cat-alla-produkter","7":"product_cat-spannmal","8":"product_cat-materialhantering","9":"product_cat-transportorer","10":"product_tag-conveyor-sv","11":"product_tag-dc-remover-sv","12":"product_tag-elevator-sv","13":"product_tag-transport-sv","14":"description-off","16":"first","17":"instock","18":"shipping-taxable","19":"product-type-simple"},"acf":[],"_links":{"self":[{"href":"https:\/\/www.tornum.com\/sv\/wp-json\/wp\/v2\/product\/14280","targetHints":{"allow":["GET"]}}],"collection":[{"href":"https:\/\/www.tornum.com\/sv\/wp-json\/wp\/v2\/product"}],"about":[{"href":"https:\/\/www.tornum.com\/sv\/wp-json\/wp\/v2\/types\/product"}],"replies":[{"embeddable":true,"href":"https:\/\/www.tornum.com\/sv\/wp-json\/wp\/v2\/comments?post=14280"}],"version-history":[{"count":1,"href":"https:\/\/www.tornum.com\/sv\/wp-json\/wp\/v2\/product\/14280\/revisions"}],"predecessor-version":[{"id":50693,"href":"https:\/\/www.tornum.com\/sv\/wp-json\/wp\/v2\/product\/14280\/revisions\/50693"}],"wp:featuredmedia":[{"embeddable":true,"href":"https:\/\/www.tornum.com\/sv\/wp-json\/wp\/v2\/media\/16220"}],"wp:attachment":[{"href":"https:\/\/www.tornum.com\/sv\/wp-json\/wp\/v2\/media?parent=14280"}],"wp:term":[{"taxonomy":"product_brand","embeddable":true,"href":"https:\/\/www.tornum.com\/sv\/wp-json\/wp\/v2\/product_brand?post=14280"},{"taxonomy":"product_cat","embeddable":true,"href":"https:\/\/www.tornum.com\/sv\/wp-json\/wp\/v2\/product_cat?post=14280"},{"taxonomy":"product_tag","embeddable":true,"href":"https:\/\/www.tornum.com\/sv\/wp-json\/wp\/v2\/product_tag?post=14280"}],"curies":[{"name":"wp","href":"https:\/\/api.w.org\/{rel}","templated":true}]}}