{"id":14281,"date":"2023-05-04T12:51:09","date_gmt":"2023-05-04T12:51:09","guid":{"rendered":"https:\/\/dev.rapid.si\/product\/rail-loading-equipment\/"},"modified":"2025-07-30T13:10:25","modified_gmt":"2025-07-30T13:10:25","slug":"rail-loading-equipment","status":"publish","type":"product","link":"https:\/\/www.tornum.com\/sv\/produkt\/rail-loading-equipment\/","title":{"rendered":"J\u00c4RNV\u00c4GSUTLASTNING"},"content":{"rendered":"<div class=\"wpb-content-wrapper\"><p>[vc_row][vc_column width=&#8221;2\/3&#8243;][vc_column_text]TORNUMs j\u00e4rnv\u00e4gsutlastning fyller snabbt och effektivt en j\u00e4rnv\u00e4gsvagn. Utlastningen best\u00e5r av ett stativ med fyra fyrkantiga fickor och en volym upp till 320m3. TORNUM tillhandah\u00e5ller \u00e4ven runda utlastningssilos i olika storlekar.[\/vc_column_text][\/vc_column][vc_column width=&#8221;1\/3&#8243;][\/vc_column][\/vc_row]<\/p>\n<\/div>","protected":false},"excerpt":{"rendered":"<p>TORNUMs j\u00e4rnv\u00e4gsutlastning fyller snabbt och effektivt en j\u00e4rnv\u00e4gsvagn. Utlastningen best\u00e5r av ett stativ med fyra fyrkantiga fickor och en volym upp till 320m3. TORNUM tillhandah\u00e5ller \u00e4ven runda utlastningssilos i olika storlekar.<\/p>\n","protected":false},"featured_media":16450,"comment_status":"open","ping_status":"closed","template":"","meta":{"_acf_changed":false},"product_brand":[],"product_cat":[213,170,215,183,189],"product_tag":[283,293,285],"class_list":{"0":"post-14281","1":"product","2":"type-product","3":"status-publish","4":"has-post-thumbnail","6":"product_cat-alla-produkter","7":"product_cat-livsmedel-sv","8":"product_cat-spannmal","9":"product_cat-lagring","10":"product_cat-utlastningsficka","11":"product_tag-bin-sv","12":"product_tag-storage-sv","13":"product_tag-transport-sv","14":"description-off","16":"first","17":"instock","18":"shipping-taxable","19":"product-type-simple"},"acf":[],"_links":{"self":[{"href":"https:\/\/www.tornum.com\/sv\/wp-json\/wp\/v2\/product\/14281","targetHints":{"allow":["GET"]}}],"collection":[{"href":"https:\/\/www.tornum.com\/sv\/wp-json\/wp\/v2\/product"}],"about":[{"href":"https:\/\/www.tornum.com\/sv\/wp-json\/wp\/v2\/types\/product"}],"replies":[{"embeddable":true,"href":"https:\/\/www.tornum.com\/sv\/wp-json\/wp\/v2\/comments?post=14281"}],"version-history":[{"count":1,"href":"https:\/\/www.tornum.com\/sv\/wp-json\/wp\/v2\/product\/14281\/revisions"}],"predecessor-version":[{"id":50606,"href":"https:\/\/www.tornum.com\/sv\/wp-json\/wp\/v2\/product\/14281\/revisions\/50606"}],"wp:featuredmedia":[{"embeddable":true,"href":"https:\/\/www.tornum.com\/sv\/wp-json\/wp\/v2\/media\/16450"}],"wp:attachment":[{"href":"https:\/\/www.tornum.com\/sv\/wp-json\/wp\/v2\/media?parent=14281"}],"wp:term":[{"taxonomy":"product_brand","embeddable":true,"href":"https:\/\/www.tornum.com\/sv\/wp-json\/wp\/v2\/product_brand?post=14281"},{"taxonomy":"product_cat","embeddable":true,"href":"https:\/\/www.tornum.com\/sv\/wp-json\/wp\/v2\/product_cat?post=14281"},{"taxonomy":"product_tag","embeddable":true,"href":"https:\/\/www.tornum.com\/sv\/wp-json\/wp\/v2\/product_tag?post=14281"}],"curies":[{"name":"wp","href":"https:\/\/api.w.org\/{rel}","templated":true}]}}