{"id":14282,"date":"2023-05-04T12:43:42","date_gmt":"2023-05-04T12:43:42","guid":{"rendered":"https:\/\/dev.rapid.si\/product\/feed-bin-ft\/"},"modified":"2025-07-07T10:22:46","modified_gmt":"2025-07-07T10:22:46","slug":"feed-bin-ft","status":"publish","type":"product","link":"https:\/\/www.tornum.com\/sv\/produkt\/feed-bin-ft\/","title":{"rendered":"FODERFICKA FT"},"content":{"rendered":"<div class=\"wpb-content-wrapper\"><p>[vc_row gap=&#8221;35&#8243;][vc_column width=&#8221;2\/3&#8243;][vc_column_text]Foderficka f\u00f6r lagring av spannm\u00e5l, koncentrat och krossat eller malet foder \u2013 med TORNUMs foderfickor kan du blanda ditt foder med egna r\u00e5varor p\u00e5 g\u00e5rden. Fickan \u00e4r uppbyggd p\u00e5 fyra ben av fyrkantsprofil. L\u00e4mpligt antal sektioner byggs p\u00e5 till \u00f6nskad volym, dock max 6 sektioner per ficka.[\/vc_column_text][\/vc_column][vc_column width=&#8221;1\/3&#8243;][vc_column_text]<strong>FEATURES<\/strong><\/p>\n<ul>\n<li>Kupa och sektioner \u00e4r tillverkade i varmf\u00f6rzinkad pl\u00e5t.<br \/>\n\u2022 Alla sektioner som monteras p\u00e5 kupan har en byggh\u00f6jd p\u00e5 505 mm i enlighet med TORNUMs modulsystem.<br \/>\n\u2022 Alla ing\u00e5ende delar \u00e4r skruvbara, vilket ger monteringsf\u00f6rdelar vid byggnationen.<br \/>\n\u2022 Utloppet har m\u00e5ttet 300\u00d7300 mm.<br \/>\n\u2022 Kupan har 60\u00b0 rasvinkel.<br \/>\n\u2022 Kan byggas fr\u00e5n en till maximalt sex sektioner.<br \/>\n\u2022 Finns i sex storlekar fr\u00e5n 1\u00d71 m upp till 3\u00d73 m.<\/li>\n<\/ul>\n<p><strong>OPTIONS<\/strong><\/p>\n<ul>\n<li>Inspektionslucka med s\u00e4kerhetsn\u00e4t, golvmonterad<br \/>\n\u2022 Slutare<br \/>\n\u2022 Fyllningsr\u00f6r<br \/>\n\u2022\u00a0<a href=\"https:\/\/www2.tornum.com\/sv\/product\/cyklon\/\">Cykloner<\/a><br \/>\n\u2022\u00a0<a href=\"https:\/\/www2.tornum.com\/sv\/product\/manlucka\/\">Manlucka<\/a><br \/>\n\u2022\u00a0<a href=\"http:\/\/shop.tornum.se\/Produkter\/Spannmalsror\/Detaljer__\/_300\/Skjutspjall__300?id=780408\">Spj\u00e4ll<\/a><\/li>\n<\/ul>\n<p>[\/vc_column_text][\/vc_column][\/vc_row]<\/p>\n<\/div>","protected":false},"excerpt":{"rendered":"<p>TORNUMs FT foderficka \u00e4r utformad f\u00f6r att lagra spannm\u00e5l, koncentrat och krossat eller malen foder. Den har en modul\u00e4r design som till\u00e5ter upp till 6 sektioner f\u00f6r anpassningsbar volym.<\/p>\n","protected":false},"featured_media":11836,"comment_status":"open","ping_status":"closed","template":"","meta":{"_acf_changed":false},"product_brand":[],"product_cat":[213,214,170,183,190],"product_tag":[283,295,224,293],"class_list":{"0":"post-14282","1":"product","2":"type-product","3":"status-publish","4":"has-post-thumbnail","6":"product_cat-alla-produkter","7":"product_cat-foder","8":"product_cat-livsmedel-sv","9":"product_cat-lagring","10":"product_cat-foderficka","11":"product_tag-bin-sv","12":"product_tag-building-sv","13":"product_tag-silo-sv","14":"product_tag-storage-sv","15":"description-off","17":"first","18":"instock","19":"shipping-taxable","20":"product-type-simple"},"acf":[],"_links":{"self":[{"href":"https:\/\/www.tornum.com\/sv\/wp-json\/wp\/v2\/product\/14282","targetHints":{"allow":["GET"]}}],"collection":[{"href":"https:\/\/www.tornum.com\/sv\/wp-json\/wp\/v2\/product"}],"about":[{"href":"https:\/\/www.tornum.com\/sv\/wp-json\/wp\/v2\/types\/product"}],"replies":[{"embeddable":true,"href":"https:\/\/www.tornum.com\/sv\/wp-json\/wp\/v2\/comments?post=14282"}],"version-history":[{"count":1,"href":"https:\/\/www.tornum.com\/sv\/wp-json\/wp\/v2\/product\/14282\/revisions"}],"predecessor-version":[{"id":49107,"href":"https:\/\/www.tornum.com\/sv\/wp-json\/wp\/v2\/product\/14282\/revisions\/49107"}],"wp:featuredmedia":[{"embeddable":true,"href":"https:\/\/www.tornum.com\/sv\/wp-json\/wp\/v2\/media\/11836"}],"wp:attachment":[{"href":"https:\/\/www.tornum.com\/sv\/wp-json\/wp\/v2\/media?parent=14282"}],"wp:term":[{"taxonomy":"product_brand","embeddable":true,"href":"https:\/\/www.tornum.com\/sv\/wp-json\/wp\/v2\/product_brand?post=14282"},{"taxonomy":"product_cat","embeddable":true,"href":"https:\/\/www.tornum.com\/sv\/wp-json\/wp\/v2\/product_cat?post=14282"},{"taxonomy":"product_tag","embeddable":true,"href":"https:\/\/www.tornum.com\/sv\/wp-json\/wp\/v2\/product_tag?post=14282"}],"curies":[{"name":"wp","href":"https:\/\/api.w.org\/{rel}","templated":true}]}}