{"id":14283,"date":"2023-05-04T11:22:01","date_gmt":"2023-05-04T11:22:01","guid":{"rendered":"https:\/\/dev.rapid.si\/product\/conditioning-bin-lt\/"},"modified":"2025-07-30T09:15:54","modified_gmt":"2025-07-30T09:15:54","slug":"luftningsficka-lt","status":"publish","type":"product","link":"https:\/\/www.tornum.com\/sv\/produkt\/luftningsficka-lt\/","title":{"rendered":"LUFTNINGSFICKA LT"},"content":{"rendered":"<div class=\"wpb-content-wrapper\"><p>[vc_row gap=&#8221;35&#8243;][vc_column width=&#8221;2\/3&#8243;][vc_column_text]Tornums Luftningsficka LT \u00e4r avsedd f\u00f6r kylning, buffertlagring f\u00f6re torkning och slutlagring av spannm\u00e5l. F\u00f6r att m\u00f6ta marknadens behov av st\u00f6rre t\u00f6mningskapaciteter med mindre fl\u00e4ktar har TORNUM en helt luftningsbotten med marknadens snabbaste slutt\u00f6mning.<\/p>\n<p>Balkar och huvudkanal minskar golvsveperytan, vilket ger st\u00f6rre luftm\u00e4ngd genom golvsveperpl\u00e5ten och d\u00e4rmed snabb slutt\u00f6mning. Luftningsbotten tillsammans med de sl\u00e4ta insidorna g\u00f6r fickan mycket l\u00e4mplig f\u00f6r uts\u00e4deshantering. Luftningsunderdelen har en inbyggd huvudkanal med spj\u00e4ll som g\u00f6r att flera fickor kan kopplas samman.<\/p>\n<p><strong>UPPBYGGNAD OCH FUNKTION<\/strong><\/p>\n<ul>\n<li>Tillverkad av varmf\u00f6rzinkad pl\u00e5t<\/li>\n<li>Sektioner som monteras p\u00e5 underdelen har en byggh\u00f6jd p\u00e5 505 mm.<\/li>\n<li>Sl\u00e4t insida g\u00f6r den l\u00e4tt att h\u00e5lla ren.<\/li>\n<li>Konstruktionen till\u00e5ter flera monteringsmetoder, vilket sparar tid.<\/li>\n<li>Fickan kan f\u00e5s med centrum- eller sidoutlopp.<\/li>\n<li>Levereras med utloppsspj\u00e4ll och manlucka i sektion.<\/li>\n<li>Marknadens snabbaste slutt\u00f6mning.<\/li>\n<\/ul>\n<p>[\/vc_column_text][\/vc_column][vc_column width=&#8221;1\/3&#8243;][vc_column_text]<strong>TILLVAL<\/strong><\/p>\n<ul>\n<li><a href=\"https:\/\/www.tornum.com\/sv\/product\/manlucka\/\">Manlucka<\/a><\/li>\n<li><a href=\"https:\/\/www.tornum.com\/sv\/product\/temperaturovervakning\/\">emperatur\u00f6vervakning<\/a><\/li>\n<li><a href=\"http:\/\/shop.tornum.se\/Produkter\/Spannmalsror\/Detaljer__\">Utloppsanslutning<\/a><\/li>\n<li><a href=\"https:\/\/www.tornum.com\/sv\/product\/nivavakt\/\">Niv\u00e5vakt<\/a><\/li>\n<li><a href=\"http:\/\/shop.tornum.se\/Produkter\/Spiroror\">Spiror\u00f6r<\/a><\/li>\n<\/ul>\n<p>[\/vc_column_text][\/vc_column][\/vc_row]<\/p>\n<\/div>","protected":false},"excerpt":{"rendered":"<div class=\"flex flex-grow flex-col gap-3 max-w-full\">\n<div class=\"min-h-[20px] flex flex-col items-start gap-3 overflow-x-auto whitespace-pre-wrap break-words\">\n<div class=\"markdown prose w-full break-words dark:prose-invert light\">\n<p>Tornums Luftningsficka LT fungerar som en m\u00e5ngsidig l\u00f6sning f\u00f6r kylning, buffring f\u00f6re torkning och slutlig spannm\u00e5lslagring. Tornum har utvecklat en ny luftningsbotten f\u00f6r att m\u00f6ta marknadens krav p\u00e5 h\u00f6gre t\u00f6mningskapacitet med mindre fl\u00e4ktar, vilket erbjuder den snabbaste slutt\u00f6mningen p\u00e5 marknaden.<\/p>\n<\/div>\n<\/div>\n<\/div>\n<div class=\"flex justify-between lg:block\">\n<div class=\"text-gray-400 flex self-end lg:self-center justify-center mt-2 gap-2 md:gap-3 lg:gap-1 lg:absolute lg:top-0 lg:translate-x-full lg:right-0 lg:mt-0 lg:pl-2 visible\"><\/div>\n<\/div>\n<div class=\"flex-1 overflow-hidden\">\n<div class=\"react-scroll-to-bottom--css-zcyaj-79elbk h-full dark:bg-gray-800\">\n<div class=\"react-scroll-to-bottom--css-zcyaj-1n7m0yu\">\n<div class=\"flex flex-col text-sm dark:bg-gray-800\">\n<div class=\"h-32 md:h-48 flex-shrink-0\"><\/div>\n<\/div>\n<\/div>\n<\/div>\n<\/div>\n<div class=\"absolute bottom-0 left-0 w-full border-t md:border-t-0 dark:border-white\/20 md:border-transparent md:dark:border-transparent md:bg-vert-light-gradient bg-white dark:bg-gray-800 md:!bg-transparent dark:md:bg-vert-dark-gradient pt-2 md:pl-2 md:w-[calc(100%-.5rem)]\">\n<form class=\"stretch mx-2 flex flex-row gap-3 last:mb-2 md:mx-4 md:last:mb-6 lg:mx-auto lg:max-w-2xl xl:max-w-3xl\">\n<div class=\"relative flex h-full flex-1 items-stretch md:flex-col\">\n<div>\n<div class=\"h-full flex ml-1 md:w-full md:m-auto md:mb-4 gap-0 md:gap-2 justify-center\">\n<div class=\"grow\"><\/div>\n<\/div>\n<\/div>\n<\/div>\n<\/form>\n<\/div>\n","protected":false},"featured_media":11831,"comment_status":"open","ping_status":"closed","template":"","meta":{"_acf_changed":false},"product_brand":[],"product_cat":[213,214,170,215,183,191],"product_tag":[283,292,224,293],"class_list":{"0":"post-14283","1":"product","2":"type-product","3":"status-publish","4":"has-post-thumbnail","6":"product_cat-alla-produkter","7":"product_cat-foder","8":"product_cat-livsmedel-sv","9":"product_cat-spannmal","10":"product_cat-lagring","11":"product_cat-luftningsficka","12":"product_tag-bin-sv","13":"product_tag-bins-sv","14":"product_tag-silo-sv","15":"product_tag-storage-sv","16":"description-off","18":"first","19":"instock","20":"shipping-taxable","21":"product-type-simple"},"acf":[],"_links":{"self":[{"href":"https:\/\/www.tornum.com\/sv\/wp-json\/wp\/v2\/product\/14283","targetHints":{"allow":["GET"]}}],"collection":[{"href":"https:\/\/www.tornum.com\/sv\/wp-json\/wp\/v2\/product"}],"about":[{"href":"https:\/\/www.tornum.com\/sv\/wp-json\/wp\/v2\/types\/product"}],"replies":[{"embeddable":true,"href":"https:\/\/www.tornum.com\/sv\/wp-json\/wp\/v2\/comments?post=14283"}],"version-history":[{"count":1,"href":"https:\/\/www.tornum.com\/sv\/wp-json\/wp\/v2\/product\/14283\/revisions"}],"predecessor-version":[{"id":49070,"href":"https:\/\/www.tornum.com\/sv\/wp-json\/wp\/v2\/product\/14283\/revisions\/49070"}],"wp:featuredmedia":[{"embeddable":true,"href":"https:\/\/www.tornum.com\/sv\/wp-json\/wp\/v2\/media\/11831"}],"wp:attachment":[{"href":"https:\/\/www.tornum.com\/sv\/wp-json\/wp\/v2\/media?parent=14283"}],"wp:term":[{"taxonomy":"product_brand","embeddable":true,"href":"https:\/\/www.tornum.com\/sv\/wp-json\/wp\/v2\/product_brand?post=14283"},{"taxonomy":"product_cat","embeddable":true,"href":"https:\/\/www.tornum.com\/sv\/wp-json\/wp\/v2\/product_cat?post=14283"},{"taxonomy":"product_tag","embeddable":true,"href":"https:\/\/www.tornum.com\/sv\/wp-json\/wp\/v2\/product_tag?post=14283"}],"curies":[{"name":"wp","href":"https:\/\/api.w.org\/{rel}","templated":true}]}}