{"id":14284,"date":"2023-05-04T11:19:47","date_gmt":"2023-05-04T11:19:47","guid":{"rendered":"https:\/\/dev.rapid.si\/product\/self-discharging-bin-st\/"},"modified":"2025-07-14T07:24:00","modified_gmt":"2025-07-14T07:24:00","slug":"self-discharging-bin-st","status":"publish","type":"product","link":"https:\/\/www.tornum.com\/sv\/produkt\/self-discharging-bin-st\/","title":{"rendered":"SJ\u00c4LVT\u00d6MMANDE FICKA ST"},"content":{"rendered":"<div class=\"wpb-content-wrapper\"><p>[vc_row][vc_column width=&#8221;2\/3&#8243;][vc_column_text]TORNUMs sj\u00e4lvt\u00f6mmade ficka ST \u00e4r anpassad f\u00f6r lagring av spannm\u00e5l och finns i flera olika storlekar. Den monteras med f\u00f6rdel p\u00e5 golvniv\u00e5 i sektionspaket som sedan lyfts samman.[\/vc_column_text][\/vc_column][vc_column width=&#8221;1\/3&#8243;][vc_column_text]<strong>UPPBYGGNAD OCH FUNKTION<\/strong><br \/>\n\u2022 Tillverkad av varmf\u00f6rzinkad pl\u00e5t.<br \/>\n\u2022 Varje sektion har en byggh\u00f6jd p\u00e5 505 mm.<br \/>\n\u2022 Utbyggbar genom sektioner som monteras p\u00e5 kupan.<br \/>\n\u2022 Sl\u00e4t insida g\u00f6r den l\u00e4tt att h\u00e5lla ren och \u00e4r l\u00e4mplig f\u00f6r v\u00e5tlagring.<br \/>\n\u2022 Konstruktionen till\u00e5ter flera monteringsmetoder, vilket sparar tid.<br \/>\n\u2022 Utloppet \u00e4r 200\u00d7200 mm.<br \/>\n\u2022 Kupan \u00e4r helt skruvbar och f\u00f6rsedd med ben av fyrkantsprofil.<\/p>\n<p><strong>TILLVAL<\/strong><br \/>\n\u2022\u00a0<a href=\"https:\/\/www2.tornum.com\/sv\/product\/manlucka\/\">Inspektionslucka med s\u00e4kerhetsn\u00e4t, golvmonterad<\/a><br \/>\n\u2022 Utloppsanslutning<br \/>\n\u2022\u00a0<a href=\"https:\/\/www2.tornum.com\/sv\/product\/luftningskanal-3\/\">Luftningsbalk<\/a><br \/>\n\u2022\u00a0<a href=\"http:\/\/shop.tornum.se\/Produkter\/Spannmalsror\/Detaljer__\">Utloppsanslutning<\/a><br \/>\n\u2022\u00a0<a href=\"https:\/\/www2.tornum.com\/sv\/product\/nivavakt\/\">Niv\u00e5vakt<\/a><br \/>\n\u2022\u00a0<a href=\"https:\/\/www2.tornum.com\/sv\/product\/temperaturovervakning\/\">Tempratur\u00f6vervakning<\/a>[\/vc_column_text][\/vc_column][\/vc_row]<\/p>\n<\/div>","protected":false},"excerpt":{"rendered":"<p>TORNUMs sj\u00e4lvt\u00f6mmade ficka ST \u00e4r anpassad f\u00f6r lagring av spannm\u00e5l och finns i flera olika storlekar. Den monteras med f\u00f6rdel p\u00e5 golvniv\u00e5 i sektionspaket som sedan lyfts samman.<\/p>\n","protected":false},"featured_media":11763,"comment_status":"open","ping_status":"closed","template":"","meta":{"_acf_changed":false},"product_brand":[],"product_cat":[213,170,183,192],"product_tag":[283,293,285],"class_list":{"0":"post-14284","1":"product","2":"type-product","3":"status-publish","4":"has-post-thumbnail","6":"product_cat-alla-produkter","7":"product_cat-livsmedel-sv","8":"product_cat-lagring","9":"product_cat-sjalvtommande-ficka","10":"product_tag-bin-sv","11":"product_tag-storage-sv","12":"product_tag-transport-sv","13":"description-off","15":"first","16":"instock","17":"shipping-taxable","18":"product-type-simple"},"acf":[],"_links":{"self":[{"href":"https:\/\/www.tornum.com\/sv\/wp-json\/wp\/v2\/product\/14284","targetHints":{"allow":["GET"]}}],"collection":[{"href":"https:\/\/www.tornum.com\/sv\/wp-json\/wp\/v2\/product"}],"about":[{"href":"https:\/\/www.tornum.com\/sv\/wp-json\/wp\/v2\/types\/product"}],"replies":[{"embeddable":true,"href":"https:\/\/www.tornum.com\/sv\/wp-json\/wp\/v2\/comments?post=14284"}],"version-history":[{"count":1,"href":"https:\/\/www.tornum.com\/sv\/wp-json\/wp\/v2\/product\/14284\/revisions"}],"predecessor-version":[{"id":49136,"href":"https:\/\/www.tornum.com\/sv\/wp-json\/wp\/v2\/product\/14284\/revisions\/49136"}],"wp:featuredmedia":[{"embeddable":true,"href":"https:\/\/www.tornum.com\/sv\/wp-json\/wp\/v2\/media\/11763"}],"wp:attachment":[{"href":"https:\/\/www.tornum.com\/sv\/wp-json\/wp\/v2\/media?parent=14284"}],"wp:term":[{"taxonomy":"product_brand","embeddable":true,"href":"https:\/\/www.tornum.com\/sv\/wp-json\/wp\/v2\/product_brand?post=14284"},{"taxonomy":"product_cat","embeddable":true,"href":"https:\/\/www.tornum.com\/sv\/wp-json\/wp\/v2\/product_cat?post=14284"},{"taxonomy":"product_tag","embeddable":true,"href":"https:\/\/www.tornum.com\/sv\/wp-json\/wp\/v2\/product_tag?post=14284"}],"curies":[{"name":"wp","href":"https:\/\/api.w.org\/{rel}","templated":true}]}}