{"id":14285,"date":"2023-05-04T11:17:37","date_gmt":"2023-05-04T11:17:37","guid":{"rendered":"https:\/\/dev.rapid.si\/product\/bulk-loading-bin-ut\/"},"modified":"2025-07-14T07:14:18","modified_gmt":"2025-07-14T07:14:18","slug":"utlastningsficka-ut","status":"publish","type":"product","link":"https:\/\/www.tornum.com\/sv\/produkt\/utlastningsficka-ut\/","title":{"rendered":"UTLASTNINGSFICKA UT"},"content":{"rendered":"<div class=\"wpb-content-wrapper\"><p>[vc_row gap=&#8221;35&#8243;][vc_column width=&#8221;2\/3&#8243;][vc_column_text]TORNUMs utlastningsficka f\u00f6r spannm\u00e5l ger en rationell utlastning som lever upp till kraven p\u00e5 kort lastningstid. Anpassad i bredd och h\u00f6jd till stora fordon som l\u00e4tt lastas i genomfart. Fickan har en mycket kraftig konstruktion med ett fackverksstativ i fyrkantsprofil. Utlastningsfickan \u00e4r ocks\u00e5 mycket monteringsv\u00e4nlig och s\u00e4tts samman helt med bultf\u00f6rband.[\/vc_column_text][\/vc_column][vc_column width=&#8221;1\/3&#8243;][vc_column_text]<strong>Uppbyggnad och funktion<\/strong><\/p>\n<p>\u2013 Tillverkad av varmf\u00f6rzinkad pl\u00e5t.<br \/>\n\u2013 Lagringssektionerna \u00e4r 505 mm h\u00f6ga och utbyggbara till \u00f6nskad volym.<br \/>\n\u2013 Sl\u00e4t insida g\u00f6r den l\u00e4tt att h\u00e5lla ren.<br \/>\n\u2013 Konstruktionen till\u00e5ter flera monteringsmetoder, vilket sparar tid.<br \/>\n\u2013 Utloppet p\u00e5 fickan \u00e4r 300\u00d7300 mm och f\u00f6rsett med kuggst\u00e5ngsspj\u00e4ll som kan man\u00f6vreras fr\u00e5n golvplan med en reglagesats.<br \/>\n\u2013 Som standard \u00e4r den fria h\u00f6jden under kuggst\u00e5ngsspj\u00e4llet 4620 mm.<\/p>\n<p><strong>Tillval<\/strong><\/p>\n<p>Luftningsbalk<br \/>\n\u2022\u00a0Manlucka<br \/>\n\u2022 Avdelande mellanv\u00e4gg<br \/>\n\u2022\u00a0Spj\u00e4ll<br \/>\n\u2022\u00a0Motoriserat spj\u00e4ll<br \/>\n\u2022 Stege<br \/>\n\u2022 R\u00e4cke<br \/>\n\u2022\u00a0Niv\u00e5vakt[\/vc_column_text][\/vc_column][\/vc_row]<\/p>\n<\/div>","protected":false},"excerpt":{"rendered":"<p>Tornums utlastningsficka UT m\u00f6jligg\u00f6r effektiv lastning av stora fordon och har ett robust fackverksstativ i fyrkantsprofil. Den \u00e4r enkel att montera och s\u00e4tts samman helt med bultf\u00f6rband.<\/p>\n","protected":false},"featured_media":11910,"comment_status":"open","ping_status":"closed","template":"","meta":{"_acf_changed":false},"product_brand":[],"product_cat":[213,214,170,215,183,189],"product_tag":[283,295,224,293],"class_list":{"0":"post-14285","1":"product","2":"type-product","3":"status-publish","4":"has-post-thumbnail","6":"product_cat-alla-produkter","7":"product_cat-foder","8":"product_cat-livsmedel-sv","9":"product_cat-spannmal","10":"product_cat-lagring","11":"product_cat-utlastningsficka","12":"product_tag-bin-sv","13":"product_tag-building-sv","14":"product_tag-silo-sv","15":"product_tag-storage-sv","16":"description-off","18":"first","19":"instock","20":"shipping-taxable","21":"product-type-simple"},"acf":[],"_links":{"self":[{"href":"https:\/\/www.tornum.com\/sv\/wp-json\/wp\/v2\/product\/14285","targetHints":{"allow":["GET"]}}],"collection":[{"href":"https:\/\/www.tornum.com\/sv\/wp-json\/wp\/v2\/product"}],"about":[{"href":"https:\/\/www.tornum.com\/sv\/wp-json\/wp\/v2\/types\/product"}],"replies":[{"embeddable":true,"href":"https:\/\/www.tornum.com\/sv\/wp-json\/wp\/v2\/comments?post=14285"}],"version-history":[{"count":1,"href":"https:\/\/www.tornum.com\/sv\/wp-json\/wp\/v2\/product\/14285\/revisions"}],"predecessor-version":[{"id":49171,"href":"https:\/\/www.tornum.com\/sv\/wp-json\/wp\/v2\/product\/14285\/revisions\/49171"}],"wp:featuredmedia":[{"embeddable":true,"href":"https:\/\/www.tornum.com\/sv\/wp-json\/wp\/v2\/media\/11910"}],"wp:attachment":[{"href":"https:\/\/www.tornum.com\/sv\/wp-json\/wp\/v2\/media?parent=14285"}],"wp:term":[{"taxonomy":"product_brand","embeddable":true,"href":"https:\/\/www.tornum.com\/sv\/wp-json\/wp\/v2\/product_brand?post=14285"},{"taxonomy":"product_cat","embeddable":true,"href":"https:\/\/www.tornum.com\/sv\/wp-json\/wp\/v2\/product_cat?post=14285"},{"taxonomy":"product_tag","embeddable":true,"href":"https:\/\/www.tornum.com\/sv\/wp-json\/wp\/v2\/product_tag?post=14285"}],"curies":[{"name":"wp","href":"https:\/\/api.w.org\/{rel}","templated":true}]}}