{"id":14286,"date":"2023-05-04T11:13:10","date_gmt":"2023-05-04T11:13:10","guid":{"rendered":"https:\/\/dev.rapid.si\/product\/grain-storage-silos\/"},"modified":"2025-07-30T11:14:40","modified_gmt":"2025-07-30T11:14:40","slug":"grain-storage-silos","status":"publish","type":"product","link":"https:\/\/www.tornum.com\/sv\/produkt\/grain-storage-silos\/","title":{"rendered":"GRAIN STORAGE SILOS"},"content":{"rendered":"<div class=\"wpb-content-wrapper\"><p>[vc_row][vc_column width=&#8221;2\/3&#8243;][vc_column_text]TORNUM lagringssilor \u00e4r avsedda f\u00f6r slutf\u00f6rvaring av alla fritt flytande material. Taket, tillverkat av h\u00f6gkvalitativt st\u00e5l, \u00e4r r\u00e4fflat och bildar ett exceptionellt starkt modul\u00e4rt taksystem. Silov\u00e4ggarna \u00e4r tillverkade av 0,8 mm-3,5 mm galvaniserat st\u00e5l, upp till 600 g\/m\u00b2. Designstandard Eurokod eller ASAE\/ANSI kan levereras med uppgradering f\u00f6r seismiska-, sn\u00f6last- eller vindf\u00f6rh\u00e5llanden i enlighet med kraven. Utomhuslagring \u00e4r ofta ett prisv\u00e4rt system f\u00f6r ut\u00f6kad lagringskapacitet. \u00c4ven en utomhussilo m\u00e5ste kunna luftas, d\u00e4rf\u00f6r finns olika luftningsvarianter och alternativa t\u00f6mningsm\u00f6jligheter i v\u00e5rt sortiment.<\/p>\n<p>TORNUM har ocks\u00e5 ett komplett sortiment av tillbeh\u00f6r som t.ex. manluckor, landg\u00e5ngar, stegar, plattformar, luftning och temperatur\u00f6vervakning.[\/vc_column_text][\/vc_column][vc_column width=&#8221;1\/3&#8243;][\/vc_column][\/vc_row]<\/p>\n<\/div>","protected":false},"excerpt":{"rendered":"<p>TORNUM lagringssilor \u00e4r avsedda f\u00f6r slutf\u00f6rvaring av alla fritt flytande material. Taket, tillverkat av h\u00f6gkvalitativt st\u00e5l, \u00e4r r\u00e4fflat och bildar ett exceptionellt starkt modul\u00e4rt taksystem.<\/p>\n","protected":false},"featured_media":16955,"comment_status":"open","ping_status":"closed","template":"","meta":{"_acf_changed":false},"product_brand":[],"product_cat":[213,215,183,188],"product_tag":[283,273,224,293],"class_list":{"0":"post-14286","1":"product","2":"type-product","3":"status-publish","4":"has-post-thumbnail","6":"product_cat-alla-produkter","7":"product_cat-spannmal","8":"product_cat-lagring","9":"product_cat-lagringssilo","10":"product_tag-bin-sv","11":"product_tag-monitoring-sv","12":"product_tag-silo-sv","13":"product_tag-storage-sv","14":"description-off","16":"first","17":"instock","18":"shipping-taxable","19":"product-type-simple"},"acf":[],"_links":{"self":[{"href":"https:\/\/www.tornum.com\/sv\/wp-json\/wp\/v2\/product\/14286","targetHints":{"allow":["GET"]}}],"collection":[{"href":"https:\/\/www.tornum.com\/sv\/wp-json\/wp\/v2\/product"}],"about":[{"href":"https:\/\/www.tornum.com\/sv\/wp-json\/wp\/v2\/types\/product"}],"replies":[{"embeddable":true,"href":"https:\/\/www.tornum.com\/sv\/wp-json\/wp\/v2\/comments?post=14286"}],"version-history":[{"count":1,"href":"https:\/\/www.tornum.com\/sv\/wp-json\/wp\/v2\/product\/14286\/revisions"}],"predecessor-version":[{"id":50577,"href":"https:\/\/www.tornum.com\/sv\/wp-json\/wp\/v2\/product\/14286\/revisions\/50577"}],"wp:featuredmedia":[{"embeddable":true,"href":"https:\/\/www.tornum.com\/sv\/wp-json\/wp\/v2\/media\/16955"}],"wp:attachment":[{"href":"https:\/\/www.tornum.com\/sv\/wp-json\/wp\/v2\/media?parent=14286"}],"wp:term":[{"taxonomy":"product_brand","embeddable":true,"href":"https:\/\/www.tornum.com\/sv\/wp-json\/wp\/v2\/product_brand?post=14286"},{"taxonomy":"product_cat","embeddable":true,"href":"https:\/\/www.tornum.com\/sv\/wp-json\/wp\/v2\/product_cat?post=14286"},{"taxonomy":"product_tag","embeddable":true,"href":"https:\/\/www.tornum.com\/sv\/wp-json\/wp\/v2\/product_tag?post=14286"}],"curies":[{"name":"wp","href":"https:\/\/api.w.org\/{rel}","templated":true}]}}