{"id":14287,"date":"2023-05-04T10:21:36","date_gmt":"2023-05-04T10:21:36","guid":{"rendered":"https:\/\/dev.rapid.si\/product\/heat-exchanger\/"},"modified":"2025-02-22T11:38:44","modified_gmt":"2025-02-22T11:38:44","slug":"heat-exchanger","status":"publish","type":"product","link":"https:\/\/www.tornum.com\/sv\/produkt\/heat-exchanger\/","title":{"rendered":"V\u00c4RMEV\u00c4XLARE"},"content":{"rendered":"<div class=\"wpb-content-wrapper\"><p>[vc_row gap=&#8221;35&#8243;][vc_column width=&#8221;2\/3&#8243;][vc_column_text]V\u00e4rmev\u00e4xlare \u00e4r ett alternativ till varmluftspanna och \u00e4r anpassade speciellt f\u00f6r TORNUMs torkmoduler. V\u00e4rmev\u00e4xlare f\u00f6r varmvatten och \u00e5nga kan offereras och energik\u00e4llor som kan anv\u00e4ndas \u00e4r bland andra halm, flis, pellets och olja. Tack vare den flexibla uppbyggnaden kan TORNUM anpassa batteriets dimensionering och luftm\u00e4ngd.<\/p>\n<p>&nbsp;<\/p>\n<h3>V\u00c4RMEV\u00c4XLARE SOM F\u00d6RV\u00c4RMARE<\/h3>\n<p>Genom att f\u00f6rv\u00e4rma luft innan det sl\u00e4pps in i pannan minskas den totala oljef\u00f6rbrukningen f\u00f6r uppv\u00e4rmningen. TORNUMs f\u00f6rv\u00e4rmningsbatteri kan med f\u00f6rdel anslutas till en varmluftspanna[\/vc_column_text][\/vc_column][vc_column width=&#8221;1\/3&#8243;][vc_column_text]<strong>UPPBYGGNAD OCH FUNKTION<\/strong><br \/>\n-Lamellv\u00e4rmev\u00e4xlartyp med r\u00f6r av koppar och mekaniskt fastexpanderande lameller av aluminium.<br \/>\n-Arbetar med motstr\u00f6msprincipen, vilket ger en mycket h\u00f6g verkningsgrad.<br \/>\n-Kraftig inf\u00e4stningsram anpassad efter modulsystemet ger en enkel montering och en skyddad placering.<br \/>\n-Samlingsr\u00f6r och anslutningar f\u00f6r vattentillkoppling kan erh\u00e5llas p\u00e5 valfri sida.<br \/>\n-Samlingsr\u00f6ren har proppade uttag f\u00f6r luftning och avtappning. Batteriernas anslutning p\u00e5 v\u00e4tskesidan har utv\u00e4ndig r\u00f6rg\u00e4nga.[\/vc_column_text][\/vc_column][\/vc_row]<\/p>\n<\/div>","protected":false},"excerpt":{"rendered":"<p>V\u00e4rmev\u00e4xlare \u00e4r ett alternativ till varmluftspanna och \u00e4r anpassade speciellt f\u00f6r TORNUMs torkmoduler. V\u00e4rmev\u00e4xlare f\u00f6r varmvatten och \u00e5nga kan offereras och energik\u00e4llor som kan anv\u00e4ndas \u00e4r bland andra halm, flis, pellets och olja.<\/p>\n<p>.<\/p>\n","protected":false},"featured_media":10940,"comment_status":"open","ping_status":"closed","template":"","meta":{"_acf_changed":false},"product_brand":[],"product_cat":[213,215,171,180],"product_tag":[259,260,278,275],"class_list":{"0":"post-14287","1":"product","2":"type-product","3":"status-publish","4":"has-post-thumbnail","6":"product_cat-alla-produkter","7":"product_cat-spannmal","8":"product_cat-luftsystem","9":"product_cat-varmekallor","10":"product_tag-burner-sv","11":"product_tag-dryer-sv","12":"product_tag-dryer-tk-sv","13":"product_tag-plc-sv","14":"description-off","16":"first","17":"instock","18":"shipping-taxable","19":"product-type-simple"},"acf":[],"_links":{"self":[{"href":"https:\/\/www.tornum.com\/sv\/wp-json\/wp\/v2\/product\/14287","targetHints":{"allow":["GET"]}}],"collection":[{"href":"https:\/\/www.tornum.com\/sv\/wp-json\/wp\/v2\/product"}],"about":[{"href":"https:\/\/www.tornum.com\/sv\/wp-json\/wp\/v2\/types\/product"}],"replies":[{"embeddable":true,"href":"https:\/\/www.tornum.com\/sv\/wp-json\/wp\/v2\/comments?post=14287"}],"version-history":[{"count":1,"href":"https:\/\/www.tornum.com\/sv\/wp-json\/wp\/v2\/product\/14287\/revisions"}],"predecessor-version":[{"id":46690,"href":"https:\/\/www.tornum.com\/sv\/wp-json\/wp\/v2\/product\/14287\/revisions\/46690"}],"wp:featuredmedia":[{"embeddable":true,"href":"https:\/\/www.tornum.com\/sv\/wp-json\/wp\/v2\/media\/10940"}],"wp:attachment":[{"href":"https:\/\/www.tornum.com\/sv\/wp-json\/wp\/v2\/media?parent=14287"}],"wp:term":[{"taxonomy":"product_brand","embeddable":true,"href":"https:\/\/www.tornum.com\/sv\/wp-json\/wp\/v2\/product_brand?post=14287"},{"taxonomy":"product_cat","embeddable":true,"href":"https:\/\/www.tornum.com\/sv\/wp-json\/wp\/v2\/product_cat?post=14287"},{"taxonomy":"product_tag","embeddable":true,"href":"https:\/\/www.tornum.com\/sv\/wp-json\/wp\/v2\/product_tag?post=14287"}],"curies":[{"name":"wp","href":"https:\/\/api.w.org\/{rel}","templated":true}]}}