{"id":14291,"date":"2023-05-04T09:56:59","date_gmt":"2023-05-04T09:56:59","guid":{"rendered":"https:\/\/dev.rapid.si\/product\/dual-batch-dryer-ts-and-tshr\/"},"modified":"2024-12-30T10:55:21","modified_gmt":"2024-12-30T10:55:21","slug":"dubbel-satstork-ts-och-tshr","status":"publish","type":"product","link":"https:\/\/www.tornum.com\/sv\/produkt\/dubbel-satstork-ts-och-tshr\/","title":{"rendered":"Dubbel satstork TS och TSHR"},"content":{"rendered":"<div class=\"wpb-content-wrapper\"><p>[vc_row gap=&#8221;35&#8243;][vc_column width=&#8221;2\/3&#8243;][vc_column_text]Med TORNUMs luftv\u00e4xlare kan man bygga samman tv\u00e5 satstorkar till en dubbel satstork. Luftv\u00e4xlaren ansluts till v\u00e4rmek\u00e4llan och kylfl\u00e4kten. Med detta system kan man v\u00e4xelvis torka i den ena satstorken medan man kyler, t\u00f6mmer och fyller den andra. H\u00e4rigenom utnyttjas v\u00e4rmek\u00e4llan maximalt och man blir mindre bunden till att passa spannm\u00e5lstorken n\u00e4r den \u00e4r f\u00e4rdig.<\/p>\n<p><strong>\u00a0Konceptet best\u00e5r av:<\/strong><\/p>\n<ul>\n<li>Tv\u00e5\u00a0<a href=\"https:\/\/www2.tornum.com\/sv\/product\/spannmalstork-for-satstorkning\/\">satstorkar<\/a><\/li>\n<li>En luftv\u00e4xlare<\/li>\n<li>En fl\u00e4kt f\u00f6r kylning<\/li>\n<li>Kan automatiseras med torkstyrning<\/li>\n<\/ul>\n<p>Dubbel satstork kan utrustas med v\u00e4rme\u00e5tervinning f\u00f6r att minska torktiden samt energif\u00f6rbrukningen i torkprocessen.<br \/>\nEn givare installeras som k\u00e4nner av v\u00e5tluftstemperaturen i torken vilket anv\u00e4nds f\u00f6r att styra torkprocessen.<br \/>\nDubbel satstork TSHR \u00e4r utvecklad av TORNUM AB.<\/p>\n<p><strong>Upp till 12 % effektivisering<\/strong><\/p>\n<p>Konstruktionen i v\u00e5r\u00a0 spannm\u00e5lstork TSHR inneb\u00e4r att man med ett antal spj\u00e4lldelar kan styra uppv\u00e4rmd luft mellan de b\u00e5da satstorkarna. Varmluft som redan passerat spannm\u00e5len i satstork nummer ett kan \u00e5tervinnas och f\u00f6ras \u00f6ver till satstork nummer tv\u00e5 och p\u00e5 s\u00e5 s\u00e4tt f\u00f6rv\u00e4rma nyp\u00e5fylld spannm\u00e5l. TSHR-konceptet kan med f\u00f6rdel installeras \u00e4ven p\u00e5 en befintlig Dubbel satstork TS .[\/vc_column_text][\/vc_column][vc_column width=&#8221;1\/3&#8243;][vc_column_text]<strong>Tillval<\/strong><\/p>\n<ul>\n<li>Stegar och plattformar<\/li>\n<li>Niv\u00e5vakt<\/li>\n<li>Brandindikator<\/li>\n<li>\u00d6kad buffertzon<\/li>\n<li>Kontroll \u2013 fuktinneh\u00e5ll eller temperatur<\/li>\n<li>Intervallutmatning<\/li>\n<\/ul>\n<p>[\/vc_column_text][\/vc_column][\/vc_row]<\/p>\n<\/div>","protected":false},"excerpt":{"rendered":"<p>TORNUMs luftv\u00e4xlare kombinerar tv\u00e5 satstorkar till en dubbel satstork. Den m\u00f6jligg\u00f6r v\u00e4xelvis torkning i ena satstorken medan den andra kyls och utnyttjar d\u00e4rmed v\u00e4rmek\u00e4llan maximalt och man blir mindre bunden till att passa spannm\u00e5lstorken n\u00e4r den \u00e4r f\u00e4rdig.<\/p>\n","protected":false},"featured_media":10920,"comment_status":"open","ping_status":"closed","template":"","meta":{"_acf_changed":false},"product_brand":[],"product_cat":[213,215,171,172],"product_tag":[260,278,237,305],"class_list":{"0":"post-14291","1":"product","2":"type-product","3":"status-publish","4":"has-post-thumbnail","6":"product_cat-alla-produkter","7":"product_cat-spannmal","8":"product_cat-luftsystem","9":"product_cat-spannmalstork","10":"product_tag-dryer-sv","11":"product_tag-dryer-tk-sv","12":"product_tag-dryer-tkr-sv","13":"product_tag-dryer-ts-sv","14":"description-off","16":"first","17":"instock","18":"shipping-taxable","19":"product-type-simple"},"acf":[],"_links":{"self":[{"href":"https:\/\/www.tornum.com\/sv\/wp-json\/wp\/v2\/product\/14291","targetHints":{"allow":["GET"]}}],"collection":[{"href":"https:\/\/www.tornum.com\/sv\/wp-json\/wp\/v2\/product"}],"about":[{"href":"https:\/\/www.tornum.com\/sv\/wp-json\/wp\/v2\/types\/product"}],"replies":[{"embeddable":true,"href":"https:\/\/www.tornum.com\/sv\/wp-json\/wp\/v2\/comments?post=14291"}],"version-history":[{"count":1,"href":"https:\/\/www.tornum.com\/sv\/wp-json\/wp\/v2\/product\/14291\/revisions"}],"predecessor-version":[{"id":45460,"href":"https:\/\/www.tornum.com\/sv\/wp-json\/wp\/v2\/product\/14291\/revisions\/45460"}],"wp:featuredmedia":[{"embeddable":true,"href":"https:\/\/www.tornum.com\/sv\/wp-json\/wp\/v2\/media\/10920"}],"wp:attachment":[{"href":"https:\/\/www.tornum.com\/sv\/wp-json\/wp\/v2\/media?parent=14291"}],"wp:term":[{"taxonomy":"product_brand","embeddable":true,"href":"https:\/\/www.tornum.com\/sv\/wp-json\/wp\/v2\/product_brand?post=14291"},{"taxonomy":"product_cat","embeddable":true,"href":"https:\/\/www.tornum.com\/sv\/wp-json\/wp\/v2\/product_cat?post=14291"},{"taxonomy":"product_tag","embeddable":true,"href":"https:\/\/www.tornum.com\/sv\/wp-json\/wp\/v2\/product_tag?post=14291"}],"curies":[{"name":"wp","href":"https:\/\/api.w.org\/{rel}","templated":true}]}}