{"id":14292,"date":"2023-05-04T09:49:40","date_gmt":"2023-05-04T09:49:40","guid":{"rendered":"https:\/\/dev.rapid.si\/product\/heat-recovery-dryer-hrc\/"},"modified":"2025-07-14T07:02:02","modified_gmt":"2025-07-14T07:02:02","slug":"heat-recovery-dryer-hrc","status":"publish","type":"product","link":"https:\/\/www.tornum.com\/sv\/produkt\/heat-recovery-dryer-hrc\/","title":{"rendered":"KONTINUERLIG SPANNM\u00c5LSTORK MED \u00c5TERVINNING HRC"},"content":{"rendered":"<div class=\"wpb-content-wrapper\"><p>[vc_row gap=&#8221;35&#8243;][vc_column width=&#8221;2\/3&#8243;][vc_column_text]HRC-torken tar till vara en del av den energi som skulle f\u00f6rlorats i en traditionell spannm\u00e5lstork. I normalfallet \u00e4r det upp till 10 % av v\u00e4rmen som \u00e5tervinns. Dessutom ger den en tystare och renare arbetsmilj\u00f6 genom sin unika konstruktion. Samtliga Tornumsspannm\u00e5lstorkar \u00e4r tillverkade i varmf\u00f6rzinkad pl\u00e5t.<\/p>\n<p>Luften fr\u00e5n kylzonen i en HRC \u00e5tervinningstork recirkuleras. Den uppv\u00e4rmda kylluften som \u00e5tervinns blandas med den uppv\u00e4rmda omgivningsluften som har passerat v\u00e4rmek\u00e4llan. D\u00e5 den \u00e5tervunna luften \u00e4r varmare \u00e4n omgivningens, s\u00e5 kan man s\u00e4nka energitillf\u00f6rseln hos v\u00e4rmek\u00e4llan. Man uppn\u00e5r \u00e4nd\u00e5 \u00f6nskad torktemperatur j\u00e4mf\u00f6rt med om man enbart anv\u00e4nt friskluft. HRC-torkens konstruktion g\u00f6r dessutom att utsugsfl\u00e4ktarna f\u00f6r v\u00e5tluften kr\u00e4ver l\u00e4gre effekt.<\/p>\n<p align=\"LEFT\">.<\/p>\n<p>[\/vc_column_text][\/vc_column][vc_column width=&#8221;1\/3&#8243;][vc_column_text]<strong>INKLUSIVE<\/strong><br \/>\n\u2022\u00a0<a href=\"http:\/\/shop.tornum.se\/Produkter\/Spannmalstorkar\/Ovriga_tillbehor\/Nivaglas_%C3%9870?id=710101\">Niv\u00e5glas<\/a><br \/>\n\u2022 V\u00e5tluftskanal<br \/>\n\u2022 Utmatningsdel \u2013 puls<br \/>\n\u2022 Niv\u00e5givare<br \/>\n\u2022 Buffertzon<br \/>\n\u2022\u00a0<a href=\"https:\/\/www2.tornum.com\/sv\/product\/brandindikator\/\">Brandindikator<\/a><br \/>\n\u2022\u00a0<a href=\"https:\/\/www2.tornum.com\/sv\/product\/utomhusutforande\/\">Utomhusutf\u00f6rande<\/a>\u00a0inkl.\u00a0<a href=\"https:\/\/www2.tornum.com\/sv\/product\/stegar-och-plattformar\/\">stegar och plattformar<\/a><br \/>\n\u2022 \u00c5tervinningszon<br \/>\n\u2022 Styrning vattenhalt<br \/>\n\u2022 Tryckm\u00e4tning f\u00f6r inst\u00e4llning vid uppstart<\/p>\n<p><strong>TILLVAL<\/strong><br \/>\n\u2022\u00a0<a href=\"https:\/\/www2.tornum.com\/sv\/product\/ljuddampare\/\">Ljudd\u00e4mpare<\/a><br \/>\n\u2022 \u00d6kning av buffertzon[\/vc_column_text][\/vc_column][\/vc_row]<\/p>\n<\/div>","protected":false},"excerpt":{"rendered":"<p>HRC-torken tar till vara en del av den energi som skulle f\u00f6rlorats i en traditionell spannm\u00e5lstork. I normalfallet \u00e4r det upp till 10 % av v\u00e4rmen som \u00e5tervinns. Dessutom ger den en tystare och renare arbetsmilj\u00f6 genom sin unika konstruktion.<\/p>\n","protected":false},"featured_media":10916,"comment_status":"open","ping_status":"closed","template":"","meta":{"_acf_changed":false},"product_brand":[],"product_cat":[213,215,171,172],"product_tag":[260,299,278,237],"class_list":{"0":"post-14292","1":"product","2":"type-product","3":"status-publish","4":"has-post-thumbnail","6":"product_cat-alla-produkter","7":"product_cat-spannmal","8":"product_cat-luftsystem","9":"product_cat-spannmalstork","10":"product_tag-dryer-sv","11":"product_tag-dryer-rex-sv","12":"product_tag-dryer-tk-sv","13":"product_tag-dryer-tkr-sv","14":"description-off","16":"first","17":"instock","18":"shipping-taxable","19":"product-type-simple"},"acf":[],"_links":{"self":[{"href":"https:\/\/www.tornum.com\/sv\/wp-json\/wp\/v2\/product\/14292","targetHints":{"allow":["GET"]}}],"collection":[{"href":"https:\/\/www.tornum.com\/sv\/wp-json\/wp\/v2\/product"}],"about":[{"href":"https:\/\/www.tornum.com\/sv\/wp-json\/wp\/v2\/types\/product"}],"replies":[{"embeddable":true,"href":"https:\/\/www.tornum.com\/sv\/wp-json\/wp\/v2\/comments?post=14292"}],"version-history":[{"count":1,"href":"https:\/\/www.tornum.com\/sv\/wp-json\/wp\/v2\/product\/14292\/revisions"}],"predecessor-version":[{"id":45461,"href":"https:\/\/www.tornum.com\/sv\/wp-json\/wp\/v2\/product\/14292\/revisions\/45461"}],"wp:featuredmedia":[{"embeddable":true,"href":"https:\/\/www.tornum.com\/sv\/wp-json\/wp\/v2\/media\/10916"}],"wp:attachment":[{"href":"https:\/\/www.tornum.com\/sv\/wp-json\/wp\/v2\/media?parent=14292"}],"wp:term":[{"taxonomy":"product_brand","embeddable":true,"href":"https:\/\/www.tornum.com\/sv\/wp-json\/wp\/v2\/product_brand?post=14292"},{"taxonomy":"product_cat","embeddable":true,"href":"https:\/\/www.tornum.com\/sv\/wp-json\/wp\/v2\/product_cat?post=14292"},{"taxonomy":"product_tag","embeddable":true,"href":"https:\/\/www.tornum.com\/sv\/wp-json\/wp\/v2\/product_tag?post=14292"}],"curies":[{"name":"wp","href":"https:\/\/api.w.org\/{rel}","templated":true}]}}