{"id":14293,"date":"2023-05-04T09:45:07","date_gmt":"2023-05-04T09:45:07","guid":{"rendered":"https:\/\/dev.rapid.si\/product\/grain-dryer-te\/"},"modified":"2025-07-11T09:23:35","modified_gmt":"2025-07-11T09:23:35","slug":"grain-dryer-te","status":"publish","type":"product","link":"https:\/\/www.tornum.com\/sv\/produkt\/grain-dryer-te\/","title":{"rendered":"SATSTORK TE"},"content":{"rendered":"<div class=\"wpb-content-wrapper\"><p>[vc_row][vc_column width=&#8221;2\/3&#8243;][vc_column_text]TORNUMs spannm\u00e5lstork TE \u00e4r en kompakt satstork med l\u00e5g investeringskostnad som ocks\u00e5 kan anpassas till olika behov. TE-torken har en god torkekonomi och \u00e4r utrustad med sj\u00e4lvt\u00f6mmande bottendel som anv\u00e4nds som torkzon och \u00e4r f\u00f6rsedd med torkbalkar och utloppsspj\u00e4ll. Samtliga v\u00e5ra spannm\u00e5lstorkar \u00e4r tillverkade i varmf\u00f6rzinkad pl\u00e5t.[\/vc_column_text][\/vc_column][vc_column width=&#8221;1\/3&#8243;][vc_column_text]<strong>INKLUSIVE<\/strong><br \/>\n\u2022 Varmluftskanal<br \/>\n\u2022 Sjunkzon<\/p>\n<p><strong>TILLVAL<\/strong><br \/>\n\u2022\u00a0<a href=\"https:\/\/www2.tornum.com\/sv\/product\/stegar-och-plattformar\/\">Stegar och plattformar<\/a><br \/>\n\u2022\u00a0<a href=\"http:\/\/shop.tornum.se\/Produkter\/Spannmalstorkar\/Ovriga_tillbehor\/Nivaglas_%C3%9870?id=710101\">Niv\u00e5glas<\/a>\u00a0\u2013 f\u00f6renklar inspektionen fr\u00e5n utsidan<br \/>\n\u2022 \u00d6kad buffertzon<br \/>\n\u2022 Kontroll \u2013 tid, vikt eller temperatur<br \/>\n\u2022 Fuktig luftkanal<br \/>\n\u2022\u00a0<a href=\"https:\/\/www2.tornum.com\/sv\/product\/nivavakt\/\">Niv\u00e5vakt<\/a><br \/>\n\u2022\u00a0<a href=\"https:\/\/www2.tornum.com\/sv\/product\/brandindikator\/\">Brandindikator<\/a>[\/vc_column_text][\/vc_column][\/vc_row]<\/p>\n<\/div>","protected":false},"excerpt":{"rendered":"<p>Tornums TE satstork \u00e4r en m\u00e5ngsidig och kostnadseffektiv spannm\u00e5lstork, utformad f\u00f6r olika behov. Den har en sj\u00e4lvt\u00f6mmande bottendel som fungerar som torkningszon, komplett med torkbalkar och ett utloppsspj\u00e4ll.<\/p>\n","protected":false},"featured_media":13071,"comment_status":"open","ping_status":"closed","template":"","meta":{"_acf_changed":false},"product_brand":[],"product_cat":[213,170,215,171,172],"product_tag":[259,260,305,285],"class_list":{"0":"post-14293","1":"product","2":"type-product","3":"status-publish","4":"has-post-thumbnail","6":"product_cat-alla-produkter","7":"product_cat-livsmedel-sv","8":"product_cat-spannmal","9":"product_cat-luftsystem","10":"product_cat-spannmalstork","11":"product_tag-burner-sv","12":"product_tag-dryer-sv","13":"product_tag-dryer-ts-sv","14":"product_tag-transport-sv","15":"description-off","17":"first","18":"instock","19":"shipping-taxable","20":"product-type-simple"},"acf":[],"_links":{"self":[{"href":"https:\/\/www.tornum.com\/sv\/wp-json\/wp\/v2\/product\/14293","targetHints":{"allow":["GET"]}}],"collection":[{"href":"https:\/\/www.tornum.com\/sv\/wp-json\/wp\/v2\/product"}],"about":[{"href":"https:\/\/www.tornum.com\/sv\/wp-json\/wp\/v2\/types\/product"}],"replies":[{"embeddable":true,"href":"https:\/\/www.tornum.com\/sv\/wp-json\/wp\/v2\/comments?post=14293"}],"version-history":[{"count":1,"href":"https:\/\/www.tornum.com\/sv\/wp-json\/wp\/v2\/product\/14293\/revisions"}],"predecessor-version":[{"id":45447,"href":"https:\/\/www.tornum.com\/sv\/wp-json\/wp\/v2\/product\/14293\/revisions\/45447"}],"wp:featuredmedia":[{"embeddable":true,"href":"https:\/\/www.tornum.com\/sv\/wp-json\/wp\/v2\/media\/13071"}],"wp:attachment":[{"href":"https:\/\/www.tornum.com\/sv\/wp-json\/wp\/v2\/media?parent=14293"}],"wp:term":[{"taxonomy":"product_brand","embeddable":true,"href":"https:\/\/www.tornum.com\/sv\/wp-json\/wp\/v2\/product_brand?post=14293"},{"taxonomy":"product_cat","embeddable":true,"href":"https:\/\/www.tornum.com\/sv\/wp-json\/wp\/v2\/product_cat?post=14293"},{"taxonomy":"product_tag","embeddable":true,"href":"https:\/\/www.tornum.com\/sv\/wp-json\/wp\/v2\/product_tag?post=14293"}],"curies":[{"name":"wp","href":"https:\/\/api.w.org\/{rel}","templated":true}]}}