{"id":14294,"date":"2023-05-04T09:40:05","date_gmt":"2023-05-04T09:40:05","guid":{"rendered":"https:\/\/dev.rapid.si\/product\/batch-dryer-ts\/"},"modified":"2025-07-11T09:19:52","modified_gmt":"2025-07-11T09:19:52","slug":"satstork-ts","status":"publish","type":"product","link":"https:\/\/www.tornum.com\/sv\/produkt\/satstork-ts\/","title":{"rendered":"SATSTORK TS"},"content":{"rendered":"<div class=\"wpb-content-wrapper\"><p>[vc_row][vc_column width=&#8221;2\/3&#8243;][vc_column_text]En satstork som kan anpassas till olika kapacitetsbehov och \u00e4r f\u00f6rsedd med avst\u00e4ngningsspj\u00e4ll f\u00f6r torkning av mindre partier. Mellan torksektionerna och bottenkupan sitter en torkspj\u00e4lldel som m\u00f6jligg\u00f6r en omblandning av torksatsen utan att hela torken beh\u00f6ver t\u00f6mmas. Detta bidrar till en homogen torkning, h\u00f6g kvalitet p\u00e5 den torkade varan och god v\u00e4rmeekonomi. Samtliga v\u00e5ra spannm\u00e5lstorkar \u00e4r tillverkade i varmf\u00f6rzinkad pl\u00e5t.[\/vc_column_text][\/vc_column][vc_column width=&#8221;1\/3&#8243;][vc_column_text]<strong>INKLUSIVE<\/strong><br \/>\n\u2022\u00a0<a href=\"http:\/\/shop.tornum.se\/Produkter\/Spannmalstorkar\/Ovriga_tillbehor\/Nivaglas_%C3%9870?id=710101\">Niv\u00e5glas<\/a><br \/>\n\u2022 V\u00e5tluftskanal<br \/>\n\u2022 Utmatningsdel<br \/>\n\u2022 Sjunkzon<\/p>\n<p><strong>TILLVAL<br \/>\n<\/strong>\u2022\u00a0<a href=\"https:\/\/www2.tornum.com\/sv\/product\/nivavakt\/\">Niv\u00e5vakt<\/a><br \/>\n\u2022\u00a0<a href=\"https:\/\/www2.tornum.com\/sv\/product\/brandindikator\/\">Brandindikator<\/a><br \/>\n\u2022\u00a0<a href=\"https:\/\/www2.tornum.com\/sv\/product\/stegar-och-plattformar\/\">Stegar och Plattformar<\/a><br \/>\n\u2022\u00a0<a href=\"https:\/\/www2.tornum.com\/sv\/product\/utomhusutforande\/\">Utomhusf\u00f6rande<\/a><br \/>\n\u2022\u00a0<a href=\"http:\/\/shop.tornum.se\/Produkter\/Spiroror\">Spiror\u00f6r<\/a><br \/>\n\u2022\u00a0<a href=\"http:\/\/shop.tornum.se\/Produkter\/Spannmalstorkar\/Elektriska_tillbehor\/Lastcell_10ton_Modell_750_klass_C3?id=570013\">V\u00e5gceller<\/a><br \/>\n\u2022\u00a0<a href=\"http:\/\/shop.tornum.se\/Produkter\/Spannmalstorkar\/Elektriska_tillbehor\/Mekanik_med_hal_till_lastcell_10,_20,_25_ton?id=570014\">Mekanik v\u00e5gceller<\/a><br \/>\n\u2022 Utmatning \u2013 intervall<br \/>\n\u2022 Styrning \u2013 tid, vikt el. temperatur<br \/>\n\u2022 \u00d6kning av sjunkzon[\/vc_column_text][\/vc_column][\/vc_row]<\/p>\n<\/div>","protected":false},"excerpt":{"rendered":"<p>Tornums satstork TS kan anpassas f\u00f6r olika kapacitetsbehov och \u00e4r f\u00f6rsedd med avst\u00e4ngningsspj\u00e4ll f\u00f6r torkning av mindre partier.<\/p>\n","protected":false},"featured_media":13056,"comment_status":"open","ping_status":"closed","template":"","meta":{"_acf_changed":false},"product_brand":[],"product_cat":[213,215,172],"product_tag":[260,278,237,279],"class_list":{"0":"post-14294","1":"product","2":"type-product","3":"status-publish","4":"has-post-thumbnail","6":"product_cat-alla-produkter","7":"product_cat-spannmal","8":"product_cat-spannmalstork","9":"product_tag-dryer-sv","10":"product_tag-dryer-tk-sv","11":"product_tag-dryer-tkr-sv","12":"product_tag-hr-sv","13":"description-off","15":"first","16":"instock","17":"shipping-taxable","18":"product-type-simple"},"acf":[],"_links":{"self":[{"href":"https:\/\/www.tornum.com\/sv\/wp-json\/wp\/v2\/product\/14294","targetHints":{"allow":["GET"]}}],"collection":[{"href":"https:\/\/www.tornum.com\/sv\/wp-json\/wp\/v2\/product"}],"about":[{"href":"https:\/\/www.tornum.com\/sv\/wp-json\/wp\/v2\/types\/product"}],"replies":[{"embeddable":true,"href":"https:\/\/www.tornum.com\/sv\/wp-json\/wp\/v2\/comments?post=14294"}],"version-history":[{"count":1,"href":"https:\/\/www.tornum.com\/sv\/wp-json\/wp\/v2\/product\/14294\/revisions"}],"predecessor-version":[{"id":45457,"href":"https:\/\/www.tornum.com\/sv\/wp-json\/wp\/v2\/product\/14294\/revisions\/45457"}],"wp:featuredmedia":[{"embeddable":true,"href":"https:\/\/www.tornum.com\/sv\/wp-json\/wp\/v2\/media\/13056"}],"wp:attachment":[{"href":"https:\/\/www.tornum.com\/sv\/wp-json\/wp\/v2\/media?parent=14294"}],"wp:term":[{"taxonomy":"product_brand","embeddable":true,"href":"https:\/\/www.tornum.com\/sv\/wp-json\/wp\/v2\/product_brand?post=14294"},{"taxonomy":"product_cat","embeddable":true,"href":"https:\/\/www.tornum.com\/sv\/wp-json\/wp\/v2\/product_cat?post=14294"},{"taxonomy":"product_tag","embeddable":true,"href":"https:\/\/www.tornum.com\/sv\/wp-json\/wp\/v2\/product_tag?post=14294"}],"curies":[{"name":"wp","href":"https:\/\/api.w.org\/{rel}","templated":true}]}}