{"id":14295,"date":"2023-04-03T13:08:41","date_gmt":"2023-04-03T13:08:41","guid":{"rendered":"https:\/\/dev.rapid.si\/product\/receiving-hopper\/"},"modified":"2025-07-30T13:18:59","modified_gmt":"2025-07-30T13:18:59","slug":"receiving-hopper","status":"publish","type":"product","link":"https:\/\/www.tornum.com\/sv\/produkt\/receiving-hopper\/","title":{"rendered":"INLASTNINGSKUPA"},"content":{"rendered":"<div class=\"wpb-content-wrapper\"><p>[vc_row][vc_column width=&#8221;2\/3&#8243;][vc_column_text]TORNUMs inlastningskupa \u00e4r utvecklad f\u00f6r att tillgodose marknaden med ett enkelt system f\u00f6r inlastning av spannm\u00e5l fr\u00e5n k\u00e4rror. Inlastningskupan placeras ovan mark vilket minimerar byggnations- och markarbetet.<br \/>\nInlastningskupan finns i fyra olika storlekar d\u00e4r h\u00f6jden p\u00e5 kupan varierar, bredden \u00e4r dock fastlagd till 4,5 m. Kapacitet p\u00e5 transport\u00f6ren i botten p\u00e5 kupan \u00e4r valfritt mellan 30 ton\/h till 120 ton\/h.[\/vc_column_text][\/vc_column][vc_column width=&#8221;1\/3&#8243;][\/vc_column][\/vc_row]<\/p>\n<\/div>","protected":false},"excerpt":{"rendered":"<p>TORNUMs inlastningskupa \u00e4r utvecklad f\u00f6r att tillgodose marknaden med ett enkelt system f\u00f6r inlastning av spannm\u00e5l fr\u00e5n k\u00e4rror. Inlastningskupan placeras ovan mark vilket minimerar byggnations- och markarbetet.<\/p>\n","protected":false},"featured_media":10790,"comment_status":"open","ping_status":"closed","template":"","meta":{"_acf_changed":false},"product_brand":[],"product_cat":[213,214,170,215,156,160,185],"product_tag":[283,260,285],"class_list":{"0":"post-14295","1":"product","2":"type-product","3":"status-publish","4":"has-post-thumbnail","6":"product_cat-alla-produkter","7":"product_cat-foder","8":"product_cat-livsmedel-sv","9":"product_cat-spannmal","10":"product_cat-materialhantering","11":"product_cat-intagsgrop","12":"product_cat-intagsgrop-sv","13":"product_tag-bin-sv","14":"product_tag-dryer-sv","15":"product_tag-transport-sv","16":"pa_products-type-grain-sv-2","17":"description-off","19":"first","20":"instock","21":"shipping-taxable","22":"product-type-simple"},"acf":[],"_links":{"self":[{"href":"https:\/\/www.tornum.com\/sv\/wp-json\/wp\/v2\/product\/14295","targetHints":{"allow":["GET"]}}],"collection":[{"href":"https:\/\/www.tornum.com\/sv\/wp-json\/wp\/v2\/product"}],"about":[{"href":"https:\/\/www.tornum.com\/sv\/wp-json\/wp\/v2\/types\/product"}],"replies":[{"embeddable":true,"href":"https:\/\/www.tornum.com\/sv\/wp-json\/wp\/v2\/comments?post=14295"}],"version-history":[{"count":1,"href":"https:\/\/www.tornum.com\/sv\/wp-json\/wp\/v2\/product\/14295\/revisions"}],"predecessor-version":[{"id":50608,"href":"https:\/\/www.tornum.com\/sv\/wp-json\/wp\/v2\/product\/14295\/revisions\/50608"}],"wp:featuredmedia":[{"embeddable":true,"href":"https:\/\/www.tornum.com\/sv\/wp-json\/wp\/v2\/media\/10790"}],"wp:attachment":[{"href":"https:\/\/www.tornum.com\/sv\/wp-json\/wp\/v2\/media?parent=14295"}],"wp:term":[{"taxonomy":"product_brand","embeddable":true,"href":"https:\/\/www.tornum.com\/sv\/wp-json\/wp\/v2\/product_brand?post=14295"},{"taxonomy":"product_cat","embeddable":true,"href":"https:\/\/www.tornum.com\/sv\/wp-json\/wp\/v2\/product_cat?post=14295"},{"taxonomy":"product_tag","embeddable":true,"href":"https:\/\/www.tornum.com\/sv\/wp-json\/wp\/v2\/product_tag?post=14295"}],"curies":[{"name":"wp","href":"https:\/\/api.w.org\/{rel}","templated":true}]}}