{"id":14296,"date":"2023-04-03T12:49:18","date_gmt":"2023-04-03T12:49:18","guid":{"rendered":"https:\/\/dev.rapid.si\/product\/bucket-and-chain-elevator-pits\/"},"modified":"2025-02-22T16:32:14","modified_gmt":"2025-02-22T16:32:14","slug":"skop-och-kedjeelevatorgrop","status":"publish","type":"product","link":"https:\/\/www.tornum.com\/sv\/produkt\/skop-och-kedjeelevatorgrop\/","title":{"rendered":"SKOP- OCH KEDJEELEVATORGROP"},"content":{"rendered":"<div class=\"wpb-content-wrapper\"><p>[vc_row gap=&#8221;35&#8243;][vc_column width=&#8221;1\/2&#8243;][vc_column_text]TORNUMs skop- och kedjeelevatorgropar \u00e4r sj\u00e4lvt\u00f6mmande. Funktionen bygger p\u00e5 att inlastningsdelen t\u00f6ms via sj\u00e4lvfall till elevatorn. De \u00e4r b\u00e5da anpassade f\u00f6r fastgjutning direkt i betongplattan. Skopelevatorgropens stora djup \u00e4r ofta en f\u00f6rdel d\u00e5 sj\u00e4lvfall \u00e4ven kan f\u00e5s fr\u00e5n fickor och tork till elevator. Kedjeelevatorgropens inlastningsdel kan st\u00e4ngas med spj\u00e4ll f\u00f6r att kedjeelevatorn ska kunna anv\u00e4ndas till att exempelvis t\u00f6mma torken[\/vc_column_text][\/vc_column][vc_column width=&#8221;1\/2&#8243;][vc_column_text]<strong>UPPBYGGNAD OCH FUNKTION<\/strong><\/p>\n<ul>\n<li>Grund- och t\u00e4ckm\u00e5lad f\u00f6r bra korrosionsskydd.<\/li>\n<li>F\u00f6rsedd med kraftiga b\u00e4rbalkar f\u00f6r k\u00f6rgaller.<\/li>\n<li>Gropen \u00e4r sl\u00e4t inv\u00e4ndigt, vilket ger god hygien och minimal reng\u00f6ring.<\/li>\n<li>Elevatordelen \u00e4r f\u00f6rberedd f\u00f6r t\u00e4ckning.<\/li>\n<\/ul>\n<p><b>TILLVAL<\/b><\/p>\n<ul>\n<li><a href=\"https:\/\/www.tornum.com\/sv\/product\/korgaller\/\">K\u00f6rgaller<\/a><\/li>\n<li><a href=\"https:\/\/www.tornum.com\/sv\/product\/tippskydd-2\/\">Tippskydd<\/a><\/li>\n<li><a href=\"https:\/\/www.tornum.com\/sv\/product\/nivavakt\/\">Niv\u00e5vakt<\/a><\/li>\n<\/ul>\n<p>[\/vc_column_text][\/vc_column][\/vc_row]<\/p>\n<\/div>","protected":false},"excerpt":{"rendered":"<p>Tornums sj\u00e4lvt\u00f6mmande skop- och kedjeelevatorgrop anv\u00e4nder tyngdkraften f\u00f6r att t\u00f6mma mottagningssektionen och \u00e4r d\u00e4rf\u00f6r idealiska f\u00f6r permanent installation i betongfundament.<\/p>\n","protected":false},"featured_media":10778,"comment_status":"open","ping_status":"closed","template":"","meta":{"_acf_changed":false},"product_brand":[],"product_cat":[213,214,170,215,156,160,185],"product_tag":[227,228,260,229],"class_list":{"0":"post-14296","1":"product","2":"type-product","3":"status-publish","4":"has-post-thumbnail","6":"product_cat-alla-produkter","7":"product_cat-foder","8":"product_cat-livsmedel-sv","9":"product_cat-spannmal","10":"product_cat-materialhantering","11":"product_cat-intagsgrop","12":"product_cat-intagsgrop-sv","13":"product_tag-bucket-sv","14":"product_tag-chain-sv","15":"product_tag-dryer-sv","16":"product_tag-elevator-sv","17":"pa_products-type-feed-sv","18":"description-off","20":"first","21":"instock","22":"shipping-taxable","23":"product-type-simple"},"acf":[],"_links":{"self":[{"href":"https:\/\/www.tornum.com\/sv\/wp-json\/wp\/v2\/product\/14296","targetHints":{"allow":["GET"]}}],"collection":[{"href":"https:\/\/www.tornum.com\/sv\/wp-json\/wp\/v2\/product"}],"about":[{"href":"https:\/\/www.tornum.com\/sv\/wp-json\/wp\/v2\/types\/product"}],"replies":[{"embeddable":true,"href":"https:\/\/www.tornum.com\/sv\/wp-json\/wp\/v2\/comments?post=14296"}],"version-history":[{"count":1,"href":"https:\/\/www.tornum.com\/sv\/wp-json\/wp\/v2\/product\/14296\/revisions"}],"predecessor-version":[{"id":46717,"href":"https:\/\/www.tornum.com\/sv\/wp-json\/wp\/v2\/product\/14296\/revisions\/46717"}],"wp:featuredmedia":[{"embeddable":true,"href":"https:\/\/www.tornum.com\/sv\/wp-json\/wp\/v2\/media\/10778"}],"wp:attachment":[{"href":"https:\/\/www.tornum.com\/sv\/wp-json\/wp\/v2\/media?parent=14296"}],"wp:term":[{"taxonomy":"product_brand","embeddable":true,"href":"https:\/\/www.tornum.com\/sv\/wp-json\/wp\/v2\/product_brand?post=14296"},{"taxonomy":"product_cat","embeddable":true,"href":"https:\/\/www.tornum.com\/sv\/wp-json\/wp\/v2\/product_cat?post=14296"},{"taxonomy":"product_tag","embeddable":true,"href":"https:\/\/www.tornum.com\/sv\/wp-json\/wp\/v2\/product_tag?post=14296"}],"curies":[{"name":"wp","href":"https:\/\/api.w.org\/{rel}","templated":true}]}}