{"id":14297,"date":"2023-04-03T12:15:20","date_gmt":"2023-04-03T12:15:20","guid":{"rendered":"https:\/\/dev.rapid.si\/product\/intake-pit-tgs\/"},"modified":"2025-03-05T09:25:46","modified_gmt":"2025-03-05T09:25:46","slug":"intake-pit-tgs","status":"publish","type":"product","link":"https:\/\/www.tornum.com\/sv\/produkt\/intake-pit-tgs\/","title":{"rendered":"TIPPGROP TGS"},"content":{"rendered":"<div class=\"wpb-content-wrapper\"><p>[vc_row gap=&#8221;35&#8243; css=&#8221;.vc_custom_1683181467819{padding-left: 10px !important;}&#8221;][vc_column width=&#8221;2\/3&#8243;][vc_column_text]TORNUMs tippgrop TGS har en stor volym trots sitt ringa djup. Gropen har en sl\u00e4t insida f\u00f6r god hygien och minimal reng\u00f6ring.<br \/>\nTippgrop TGS \u00e4r anpassad f\u00f6r kedjetransport\u00f6rer upp till 400 ton per timma och \u00e4r avsedd f\u00f6r placering i formgjuten kulvert.[\/vc_column_text][\/vc_column][vc_column width=&#8221;1\/3&#8243;][vc_column_text]<strong>UPPBYGGNAD OCH FUNKTION<\/strong><br \/>\n\u2022 Tillverkad i varmf\u00f6rzinkad pl\u00e5t med kraftiga f\u00f6rst\u00e4rkningar p\u00e5 utsidan<br \/>\n\u2022 F\u00f6rsedd med kraftiga b\u00e4rbalkar f\u00f6r k\u00f6rgaller och upph\u00e4ngning av gropen<br \/>\n\u2022 Gropen \u00e4r sl\u00e4t inv\u00e4ndigt, vilket ger god hygien och minimal reng\u00f6ring<br \/>\n\u2022 Skruvbar konstruktion<\/p>\n<p><strong>TILLVAL<\/strong><br \/>\n\u2022\u00a0<a href=\"https:\/\/www2.tornum.com\/sv\/product\/korgaller\/\">K\u00f6rgaller<\/a><br \/>\n\u2022\u00a0<a href=\"https:\/\/www2.tornum.com\/sv\/product\/tippskydd-2\/\">Tippskydd<\/a><br \/>\n\u2022\u00a0<a href=\"https:\/\/www2.tornum.com\/sv\/product\/nivavakt\/\">Niv\u00e5vakt<\/a>[\/vc_column_text][\/vc_column][\/vc_row]<\/p>\n<\/div>","protected":false},"excerpt":{"rendered":"<p>TORNUMs tippgrop TGS har en stor volym trots sitt ringa djup. Gropen har en sl\u00e4t insida f\u00f6r god hygien och minimal reng\u00f6ring.<br \/>\nTippgrop TGS \u00e4r anpassad f\u00f6r kedjetransport\u00f6rer upp till 400 ton per timma och \u00e4r avsedd f\u00f6r placering i formgjuten kulvert.<\/p>\n","protected":false},"featured_media":10768,"comment_status":"open","ping_status":"closed","template":"","meta":{"_acf_changed":false},"product_brand":[],"product_cat":[213,214,170,215,156,160,185],"product_tag":[260,231,232,285],"class_list":{"0":"post-14297","1":"product","2":"type-product","3":"status-publish","4":"has-post-thumbnail","6":"product_cat-alla-produkter","7":"product_cat-foder","8":"product_cat-livsmedel-sv","9":"product_cat-spannmal","10":"product_cat-materialhantering","11":"product_cat-intagsgrop","12":"product_cat-intagsgrop-sv","13":"product_tag-dryer-sv","14":"product_tag-intake-sv","15":"product_tag-pits-sv","16":"product_tag-transport-sv","17":"pa_products-type-grain-sv-2","18":"description-off","20":"first","21":"instock","22":"shipping-taxable","23":"product-type-simple"},"acf":[],"_links":{"self":[{"href":"https:\/\/www.tornum.com\/sv\/wp-json\/wp\/v2\/product\/14297","targetHints":{"allow":["GET"]}}],"collection":[{"href":"https:\/\/www.tornum.com\/sv\/wp-json\/wp\/v2\/product"}],"about":[{"href":"https:\/\/www.tornum.com\/sv\/wp-json\/wp\/v2\/types\/product"}],"replies":[{"embeddable":true,"href":"https:\/\/www.tornum.com\/sv\/wp-json\/wp\/v2\/comments?post=14297"}],"version-history":[{"count":2,"href":"https:\/\/www.tornum.com\/sv\/wp-json\/wp\/v2\/product\/14297\/revisions"}],"predecessor-version":[{"id":46971,"href":"https:\/\/www.tornum.com\/sv\/wp-json\/wp\/v2\/product\/14297\/revisions\/46971"}],"wp:featuredmedia":[{"embeddable":true,"href":"https:\/\/www.tornum.com\/sv\/wp-json\/wp\/v2\/media\/10768"}],"wp:attachment":[{"href":"https:\/\/www.tornum.com\/sv\/wp-json\/wp\/v2\/media?parent=14297"}],"wp:term":[{"taxonomy":"product_brand","embeddable":true,"href":"https:\/\/www.tornum.com\/sv\/wp-json\/wp\/v2\/product_brand?post=14297"},{"taxonomy":"product_cat","embeddable":true,"href":"https:\/\/www.tornum.com\/sv\/wp-json\/wp\/v2\/product_cat?post=14297"},{"taxonomy":"product_tag","embeddable":true,"href":"https:\/\/www.tornum.com\/sv\/wp-json\/wp\/v2\/product_tag?post=14297"}],"curies":[{"name":"wp","href":"https:\/\/api.w.org\/{rel}","templated":true}]}}