{"id":14298,"date":"2023-04-03T11:57:24","date_gmt":"2023-04-03T11:57:24","guid":{"rendered":"https:\/\/dev.rapid.si\/product\/axial-fan\/"},"modified":"2025-07-14T09:09:43","modified_gmt":"2025-07-14T09:09:43","slug":"axialflakt","status":"publish","type":"product","link":"https:\/\/www.tornum.com\/sv\/produkt\/axialflakt\/","title":{"rendered":"AXIALFL\u00c4KT"},"content":{"rendered":"<div class=\"wpb-content-wrapper\"><p>[vc_row gap=&#8221;35&#8243;][vc_column width=&#8221;2\/3&#8243;][vc_column_text]TORNUM axialfl\u00e4ktar anv\u00e4nds i f\u00f6rsta hand som sugande fl\u00e4ktar p\u00e5 kontinuerliga torkar, men kan \u00e4ven anv\u00e4ndas som luftningsl\u00e4ktar p\u00e5 TORNUMs luftningsfickor LT. Chassit \u00e4r av kraftigt varmf\u00f6rzinkat utf\u00f6rande och finns i tre diametrar \u00f8500 mm, \u00f8630 och \u00f81130 mm och ett flertal effekter mellan 2,2kW \u2013 22kW. Fl\u00e4ktar som \u00e4r placerade p\u00e5 torkar kan med f\u00f6rdel utrustas med ljudd\u00e4mpare f\u00f6r att mininera bullerniv\u00e5n till omgivningen[\/vc_column_text][\/vc_column][vc_column width=&#8221;1\/3&#8243;][vc_column_text]<strong>Uppbyggnad och funktion<\/strong><br \/>\n\u2022 Fl\u00e4ktchassit \u00e4r varmf\u00f6rzinkat, vilket ger ett mycket bra korrosionsskydd.<br \/>\n\u2022 Fl\u00e4ktspj\u00e4ll finns som tillbeh\u00f6r. Dess konstruktion med dubbla spj\u00e4llblad ger b\u00e4ttre prestanda \u00e4n andra alternativ som t. ex. att sl\u00e4ppa in tjuvluft.<br \/>\n\u2022 Fl\u00e4kthjulen \u00e4r b\u00e5de statiskt och dynamiskt balanserade.<br \/>\n\u2022 \u00d8500 och 630 har helgjutna fl\u00e4kthjul i aluminium medan \u00d81130 har plastvingar och aluminiumnav.[\/vc_column_text][\/vc_column][\/vc_row]<\/p>\n<\/div>","protected":false},"excerpt":{"rendered":"<p>Tornum axialfl\u00e4ktar anv\u00e4nds som sugande fl\u00e4ktar i kontinuerliga torkar men kan \u00e4ven anv\u00e4ndas som luftningsfl\u00e4ktar i Tornums luftningsfickor LT. De finns i tre diametrar (500 mm, 630 mm och 1130 mm) med effekter som str\u00e4cker sig fr\u00e5n 2,2 kW till 22 kW.<\/p>\n","protected":false},"featured_media":10766,"comment_status":"open","ping_status":"closed","template":"","meta":{"_acf_changed":false},"product_brand":[],"product_cat":[213,215,171,177],"product_tag":[233,265,260,234],"class_list":{"0":"post-14298","1":"product","2":"type-product","3":"status-publish","4":"has-post-thumbnail","6":"product_cat-alla-produkter","7":"product_cat-spannmal","8":"product_cat-luftsystem","9":"product_cat-axialflakt","10":"product_tag-axial-sv","11":"product_tag-conditioning-sv","12":"product_tag-dryer-sv","13":"product_tag-fan-sv","14":"pa_products-type-grain-sv-2","15":"description-off","17":"first","18":"instock","19":"shipping-taxable","20":"product-type-simple"},"acf":[],"_links":{"self":[{"href":"https:\/\/www.tornum.com\/sv\/wp-json\/wp\/v2\/product\/14298","targetHints":{"allow":["GET"]}}],"collection":[{"href":"https:\/\/www.tornum.com\/sv\/wp-json\/wp\/v2\/product"}],"about":[{"href":"https:\/\/www.tornum.com\/sv\/wp-json\/wp\/v2\/types\/product"}],"replies":[{"embeddable":true,"href":"https:\/\/www.tornum.com\/sv\/wp-json\/wp\/v2\/comments?post=14298"}],"version-history":[{"count":1,"href":"https:\/\/www.tornum.com\/sv\/wp-json\/wp\/v2\/product\/14298\/revisions"}],"predecessor-version":[{"id":46733,"href":"https:\/\/www.tornum.com\/sv\/wp-json\/wp\/v2\/product\/14298\/revisions\/46733"}],"wp:featuredmedia":[{"embeddable":true,"href":"https:\/\/www.tornum.com\/sv\/wp-json\/wp\/v2\/media\/10766"}],"wp:attachment":[{"href":"https:\/\/www.tornum.com\/sv\/wp-json\/wp\/v2\/media?parent=14298"}],"wp:term":[{"taxonomy":"product_brand","embeddable":true,"href":"https:\/\/www.tornum.com\/sv\/wp-json\/wp\/v2\/product_brand?post=14298"},{"taxonomy":"product_cat","embeddable":true,"href":"https:\/\/www.tornum.com\/sv\/wp-json\/wp\/v2\/product_cat?post=14298"},{"taxonomy":"product_tag","embeddable":true,"href":"https:\/\/www.tornum.com\/sv\/wp-json\/wp\/v2\/product_tag?post=14298"}],"curies":[{"name":"wp","href":"https:\/\/api.w.org\/{rel}","templated":true}]}}