{"id":14299,"date":"2023-04-03T11:47:47","date_gmt":"2023-04-03T11:47:47","guid":{"rendered":"https:\/\/dev.rapid.si\/product\/tornum-conditioning-laterals\/"},"modified":"2025-08-01T08:14:13","modified_gmt":"2025-08-01T08:14:13","slug":"tornum-luftningsbalk","status":"publish","type":"product","link":"https:\/\/www.tornum.com\/sv\/produkt\/tornum-luftningsbalk\/","title":{"rendered":"TORNUM LUFTNINGSBALK"},"content":{"rendered":"<div class=\"wpb-content-wrapper\"><p>[vc_row gap=&#8221;35&#8243;][vc_column width=&#8221;2\/3&#8243;][vc_column_text]TORNUMs luftningsbalk \u00e4r avsedd f\u00f6r luftning av spannm\u00e5l i spannm\u00e5lssilo med konbotten. Luften ansluts med \u00d8200 mm spiror\u00f6r. Luftningsbalken kan \u00e4ven eftermonteras p\u00e5 de flesta typer av sj\u00e4lvt\u00f6mmande fickor och silos.[\/vc_column_text][\/vc_column][vc_column width=&#8221;1\/3&#8243;][\/vc_column][\/vc_row]<\/p>\n<\/div>","protected":false},"excerpt":{"rendered":"<p>TORNUMs luftningsbalk \u00e4r avsedd f\u00f6r luftning av spannm\u00e5l i spannm\u00e5lssilo med konbotten. Luften ansluts med \u00d8200 mm spiror\u00f6r. Luftningsbalken kan \u00e4ven eftermonteras p\u00e5 de flesta typer av sj\u00e4lvt\u00f6mmande fickor och silos.<\/p>\n","protected":false},"featured_media":13291,"comment_status":"open","ping_status":"closed","template":"","meta":{"_acf_changed":false},"product_brand":[],"product_cat":[213,170,215,171,176],"product_tag":[265,317,297],"class_list":{"0":"post-14299","1":"product","2":"type-product","3":"status-publish","4":"has-post-thumbnail","6":"product_cat-alla-produkter","7":"product_cat-livsmedel-sv","8":"product_cat-spannmal","9":"product_cat-luftsystem","10":"product_cat-luftningsbalk","11":"product_tag-conditioning-sv","12":"product_tag-hopper-silo-sv","13":"product_tag-radial-fan-sv","14":"pa_products-type-grain-sv-2","15":"description-off","17":"first","18":"instock","19":"shipping-taxable","20":"product-type-simple"},"acf":[],"_links":{"self":[{"href":"https:\/\/www.tornum.com\/sv\/wp-json\/wp\/v2\/product\/14299","targetHints":{"allow":["GET"]}}],"collection":[{"href":"https:\/\/www.tornum.com\/sv\/wp-json\/wp\/v2\/product"}],"about":[{"href":"https:\/\/www.tornum.com\/sv\/wp-json\/wp\/v2\/types\/product"}],"replies":[{"embeddable":true,"href":"https:\/\/www.tornum.com\/sv\/wp-json\/wp\/v2\/comments?post=14299"}],"version-history":[{"count":4,"href":"https:\/\/www.tornum.com\/sv\/wp-json\/wp\/v2\/product\/14299\/revisions"}],"predecessor-version":[{"id":51172,"href":"https:\/\/www.tornum.com\/sv\/wp-json\/wp\/v2\/product\/14299\/revisions\/51172"}],"wp:featuredmedia":[{"embeddable":true,"href":"https:\/\/www.tornum.com\/sv\/wp-json\/wp\/v2\/media\/13291"}],"wp:attachment":[{"href":"https:\/\/www.tornum.com\/sv\/wp-json\/wp\/v2\/media?parent=14299"}],"wp:term":[{"taxonomy":"product_brand","embeddable":true,"href":"https:\/\/www.tornum.com\/sv\/wp-json\/wp\/v2\/product_brand?post=14299"},{"taxonomy":"product_cat","embeddable":true,"href":"https:\/\/www.tornum.com\/sv\/wp-json\/wp\/v2\/product_cat?post=14299"},{"taxonomy":"product_tag","embeddable":true,"href":"https:\/\/www.tornum.com\/sv\/wp-json\/wp\/v2\/product_tag?post=14299"}],"curies":[{"name":"wp","href":"https:\/\/api.w.org\/{rel}","templated":true}]}}