{"id":14300,"date":"2023-04-03T09:35:26","date_gmt":"2023-04-03T09:35:26","guid":{"rendered":"https:\/\/dev.rapid.si\/product\/continuous-grain-dryer-tkr\/"},"modified":"2025-07-30T09:42:23","modified_gmt":"2025-07-30T09:42:23","slug":"kontinuerlig-spannmalstork-tkr","status":"publish","type":"product","link":"https:\/\/www.tornum.com\/sv\/produkt\/kontinuerlig-spannmalstork-tkr\/","title":{"rendered":"KONTINUERLIG SPANNM\u00c5LSTORK TKR"},"content":{"rendered":"<div class=\"wpb-content-wrapper\"><p>[vc_row][vc_column width=&#8221;2\/3&#8243;][vc_column_text]Efter att luften har passerat spannm\u00e5len i kylzonen och d\u00e4rvid uppv\u00e4rmts, \u00e5teruppv\u00e4rms den igen i nedre batteriet f\u00f6r att sedan passera den nedre torkzonen i spannm\u00e5lstorken. Den nu n\u00e5got nedkylda och uppfuktade luften blandas med f\u00f6rv\u00e4rmd frisk luft fr\u00e5n ett extra batteri i botten p\u00e5 den \u00f6vre varmluftskanalen. Den v\u00e4rms upp igen n\u00e4r den passerar det \u00f6vre batteriet. Den nu f\u00f6r andra g\u00e5ngen uppv\u00e4rmda luften passerar spannm\u00e5len i den \u00f6vre torkzonen innan den l\u00e4mnar spannm\u00e5lstorken.<\/p>\n<p>Energibesparingen blir p\u00e5 detta s\u00e4tt 15-20%. Detta beror dock p\u00e5 torktemperatur, in- och utg\u00e5ende vattenhalt och omgivningstemperaturen.<br \/>\nTemperaturregleringen sker med regulator som styr shuntventilen.B\u00e5de varm- och fr\u00e5nluftskanalerna \u00e4r f\u00f6rsedda med inspektionsluckor som n\u00e5s via en utv\u00e4ndig stege och inspektionsplattformar alternativt bj\u00e4lklagen. Innanf\u00f6r luckorna finns gallerdurksplan och stegar f\u00f6r inv\u00e4ndig inspektion.[\/vc_column_text][\/vc_column][vc_column width=&#8221;1\/3&#8243;][vc_column_text]<strong>Uppbyggnad och funktion<\/strong><\/p>\n<ul>\n<li>\u00c5tercirkulation av luft<\/li>\n<li>Minskat luftfl\u00f6de 35-45%<\/li>\n<li>Minskad energif\u00f6rbrukning 15-20%<\/li>\n<li>Batterier f\u00f6r vatten<\/li>\n<li>Olika temperaturzoner<\/li>\n<\/ul>\n<p><b>Tillval<\/b><\/p>\n<ul>\n<li>Niv\u00e5vakt<\/li>\n<li>Brandindikator<\/li>\n<\/ul>\n<p>[\/vc_column_text][\/vc_column][\/vc_row]<\/p>\n<\/div>","protected":false},"excerpt":{"rendered":"<div class=\"flex flex-grow flex-col gap-3 max-w-full\">\n<div class=\"min-h-[20px] flex flex-col items-start gap-3 overflow-x-auto whitespace-pre-wrap break-words\">\n<div class=\"markdown prose w-full break-words dark:prose-invert light\">\n<p>Tornums TKR spannm\u00e5lstork \u00e4r en energisparande kontinuerlig tork med en toppmodern \u00e5tercirkulationsdesign. Den torkar inte bara ditt spannm\u00e5l; den optimerar varje steg och resulterar i energibesparingar p\u00e5 upp till 15-20% genom flera uppv\u00e4rmningssteg.<\/p>\n<\/div>\n<\/div>\n<\/div>\n","protected":false},"featured_media":10756,"comment_status":"open","ping_status":"closed","template":"","meta":{"_acf_changed":false},"product_brand":[],"product_cat":[213,214,170,215,171,172],"product_tag":[260,299,278,237],"class_list":{"0":"post-14300","1":"product","2":"type-product","3":"status-publish","4":"has-post-thumbnail","6":"product_cat-alla-produkter","7":"product_cat-foder","8":"product_cat-livsmedel-sv","9":"product_cat-spannmal","10":"product_cat-luftsystem","11":"product_cat-spannmalstork","12":"product_tag-dryer-sv","13":"product_tag-dryer-rex-sv","14":"product_tag-dryer-tk-sv","15":"product_tag-dryer-tkr-sv","16":"pa_products-type-grain-sv-2","17":"description-off","19":"first","20":"instock","21":"shipping-taxable","22":"product-type-simple"},"acf":[],"_links":{"self":[{"href":"https:\/\/www.tornum.com\/sv\/wp-json\/wp\/v2\/product\/14300","targetHints":{"allow":["GET"]}}],"collection":[{"href":"https:\/\/www.tornum.com\/sv\/wp-json\/wp\/v2\/product"}],"about":[{"href":"https:\/\/www.tornum.com\/sv\/wp-json\/wp\/v2\/types\/product"}],"replies":[{"embeddable":true,"href":"https:\/\/www.tornum.com\/sv\/wp-json\/wp\/v2\/comments?post=14300"}],"version-history":[{"count":1,"href":"https:\/\/www.tornum.com\/sv\/wp-json\/wp\/v2\/product\/14300\/revisions"}],"predecessor-version":[{"id":45462,"href":"https:\/\/www.tornum.com\/sv\/wp-json\/wp\/v2\/product\/14300\/revisions\/45462"}],"wp:featuredmedia":[{"embeddable":true,"href":"https:\/\/www.tornum.com\/sv\/wp-json\/wp\/v2\/media\/10756"}],"wp:attachment":[{"href":"https:\/\/www.tornum.com\/sv\/wp-json\/wp\/v2\/media?parent=14300"}],"wp:term":[{"taxonomy":"product_brand","embeddable":true,"href":"https:\/\/www.tornum.com\/sv\/wp-json\/wp\/v2\/product_brand?post=14300"},{"taxonomy":"product_cat","embeddable":true,"href":"https:\/\/www.tornum.com\/sv\/wp-json\/wp\/v2\/product_cat?post=14300"},{"taxonomy":"product_tag","embeddable":true,"href":"https:\/\/www.tornum.com\/sv\/wp-json\/wp\/v2\/product_tag?post=14300"}],"curies":[{"name":"wp","href":"https:\/\/api.w.org\/{rel}","templated":true}]}}