{"id":14301,"date":"2023-03-23T22:10:29","date_gmt":"2023-03-23T22:10:29","guid":{"rendered":"https:\/\/dev.rapid.si\/product\/kanalsystem\/"},"modified":"2025-07-14T07:33:48","modified_gmt":"2025-07-14T07:33:48","slug":"kanalsystem","status":"publish","type":"product","link":"https:\/\/www.tornum.com\/sv\/produkt\/kanalsystem\/","title":{"rendered":"KANALSYSTEM\u2122"},"content":{"rendered":"<div class=\"wpb-content-wrapper\"><p>[vc_row][vc_column width=&#8221;2\/3&#8243;][vc_column_text]TORNUM\u2019s KANALSYSTEM\u2122 har en unik dubbel funktion \u2013h\u00f6g t\u00f6mningskapacitet och mycket goda luftningsegenskaper.<\/p>\n<p>KANALSYSTEM\u2122 best\u00e5r av specialdesignade perforerade kanaler som placeras p\u00e5 en betongplatta. Mellan kanalerna byggs betongryggar upp och detta g\u00f6r att luften som bl\u00e5ses in i systemet f\u00f6ljer betongryggarna och 100% av spannm\u00e5len exponeras f\u00f6r luftfl\u00f6det.<\/p>\n<p>S\u00e4kerheten \u00e4r en av de st\u00f6rsta f\u00f6rdelarna med KANALSYSTEM\u2122. Systemet \u00e4r sj\u00e4lvreng\u00f6rande och har inga mekaniska delar inne i silon. Det finns inte behov av sveperskruv och personalen beh\u00f6ver inte g\u00e5 in i silon under t\u00f6mning. KANALSYSTEM\u2122 har en t\u00f6mningskapacitet p\u00e5 upp till 1000 ton per timma.[\/vc_column_text][\/vc_column][vc_column width=&#8221;1\/3&#8243;][vc_column_text]<strong>Uppbyggnad och funktion<\/strong><br \/>\n\u2022 H\u00f6g t\u00f6mningskapacitet.<br \/>\n\u2022 Mycket goda luftningsegenskaper.<br \/>\n\u2022 Ingen inv\u00e4ndig mekanik.<br \/>\n\u2022 Passar f\u00f6r alla typer av betongsilos oavsett diameter.<\/p>\n<p><strong>Tillval<\/strong><br \/>\n\u2022 Avst\u00e4ngningsd\u00e4mpare, manuell eller motoriserad<br \/>\n\u2022 Extern kanalsystem[\/vc_column_text][\/vc_column][\/vc_row]<\/p>\n<\/div>","protected":false},"excerpt":{"rendered":"<p>S\u00e4kerhet \u00e4r en av de st\u00f6rsta f\u00f6rdelarna med KANALSYSTEM\u2122. Systemet \u00e4r sj\u00e4lvreng\u00f6rande och har inga r\u00f6rliga mekaniska delar inne i silon. En sveperskruv kr\u00e4vs inte, och personal beh\u00f6ver inte g\u00e5 in i silon under t\u00f6mningen. KANALSYSTEM\u2122 har en t\u00f6mningskapacitet p\u00e5 upp till 1 000 ton per timme.<\/p>\n","protected":false},"featured_media":10746,"comment_status":"open","ping_status":"closed","template":"","meta":{"_acf_changed":false},"product_brand":[],"product_cat":[213,215,156,159,163,171,173],"product_tag":[265,236,297,293],"class_list":{"0":"post-14301","1":"product","2":"type-product","3":"status-publish","4":"has-post-thumbnail","6":"product_cat-alla-produkter","7":"product_cat-spannmal","8":"product_cat-materialhantering","9":"product_cat-siloutmatning","10":"product_cat-kanalsystem-sv","11":"product_cat-luftsystem","12":"product_cat-kanalsystem-sv-2","13":"product_tag-conditioning-sv","14":"product_tag-conditioning-laterals-sv","15":"product_tag-radial-fan-sv","16":"product_tag-storage-sv","17":"pa_products-type-all-products-sv","18":"pa_products-type-grain-sv-2","19":"description-off","21":"first","22":"instock","23":"shipping-taxable","24":"product-type-simple"},"acf":[],"_links":{"self":[{"href":"https:\/\/www.tornum.com\/sv\/wp-json\/wp\/v2\/product\/14301","targetHints":{"allow":["GET"]}}],"collection":[{"href":"https:\/\/www.tornum.com\/sv\/wp-json\/wp\/v2\/product"}],"about":[{"href":"https:\/\/www.tornum.com\/sv\/wp-json\/wp\/v2\/types\/product"}],"replies":[{"embeddable":true,"href":"https:\/\/www.tornum.com\/sv\/wp-json\/wp\/v2\/comments?post=14301"}],"version-history":[{"count":1,"href":"https:\/\/www.tornum.com\/sv\/wp-json\/wp\/v2\/product\/14301\/revisions"}],"predecessor-version":[{"id":49651,"href":"https:\/\/www.tornum.com\/sv\/wp-json\/wp\/v2\/product\/14301\/revisions\/49651"}],"wp:featuredmedia":[{"embeddable":true,"href":"https:\/\/www.tornum.com\/sv\/wp-json\/wp\/v2\/media\/10746"}],"wp:attachment":[{"href":"https:\/\/www.tornum.com\/sv\/wp-json\/wp\/v2\/media?parent=14301"}],"wp:term":[{"taxonomy":"product_brand","embeddable":true,"href":"https:\/\/www.tornum.com\/sv\/wp-json\/wp\/v2\/product_brand?post=14301"},{"taxonomy":"product_cat","embeddable":true,"href":"https:\/\/www.tornum.com\/sv\/wp-json\/wp\/v2\/product_cat?post=14301"},{"taxonomy":"product_tag","embeddable":true,"href":"https:\/\/www.tornum.com\/sv\/wp-json\/wp\/v2\/product_tag?post=14301"}],"curies":[{"name":"wp","href":"https:\/\/api.w.org\/{rel}","templated":true}]}}