{"id":14302,"date":"2023-03-23T18:48:14","date_gmt":"2023-03-23T18:48:14","guid":{"rendered":"https:\/\/dev.rapid.si\/product\/grain-cooler\/"},"modified":"2026-04-16T09:36:30","modified_gmt":"2026-04-16T09:36:30","slug":"grain-cooler","status":"publish","type":"product","link":"https:\/\/www.tornum.com\/sv\/produkt\/grain-cooler\/","title":{"rendered":"SPANNM\u00c5LSKYLARE"},"content":{"rendered":"<div class=\"wpb-content-wrapper\"><p>[vc_row gap=&#8221;35&#8243;][vc_column width=&#8221;2\/3&#8243;][vc_column_text css=&#8221;&#8221;]<\/p>\n<p data-start=\"86\" data-end=\"296\"><strong data-start=\"86\" data-end=\"123\">Flexibla l\u00f6sningar f\u00f6r alla behov<\/strong><br data-start=\"123\" data-end=\"126\" \/>Tornums spannm\u00e5lskylar finns i flera storlekar \u2013 fr\u00e5n g\u00e5rdsanl\u00e4ggningar till st\u00f6rre industriella system. Utrustningen \u00e4r konstruerad f\u00f6r enkel installation och transport.<\/p>\n<p data-start=\"298\" data-end=\"439\"><strong data-start=\"298\" data-end=\"323\">P\u00e5litlig konstruktion<\/strong><br data-start=\"323\" data-end=\"326\" \/>F\u00f6r att s\u00e4kerst\u00e4lla p\u00e5litlig och l\u00e5ngvarig drift \u00e4r systemet baserat p\u00e5 robust, h\u00f6gkvalitativ och h\u00e5llbar teknik:<\/p>\n<p data-start=\"441\" data-end=\"687\">\u2022 Automatisk avfrostning med het gas (vid drift med kompressor)<br data-start=\"504\" data-end=\"507\" \/>\u2022 Robust och p\u00e5litlig kompressorteknik<br data-start=\"545\" data-end=\"548\" \/>\u2022 Milj\u00f6v\u00e4nligt k\u00f6ldmedium (R1234ze) med mycket l\u00e5g GWP-faktor<br data-start=\"609\" data-end=\"612\" \/>\u2022 H\u00f6gkvalitativa komponenter f\u00f6r maximal livsl\u00e4ngd och minimalt underh\u00e5ll<\/p>\n<p data-start=\"689\" data-end=\"875\">Den l\u00e5ga GWP-faktorn inneb\u00e4r betydligt mindre milj\u00f6p\u00e5verkan j\u00e4mf\u00f6rt med traditionella k\u00f6ldmedier, vilket g\u00f6r systemet till ett framtidss\u00e4kert val b\u00e5de ur milj\u00f6- och regelverksperspektiv.<\/p>\n<p data-start=\"877\" data-end=\"987\">Konstruktionen \u00e4r utvecklad f\u00f6r att ge stabil prestanda \u00f6ver l\u00e5ng tid och s\u00e4ker samt h\u00e5llbar spannm\u00e5lslagring.<\/p>\n<p data-start=\"994\" data-end=\"1078\"><strong data-start=\"994\" data-end=\"1022\">Avancerad luftbehandling<\/strong><br data-start=\"1022\" data-end=\"1025\" \/>Luften som anv\u00e4nds i kylprocessen behandlas noggrant:<\/p>\n<p data-start=\"1080\" data-end=\"1359\">\u2022 H\u00f6gpresterande radialfl\u00e4ktar (centrifugalfl\u00e4ktar) f\u00f6r j\u00e4mnt luftfl\u00f6de<br data-start=\"1151\" data-end=\"1154\" \/>\u2022 I vissa modeller finns h\u00f6gtrycksfl\u00e4ktar som tillval<br data-start=\"1207\" data-end=\"1210\" \/>\u2022 V\u00e4rmev\u00e4xlare med kopparr\u00f6r och aluminiumlameller<br data-start=\"1260\" data-end=\"1263\" \/>\u2022 Integrerad avfuktning genom kondensation<br data-start=\"1305\" data-end=\"1308\" \/>\u2022 Tv\u00e4ttbara filter som normalt inte beh\u00f6ver bytas<\/p>\n<p data-start=\"1361\" data-end=\"1454\">Den kylda luften distribueras genom spannm\u00e5lsmassan i silon eller lagret via ett kanalsystem.<\/p>\n<p data-start=\"1461\" data-end=\"1540\"><strong data-start=\"1461\" data-end=\"1494\">Full kontroll och \u00f6vervakning<\/strong><br data-start=\"1494\" data-end=\"1497\" \/>Systemet \u00e4r utrustat med modern styrteknik:<\/p>\n<p data-start=\"1542\" data-end=\"1743\">\u2022 PLC-styrning (Siemens i CHARLY-modeller, Allen-Bradley i TURBOGRAIN-modeller)<br data-start=\"1621\" data-end=\"1624\" \/>\u2022 Anv\u00e4ndarv\u00e4nligt peksk\u00e4rmsgr\u00e4nssnitt<br data-start=\"1661\" data-end=\"1664\" \/>\u2022 Frekvensstyrda fl\u00e4ktar<br data-start=\"1688\" data-end=\"1691\" \/>\u2022 Fj\u00e4rrstyrning via Ethernet eller Wi-Fi (tillval)<\/p>\n<p data-start=\"1745\" data-end=\"1793\">Driftsdata registreras kontinuerligt, inklusive:<\/p>\n<p data-start=\"1795\" data-end=\"1879\">\u2022 Temperatur och luftfuktighet<br data-start=\"1825\" data-end=\"1828\" \/>\u2022 Systemtryck<br data-start=\"1841\" data-end=\"1844\" \/>\u2022 Drifttid och avfrostningscykler<\/p>\n<p data-start=\"1886\" data-end=\"2132\"><strong data-start=\"1886\" data-end=\"1929\">Byggt p\u00e5 erfarenhet och bepr\u00f6vad teknik<\/strong><br data-start=\"1929\" data-end=\"1932\" \/>Tornum har l\u00e5ng erfarenhet av l\u00f6sningar f\u00f6r spannm\u00e5lshantering och lagring. Genom att kombinera teknisk expertis med praktisk f\u00f6rst\u00e5else f\u00f6r jordbrukets behov levereras p\u00e5litliga och effektiva system.<\/p>\n<p data-start=\"2134\" data-end=\"2273\">Resultatet \u00e4r en l\u00f6sning som fungerar i verkliga lagringsmilj\u00f6er \u2013 med fokus p\u00e5 tillf\u00f6rlitlighet, energieffektivitet och anv\u00e4ndarv\u00e4nlighet.<\/p>\n<p data-start=\"2280\" data-end=\"2441\"><strong data-start=\"2280\" data-end=\"2319\">Intelligent och automatiserad drift<\/strong><br data-start=\"2319\" data-end=\"2322\" \/>Tornums spannm\u00e5lskylar \u00f6vervakar och styr kylprocessen med hj\u00e4lp av ett avancerat sensorsystem som kontinuerligt m\u00e4ter:<\/p>\n<p data-start=\"2443\" data-end=\"2609\">\u2022 Utomhusluftens temperatur och luftfuktighet<br data-start=\"2488\" data-end=\"2491\" \/>\u2022 Temperaturen p\u00e5 den behandlade luften<br data-start=\"2530\" data-end=\"2533\" \/>\u2022 Tryck och temperatur i kylsystemet<br data-start=\"2569\" data-end=\"2572\" \/>\u2022 Luftfl\u00f6de till silon eller lagret<\/p>\n<p data-start=\"2611\" data-end=\"2738\">Systemet justerar automatiskt driften och kyler spannm\u00e5len stegvis, vilket s\u00e4kerst\u00e4ller en j\u00e4mn och skonsam temperaturs\u00e4nkning.<\/p>\n<p data-start=\"2745\" data-end=\"2831\"><strong data-start=\"2745\" data-end=\"2770\">Energieffektiv teknik<\/strong><br data-start=\"2770\" data-end=\"2773\" \/>Systemet \u00e4r utformat f\u00f6r att minimera energif\u00f6rbrukningen:<\/p>\n<p data-start=\"2833\" data-end=\"3085\">\u2022 Free Cooling: utnyttjar svala utomhusf\u00f6rh\u00e5llanden utan kompressordrift<br data-start=\"2905\" data-end=\"2908\" \/>\u2022 Energisparfunktion: kompressorn st\u00e4ngs automatiskt av n\u00e4r f\u00f6rh\u00e5llandena till\u00e5ter<br data-start=\"2990\" data-end=\"2993\" \/>\u2022 Ventilationsl\u00e4ge: intelligent ventilationssystem baserat p\u00e5 temperatur och luftfuktighet<\/p>\n<p data-start=\"3092\" data-end=\"3302\" data-is-last-node=\"\" data-is-only-node=\"\"><strong data-start=\"3092\" data-end=\"3129\">Flexibla l\u00f6sningar f\u00f6r alla behov<\/strong><br data-start=\"3129\" data-end=\"3132\" \/>Tornums spannm\u00e5lskylar finns i flera storlekar \u2013 fr\u00e5n g\u00e5rdsanl\u00e4ggningar till st\u00f6rre industriella system. Utrustningen \u00e4r konstruerad f\u00f6r enkel installation och transport.<\/p>\n<p>[\/vc_column_text][\/vc_column][vc_column width=&#8221;1\/3&#8243;][vc_column_text css=&#8221;&#8221;]<\/p>\n<p data-start=\"0\" data-end=\"304\"><strong data-start=\"0\" data-end=\"51\">Adaptiv drift vid varierande klimatf\u00f6rh\u00e5llanden<\/strong><br data-start=\"51\" data-end=\"54\" \/>Systemet \u00e4r konstruerat f\u00f6r att fungera effektivt under varierande klimatf\u00f6rh\u00e5llanden. Vid l\u00e4gre utomhustemperaturer arbetar det utan kompressor och anv\u00e4nder omgivningsluften f\u00f6r kylning i kombination med fl\u00e4ktar (och vid behov en elektrisk v\u00e4rmare).<\/p>\n<p data-start=\"306\" data-end=\"345\"><strong data-start=\"306\" data-end=\"345\">Varf\u00f6r v\u00e4lja Tornums spannm\u00e5lskylar:<\/strong><\/p>\n<p data-start=\"347\" data-end=\"592\" data-is-last-node=\"\" data-is-only-node=\"\">\u2022 Minskar behovet av kemisk insektsbek\u00e4mpning<br data-start=\"392\" data-end=\"395\" \/>\u2022 Bevarar spannm\u00e5lens kvalitet och f\u00f6rl\u00e4nger lagringstiden<br data-start=\"453\" data-end=\"456\" data-is-only-node=\"\" \/>\u2022 Kan under r\u00e4tt f\u00f6rh\u00e5llanden bidra till att s\u00e4nka fukthalten<br data-start=\"517\" data-end=\"520\" \/>\u2022 L\u00e5g energif\u00f6rbrukning<br data-start=\"543\" data-end=\"546\" \/>\u2022 Enkel installation<br data-start=\"566\" data-end=\"569\" \/>\u2022 Helt automatisk drift<\/p>\n<p>[\/vc_column_text][\/vc_column][\/vc_row]<\/p>\n<\/div>","protected":false},"excerpt":{"rendered":"<p>Tornums spannm\u00e5lskylare \u00e5stadkommer det som naturen inte alltid kan ge &#8211; en s\u00e4ker lagringstemperatur oavsett omgivande f\u00f6rh\u00e5llanden.<\/p>\n<p>Tornum har mycket l\u00e5ng erfarenhet av arbete med spannm\u00e5lskylar och spannm\u00e5ls\u00adkvalitet. Vi erbjuder ett brett utbud av olika kyl\u00f6sningar anpassade efter dina behov. Alla kylmaskiner \u00e4r mobila, s\u00e5 de kan enkelt flyttas mellan olika silos. Kontakta ditt lokala Tornum-kontor s\u00e5 ber\u00e4ttar vi mer.<\/p>\n","protected":false},"featured_media":13284,"comment_status":"open","ping_status":"closed","template":"","meta":{"_acf_changed":false},"product_brand":[],"product_cat":[213,215,171,179],"product_tag":[265,236,308,309],"class_list":{"0":"post-14302","1":"product","2":"type-product","3":"status-publish","4":"has-post-thumbnail","6":"product_cat-alla-produkter","7":"product_cat-spannmal","8":"product_cat-luftsystem","9":"product_cat-kylmaskin-kylning","10":"product_tag-conditioning-sv","11":"product_tag-conditioning-laterals-sv","12":"product_tag-cooling-sv","13":"product_tag-cooling-machine-sv","14":"pa_products-type-all-products-sv","15":"pa_products-type-grain-sv-2","17":"first","18":"instock","19":"shipping-taxable","20":"product-type-simple"},"acf":[],"_links":{"self":[{"href":"https:\/\/www.tornum.com\/sv\/wp-json\/wp\/v2\/product\/14302","targetHints":{"allow":["GET"]}}],"collection":[{"href":"https:\/\/www.tornum.com\/sv\/wp-json\/wp\/v2\/product"}],"about":[{"href":"https:\/\/www.tornum.com\/sv\/wp-json\/wp\/v2\/types\/product"}],"replies":[{"embeddable":true,"href":"https:\/\/www.tornum.com\/sv\/wp-json\/wp\/v2\/comments?post=14302"}],"version-history":[{"count":7,"href":"https:\/\/www.tornum.com\/sv\/wp-json\/wp\/v2\/product\/14302\/revisions"}],"predecessor-version":[{"id":53988,"href":"https:\/\/www.tornum.com\/sv\/wp-json\/wp\/v2\/product\/14302\/revisions\/53988"}],"wp:featuredmedia":[{"embeddable":true,"href":"https:\/\/www.tornum.com\/sv\/wp-json\/wp\/v2\/media\/13284"}],"wp:attachment":[{"href":"https:\/\/www.tornum.com\/sv\/wp-json\/wp\/v2\/media?parent=14302"}],"wp:term":[{"taxonomy":"product_brand","embeddable":true,"href":"https:\/\/www.tornum.com\/sv\/wp-json\/wp\/v2\/product_brand?post=14302"},{"taxonomy":"product_cat","embeddable":true,"href":"https:\/\/www.tornum.com\/sv\/wp-json\/wp\/v2\/product_cat?post=14302"},{"taxonomy":"product_tag","embeddable":true,"href":"https:\/\/www.tornum.com\/sv\/wp-json\/wp\/v2\/product_tag?post=14302"}],"curies":[{"name":"wp","href":"https:\/\/api.w.org\/{rel}","templated":true}]}}