{"id":14304,"date":"2023-03-05T22:37:28","date_gmt":"2023-03-05T22:37:28","guid":{"rendered":"https:\/\/dev.rapid.si\/product\/buhler-sma-laca\/"},"modified":"2025-07-30T08:26:59","modified_gmt":"2025-07-30T08:26:59","slug":"buhler-sma-lacb","status":"publish","type":"product","link":"https:\/\/www.tornum.com\/sv\/produkt\/buhler-sma-lacb\/","title":{"rendered":"B\u00dcHLER SMA \u2013 LACB"},"content":{"rendered":"<div class=\"wpb-content-wrapper\"><p>[vc_row gap=&#8221;35&#8243;][vc_column width=&#8221;2\/3&#8243;][vc_column_text]<\/p>\n<h3><strong>UNIVERSAL CLEANING MACHINE B\u00dcHLER LACB SMA 203-3 \/ 206-6<\/strong><\/h3>\n<p>SMA \u00e4r en prisv\u00e4nlig universalrensmaskin avsedd f\u00f6r intagsrensning av spannm\u00e5l men l\u00e4mpar sig ocks\u00e5 f\u00f6r finrensning och maltkornsortering. Kraftig konstruktion som ger en l\u00e5ng livsl\u00e4ngd och problemfri drift. SMA finns i 5 modeller med kapaciteter fr\u00e5n 12-220 ton\/h.[\/vc_column_text][\/vc_column][vc_column width=&#8221;1\/3&#8243;][vc_column_text]<strong>Uppbyggnad och funktion<\/strong><\/p>\n<ul>\n<li>Oscillerande s\u00e5llbox ger en mjuk och vibrationsfri drift.<\/li>\n<li>Konstruktionen medf\u00f6r minimala krav p\u00e5 fundamentet.<\/li>\n<li>S\u00e5llkassetter i st\u00e5l med bollrensning<\/li>\n<li>Helt inkapslad s\u00e5llbox f\u00f6r en dammfri milj\u00f6.<\/li>\n<li>Utloppsdel med stigluftskanal<\/li>\n<li>Inloppsdel med aspirationskanal och matarvals (modell 203 och 206)<\/li>\n<\/ul>\n<p><strong>TILLVAL<\/strong><\/p>\n<ul>\n<li>Utloppskupa med magnet<\/li>\n<li>Fl\u00e4kt<\/li>\n<li>\u00a0Cyklon<\/li>\n<li>\u00a0Filter<\/li>\n<\/ul>\n<p>[\/vc_column_text][\/vc_column][\/vc_row]<\/p>\n<\/div>","protected":false},"excerpt":{"rendered":"<div class=\"flex flex-grow flex-col gap-3 max-w-full\">\n<div class=\"min-h-[20px] flex flex-col items-start gap-3 overflow-x-auto whitespace-pre-wrap break-words\">\n<div class=\"markdown prose w-full break-words dark:prose-invert light\">\n<p>SMA \u00e4r en robust och prisv\u00e4nlig universalrensmaskin designad f\u00f6r rensning vid spannm\u00e5lsintag, finrensning och sortering av spannm\u00e5l. Den finns i fem modeller med kapaciteter som str\u00e4cker sig fr\u00e5n 12 till 220 ton\/timme och s\u00e4kerst\u00e4ller l\u00e5ngvarig och problemfri drift.<\/p>\n<\/div>\n<\/div>\n<\/div>\n","protected":false},"featured_media":48264,"comment_status":"open","ping_status":"closed","template":"","meta":{"_acf_changed":false},"product_brand":[],"product_cat":[213,170,215,156,165],"product_tag":[288,289,266,267],"class_list":{"0":"post-14304","1":"product","2":"type-product","3":"status-publish","4":"has-post-thumbnail","6":"product_cat-alla-produkter","7":"product_cat-livsmedel-sv","8":"product_cat-spannmal","9":"product_cat-materialhantering","10":"product_cat-rensmaskin","11":"product_tag-cleaning-sv","12":"product_tag-dc-remover-sv","13":"product_tag-dust-sv","14":"product_tag-separation-sv","15":"pa_products-type-all-products-sv","16":"pa_products-type-grain-sv-2","17":"description-off","19":"first","20":"instock","21":"shipping-taxable","22":"product-type-simple"},"acf":[],"_links":{"self":[{"href":"https:\/\/www.tornum.com\/sv\/wp-json\/wp\/v2\/product\/14304","targetHints":{"allow":["GET"]}}],"collection":[{"href":"https:\/\/www.tornum.com\/sv\/wp-json\/wp\/v2\/product"}],"about":[{"href":"https:\/\/www.tornum.com\/sv\/wp-json\/wp\/v2\/types\/product"}],"replies":[{"embeddable":true,"href":"https:\/\/www.tornum.com\/sv\/wp-json\/wp\/v2\/comments?post=14304"}],"version-history":[{"count":1,"href":"https:\/\/www.tornum.com\/sv\/wp-json\/wp\/v2\/product\/14304\/revisions"}],"predecessor-version":[{"id":50479,"href":"https:\/\/www.tornum.com\/sv\/wp-json\/wp\/v2\/product\/14304\/revisions\/50479"}],"wp:featuredmedia":[{"embeddable":true,"href":"https:\/\/www.tornum.com\/sv\/wp-json\/wp\/v2\/media\/48264"}],"wp:attachment":[{"href":"https:\/\/www.tornum.com\/sv\/wp-json\/wp\/v2\/media?parent=14304"}],"wp:term":[{"taxonomy":"product_brand","embeddable":true,"href":"https:\/\/www.tornum.com\/sv\/wp-json\/wp\/v2\/product_brand?post=14304"},{"taxonomy":"product_cat","embeddable":true,"href":"https:\/\/www.tornum.com\/sv\/wp-json\/wp\/v2\/product_cat?post=14304"},{"taxonomy":"product_tag","embeddable":true,"href":"https:\/\/www.tornum.com\/sv\/wp-json\/wp\/v2\/product_tag?post=14304"}],"curies":[{"name":"wp","href":"https:\/\/api.w.org\/{rel}","templated":true}]}}