{"id":14305,"date":"2023-03-05T22:36:52","date_gmt":"2023-03-05T22:36:52","guid":{"rendered":"https:\/\/dev.rapid.si\/product\/continuous-grain-dryer-tk\/"},"modified":"2025-07-11T09:37:47","modified_gmt":"2025-07-11T09:37:47","slug":"kontinuerlig-spannmalstork-tk","status":"publish","type":"product","link":"https:\/\/www.tornum.com\/sv\/produkt\/kontinuerlig-spannmalstork-tk\/","title":{"rendered":"KONTINUERLIG SPANNM\u00c5LSTORK TK"},"content":{"rendered":"<div class=\"wpb-content-wrapper\"><p>[vc_row gap=&#8221;35&#8243;][vc_column width=&#8221;2\/3&#8243;][vc_column_text]TORNUMs kontinuerliga spannm\u00e5lstork TK \u00e4r utformad f\u00f6r att ge b\u00e4sta v\u00e4rmeekonomi\u00a0och en skonsam torkning av spannm\u00e5len. H\u00f6g kvalitet tillsammans med konstruktionsl\u00f6sningar som tilltalar agroindustrin har gjort att TK-torken i dag s\u00e4ljs i stor omfattning till s\u00e5v\u00e4l lantbruk som spannm\u00e5lsindustrin. Kan placeras b\u00e5de utomhus och inomhus. Samtliga v\u00e5ra spannm\u00e5lstorkar \u00e4r tillverkade i varmf\u00f6rzinkad pl\u00e5t.<\/p>\n<p>Med den nya TK BIG-serien n\u00e5r torkkapaciteten en helt ny niv\u00e5. Vid full effekt har den st\u00f6rsta modellen av v\u00e5r BIG-serie, TK 16-44, en kapacitet p\u00e5 300 ton per timme. I Ukraina har vi byggt 2 stycken TK12-28-4 och varje tork rymmer 275 m3 och har en torkkapacitet p\u00e5 133 t\/h f\u00f6r vete. Se film fr\u00e5n anl\u00e4ggningen nedan.[\/vc_column_text][\/vc_column][vc_column width=&#8221;1\/3&#8243;][vc_column_text]<strong>INCLUSIVE<\/strong><\/p>\n<ul>\n<li>Niv\u00e5glas<\/li>\n<li>V\u00e5tluftskanal<\/li>\n<li>Utmatningsdel \u2013 vals el. puls<\/li>\n<li>Niv\u00e5givare<\/li>\n<li>Buffertzon<\/li>\n<li>Variabel kylzon<\/li>\n<\/ul>\n<p><strong>ALTERNATIV<\/strong><\/p>\n<ul>\n<li>Stegar och plattformar<\/li>\n<li>\u00d6kad buffertzon<\/li>\n<li>Kontroll \u2013 fukt eller temperatur<\/li>\n<li>Brandindikator<\/li>\n<li>Ljudd\u00e4mpare<\/li>\n<\/ul>\n<p>[\/vc_column_text][\/vc_column][\/vc_row]<\/p>\n<\/div>","protected":false},"excerpt":{"rendered":"<p>TORNUMs TK kontinuerliga spannm\u00e5lstork erbjuder effektiv uppv\u00e4rmning och skonsam spannm\u00e5lstorkning och \u00e4r framg\u00e5ngsrik inom lantbruksindustrin tack vare sin enast\u00e5ende kvalitet och unika design.<\/p>\n","protected":false},"featured_media":10676,"comment_status":"open","ping_status":"closed","template":"","meta":{"_acf_changed":false},"product_brand":[],"product_cat":[213,214,170,215,171,172],"product_tag":[259,260,299,237],"class_list":{"0":"post-14305","1":"product","2":"type-product","3":"status-publish","4":"has-post-thumbnail","6":"product_cat-alla-produkter","7":"product_cat-foder","8":"product_cat-livsmedel-sv","9":"product_cat-spannmal","10":"product_cat-luftsystem","11":"product_cat-spannmalstork","12":"product_tag-burner-sv","13":"product_tag-dryer-sv","14":"product_tag-dryer-rex-sv","15":"product_tag-dryer-tkr-sv","16":"pa_products-type-all-products-sv","17":"pa_products-type-grain-sv-2","19":"first","20":"instock","21":"shipping-taxable","22":"product-type-simple"},"acf":[],"_links":{"self":[{"href":"https:\/\/www.tornum.com\/sv\/wp-json\/wp\/v2\/product\/14305","targetHints":{"allow":["GET"]}}],"collection":[{"href":"https:\/\/www.tornum.com\/sv\/wp-json\/wp\/v2\/product"}],"about":[{"href":"https:\/\/www.tornum.com\/sv\/wp-json\/wp\/v2\/types\/product"}],"replies":[{"embeddable":true,"href":"https:\/\/www.tornum.com\/sv\/wp-json\/wp\/v2\/comments?post=14305"}],"version-history":[{"count":1,"href":"https:\/\/www.tornum.com\/sv\/wp-json\/wp\/v2\/product\/14305\/revisions"}],"predecessor-version":[{"id":45455,"href":"https:\/\/www.tornum.com\/sv\/wp-json\/wp\/v2\/product\/14305\/revisions\/45455"}],"wp:featuredmedia":[{"embeddable":true,"href":"https:\/\/www.tornum.com\/sv\/wp-json\/wp\/v2\/media\/10676"}],"wp:attachment":[{"href":"https:\/\/www.tornum.com\/sv\/wp-json\/wp\/v2\/media?parent=14305"}],"wp:term":[{"taxonomy":"product_brand","embeddable":true,"href":"https:\/\/www.tornum.com\/sv\/wp-json\/wp\/v2\/product_brand?post=14305"},{"taxonomy":"product_cat","embeddable":true,"href":"https:\/\/www.tornum.com\/sv\/wp-json\/wp\/v2\/product_cat?post=14305"},{"taxonomy":"product_tag","embeddable":true,"href":"https:\/\/www.tornum.com\/sv\/wp-json\/wp\/v2\/product_tag?post=14305"}],"curies":[{"name":"wp","href":"https:\/\/api.w.org\/{rel}","templated":true}]}}