{"id":14306,"date":"2023-01-29T22:13:53","date_gmt":"2023-01-29T22:13:53","guid":{"rendered":"https:\/\/dev.rapid.si\/product\/continuous-grain-dryer-hr\/"},"modified":"2025-07-11T10:33:01","modified_gmt":"2025-07-11T10:33:01","slug":"kontinuerlig-spannmalstork-med-atervinning-hr","status":"publish","type":"product","link":"https:\/\/www.tornum.com\/sv\/produkt\/kontinuerlig-spannmalstork-med-atervinning-hr\/","title":{"rendered":"KONTINUERLIG SPANNM\u00c5LSTORK MED \u00c5TERVINNING HR"},"content":{"rendered":"<div class=\"wpb-content-wrapper\"><p>[vc_row gap=&#8221;35&#8243;][vc_column width=&#8221;2\/3&#8243;][vc_column_text]HR-\u00e5tervinningstork \u00e4r resultatet av v\u00e5r st\u00e4ndiga str\u00e4van att utveckla v\u00e5rt sortiment och minska energi\u00e5tg\u00e5ngen i v\u00e5ra torkar.\u00a0 HR-torken tar till vara en del av den energi som skulle f\u00f6rlorats i en traditionell spannm\u00e5lstork. I normalfallet \u00e4r det upp till 30 % av v\u00e4rmen som \u00e5tervinns. Dessutom ger den en tystare och renare arbetsmilj\u00f6 genom sin unika konstruktion. Samtliga v\u00e5ra spannm\u00e5lstorkar \u00e4r tillverkade i varmf\u00f6rzinkad pl\u00e5t.<\/p>\n<p><b><\/b><strong>STANDARDUTRUSTNING<\/strong><\/p>\n<ul>\n<li><a href=\"http:\/\/shop.tornum.se\/Produkter\/Spannmalstorkar\/Ovriga_tillbehor\/Nivaglas_%C3%9870?id=710101\">Niv\u00e5glas<\/a><\/li>\n<li>V\u00e5tluftskanal<\/li>\n<li>Utmatningsdel \u2013 puls<\/li>\n<li>Niv\u00e5givare<\/li>\n<li>Buffertzon<\/li>\n<li>Brandindikator<\/li>\n<li>Utomhusutf\u00f6randeinkl.\u00a0stegar och plattformar<\/li>\n<li>\u00c5tervinningszon<\/li>\n<li>Styrning vattenhalt<\/li>\n<li>Tryckm\u00e4tning f\u00f6r inst\u00e4llning vid uppstart<\/li>\n<\/ul>\n<p>[\/vc_column_text][\/vc_column][vc_column width=&#8221;1\/3&#8243;][vc_column_text]<strong>Minskar energif\u00f6rbrukningen med upp till 30 procent<\/strong><\/p>\n<p>Omkring en fj\u00e4rdedel av den varmaste v\u00e5tluften i HR \u00e5tervinningstork recirkuleras. V\u00e5tluften som \u00e5tervinns leds genom en \u00e5terf\u00f6ringszon, f\u00f6r att sedan blandas med den uppv\u00e4rmda kylluften. D\u00e5 den \u00e5tervunna luften \u00e4r varmare \u00e4n omgivningens, s\u00e5 kan man s\u00e4nka energitillf\u00f6rseln p\u00e5 gasbr\u00e4nnaren. Man uppn\u00e5r \u00e4nd\u00e5 \u00f6nskad torktemperatur j\u00e4mf\u00f6rt med om man enbart anv\u00e4nt friskluft. HR-torkens konstruktion g\u00f6r dessutom att utsugsfl\u00e4ktarna i toppen kr\u00e4ver l\u00e4gre effekt.<\/p>\n<p><strong>P\u00e5 Tornums Youtube-kanal finns en animering som visar luftfl\u00f6det i spannm\u00e5lstorken.<\/strong>\u00a0<a href=\"https:\/\/youtu.be\/HOoipzpGT4w\"><strong>Klicka h\u00e4r f\u00f6r att se den.<\/strong><\/a><\/p>\n<p><strong>TILLVAL <\/strong><\/p>\n<ul>\n<li>\u00d6kad buffertzon<\/li>\n<li>Dammborttagning inklusive utmatningsskruv<\/li>\n<li>Ljudd\u00e4mpare<\/li>\n<\/ul>\n<p>[\/vc_column_text][\/vc_column][\/vc_row]<\/p>\n<\/div>","protected":false},"excerpt":{"rendered":"<p>Tornums HR spannm\u00e5lstork \u00e4r en energieffektiv innovation som f\u00e5ngar och utnyttjar upp till 30% av v\u00e4rmen som normalt sett skulle g\u00e5 f\u00f6rlorad i en traditionell spannm\u00e5lstork, vilket bidrar till minskad energif\u00f6rbrukning och milj\u00f6p\u00e5verkan.<\/p>\n","protected":false},"featured_media":10678,"comment_status":"open","ping_status":"closed","template":"","meta":{"_acf_changed":false},"product_brand":[],"product_cat":[213,214,170,215,171,172],"product_tag":[259,260,278,237],"class_list":{"0":"post-14306","1":"product","2":"type-product","3":"status-publish","4":"has-post-thumbnail","6":"product_cat-alla-produkter","7":"product_cat-foder","8":"product_cat-livsmedel-sv","9":"product_cat-spannmal","10":"product_cat-luftsystem","11":"product_cat-spannmalstork","12":"product_tag-burner-sv","13":"product_tag-dryer-sv","14":"product_tag-dryer-tk-sv","15":"product_tag-dryer-tkr-sv","16":"pa_products-type-all-products-sv","17":"pa_products-type-grain-sv-2","18":"description-off","20":"first","21":"instock","22":"shipping-taxable","23":"product-type-simple"},"acf":[],"_links":{"self":[{"href":"https:\/\/www.tornum.com\/sv\/wp-json\/wp\/v2\/product\/14306","targetHints":{"allow":["GET"]}}],"collection":[{"href":"https:\/\/www.tornum.com\/sv\/wp-json\/wp\/v2\/product"}],"about":[{"href":"https:\/\/www.tornum.com\/sv\/wp-json\/wp\/v2\/types\/product"}],"replies":[{"embeddable":true,"href":"https:\/\/www.tornum.com\/sv\/wp-json\/wp\/v2\/comments?post=14306"}],"version-history":[{"count":1,"href":"https:\/\/www.tornum.com\/sv\/wp-json\/wp\/v2\/product\/14306\/revisions"}],"predecessor-version":[{"id":45451,"href":"https:\/\/www.tornum.com\/sv\/wp-json\/wp\/v2\/product\/14306\/revisions\/45451"}],"wp:featuredmedia":[{"embeddable":true,"href":"https:\/\/www.tornum.com\/sv\/wp-json\/wp\/v2\/media\/10678"}],"wp:attachment":[{"href":"https:\/\/www.tornum.com\/sv\/wp-json\/wp\/v2\/media?parent=14306"}],"wp:term":[{"taxonomy":"product_brand","embeddable":true,"href":"https:\/\/www.tornum.com\/sv\/wp-json\/wp\/v2\/product_brand?post=14306"},{"taxonomy":"product_cat","embeddable":true,"href":"https:\/\/www.tornum.com\/sv\/wp-json\/wp\/v2\/product_cat?post=14306"},{"taxonomy":"product_tag","embeddable":true,"href":"https:\/\/www.tornum.com\/sv\/wp-json\/wp\/v2\/product_tag?post=14306"}],"curies":[{"name":"wp","href":"https:\/\/api.w.org\/{rel}","templated":true}]}}