{"id":14307,"date":"2023-01-29T22:13:35","date_gmt":"2023-01-29T22:13:35","guid":{"rendered":"https:\/\/dev.rapid.si\/product\/continuous-grain-dryer-rex\/"},"modified":"2025-07-30T09:33:41","modified_gmt":"2025-07-30T09:33:41","slug":"kontinuerlig-spannmalstork-rex","status":"publish","type":"product","link":"https:\/\/www.tornum.com\/sv\/produkt\/kontinuerlig-spannmalstork-rex\/","title":{"rendered":"KONTINUERLIG SPANNM\u00c5LSTORK REX"},"content":{"rendered":"<div class=\"wpb-content-wrapper\"><p>[vc_row][vc_column width=&#8221;2\/3&#8243;][vc_column_text]TORNUM REX, n\u00e4sta generations spannm\u00e5lstorkar.<br \/>\nUnder de senaste \u00e5rtiondena har v\u00e5ra kontinuerliga torkar f\u00e5tt ett gott rykte runt om i v\u00e4rlden f\u00f6r den toppmoderna prestandan och h\u00f6ga kvalitet. Nu tar vi ett stort steg in i framtiden med Tornum Rex. M\u00e5nga \u00e5r av utvecklingsarbete har resulterat i ett avsev\u00e4rt f\u00f6rb\u00e4ttrat koncept med nya v\u00e4rdefulla funktioner som ger en mildare och effektivare torkning, enklare reng\u00f6ring, l\u00e4gre energif\u00f6rbrukning och enast\u00e5ende milj\u00f6egenskaper. Kort sagt: N\u00e4sta generation, som bygger p\u00e5 decennier av erfarenhet[\/vc_column_text][\/vc_column][vc_column width=&#8221;1\/3&#8243;][vc_column_text]<\/p>\n<ul>\n<li>Isolering och f\u00f6rv\u00e4rmning ger en f\u00f6rb\u00e4ttrad torkning<\/li>\n<li>L\u00e4gre ljudniv\u00e5 och renare luft<\/li>\n<li>Upp till 30% l\u00e4gre br\u00e4nslef\u00f6rbrukning i HR-l\u00e4ge<\/li>\n<li>Sl\u00e4ta inv\u00e4ndiga ytor f\u00f6r enkel reng\u00f6ring<\/li>\n<li>Effektiv aktiv dammkontroll<\/li>\n<li>Idealisk f\u00f6r torkning i kyliga f\u00f6rh\u00e5llanden<\/li>\n<\/ul>\n<p>[\/vc_column_text][\/vc_column][\/vc_row]<\/p>\n<\/div>","protected":false},"excerpt":{"rendered":"<p>Tornum REX representerar n\u00e4sta generation spannm\u00e5lstorkar och stoltserar med f\u00f6rb\u00e4ttrade funktioner f\u00f6r skonsammare och effektivare torkning, enklare reng\u00f6ring, l\u00e4gre energif\u00f6rbrukning samt \u00f6verl\u00e4gsna milj\u00f6egenskaper. Den bygger p\u00e5 \u00e5rtionden av erfarenhet, prestanda och kvalitet.<\/p>\n","protected":false},"featured_media":10680,"comment_status":"open","ping_status":"closed","template":"","meta":{"_acf_changed":false},"product_brand":[],"product_cat":[213,214,170,215,171,172],"product_tag":[259,260,278,237],"class_list":{"0":"post-14307","1":"product","2":"type-product","3":"status-publish","4":"has-post-thumbnail","6":"product_cat-alla-produkter","7":"product_cat-foder","8":"product_cat-livsmedel-sv","9":"product_cat-spannmal","10":"product_cat-luftsystem","11":"product_cat-spannmalstork","12":"product_tag-burner-sv","13":"product_tag-dryer-sv","14":"product_tag-dryer-tk-sv","15":"product_tag-dryer-tkr-sv","17":"first","18":"instock","19":"shipping-taxable","20":"product-type-simple"},"acf":[],"_links":{"self":[{"href":"https:\/\/www.tornum.com\/sv\/wp-json\/wp\/v2\/product\/14307","targetHints":{"allow":["GET"]}}],"collection":[{"href":"https:\/\/www.tornum.com\/sv\/wp-json\/wp\/v2\/product"}],"about":[{"href":"https:\/\/www.tornum.com\/sv\/wp-json\/wp\/v2\/types\/product"}],"replies":[{"embeddable":true,"href":"https:\/\/www.tornum.com\/sv\/wp-json\/wp\/v2\/comments?post=14307"}],"version-history":[{"count":1,"href":"https:\/\/www.tornum.com\/sv\/wp-json\/wp\/v2\/product\/14307\/revisions"}],"predecessor-version":[{"id":45453,"href":"https:\/\/www.tornum.com\/sv\/wp-json\/wp\/v2\/product\/14307\/revisions\/45453"}],"wp:featuredmedia":[{"embeddable":true,"href":"https:\/\/www.tornum.com\/sv\/wp-json\/wp\/v2\/media\/10680"}],"wp:attachment":[{"href":"https:\/\/www.tornum.com\/sv\/wp-json\/wp\/v2\/media?parent=14307"}],"wp:term":[{"taxonomy":"product_brand","embeddable":true,"href":"https:\/\/www.tornum.com\/sv\/wp-json\/wp\/v2\/product_brand?post=14307"},{"taxonomy":"product_cat","embeddable":true,"href":"https:\/\/www.tornum.com\/sv\/wp-json\/wp\/v2\/product_cat?post=14307"},{"taxonomy":"product_tag","embeddable":true,"href":"https:\/\/www.tornum.com\/sv\/wp-json\/wp\/v2\/product_tag?post=14307"}],"curies":[{"name":"wp","href":"https:\/\/api.w.org\/{rel}","templated":true}]}}