{"id":14308,"date":"2023-01-29T22:13:22","date_gmt":"2023-01-29T22:13:22","guid":{"rendered":"https:\/\/dev.rapid.si\/product\/hopper-bottom-silos\/"},"modified":"2025-07-30T11:38:02","modified_gmt":"2025-07-30T11:38:02","slug":"hopper-bottom-silos","status":"publish","type":"product","link":"https:\/\/www.tornum.com\/sv\/produkt\/hopper-bottom-silos\/","title":{"rendered":"LAGRINGSSILO MED KONA"},"content":{"rendered":"<div class=\"wpb-content-wrapper\"><p>[vc_row][vc_column width=&#8221;2\/3&#8243;][vc_column_text]Konan, kompressionsringar och supports tillverkas av korrugerad varmf\u00f6rzinkad pl\u00e5t. Silov\u00e4ggarna \u00e4r tillverkade av 0,8 mm-3,5 mm galvaniserat st\u00e5l, upp till 600 g\/m\u00b2.<\/p>\n<p>Designstandard Eurokod eller ASAE\/ANSI kan levereras med uppgradering f\u00f6r seismiska-, sn\u00f6last- eller vindf\u00f6rh\u00e5llanden i enlighet med\u00a0 lokala krav. Konsilon kan beroende p\u00e5 modell f\u00e5s med sidov\u00e4gg \u00e4nda ner till bottenplattan vilket skyddar konan och transportutrustningen fr\u00e5n regn och vind alternativt med ett konventionellt stativ f\u00f6r konan. Konsilo med sl\u00e4ta v\u00e4ggar kan offereras f\u00f6r vissa silostorlekar.[\/vc_column_text][\/vc_column][vc_column width=&#8221;1\/3&#8243;][\/vc_column][\/vc_row]<\/p>\n<\/div>","protected":false},"excerpt":{"rendered":"<p>TORNUM erbjuder tv\u00e5 modeller p\u00e5 konan, 45\u00b0 och 60\u00b0, f\u00f6r att ge den b\u00e4sta l\u00f6sningen f\u00f6r v\u00e5t spannm\u00e5l med h\u00f6ga rasvinklar.<\/p>\n","protected":false},"featured_media":43878,"comment_status":"open","ping_status":"closed","template":"","meta":{"_acf_changed":false},"product_brand":[],"product_cat":[213,170,215,183,186],"product_tag":[283,292,224,293],"class_list":{"0":"post-14308","1":"product","2":"type-product","3":"status-publish","4":"has-post-thumbnail","6":"product_cat-alla-produkter","7":"product_cat-livsmedel-sv","8":"product_cat-spannmal","9":"product_cat-lagring","10":"product_cat-lagringssilo-med-kona","11":"product_tag-bin-sv","12":"product_tag-bins-sv","13":"product_tag-silo-sv","14":"product_tag-storage-sv","15":"pa_products-type-all-products-sv","16":"pa_products-type-grain-sv-2","17":"description-off","19":"first","20":"instock","21":"shipping-taxable","22":"product-type-simple"},"acf":[],"_links":{"self":[{"href":"https:\/\/www.tornum.com\/sv\/wp-json\/wp\/v2\/product\/14308","targetHints":{"allow":["GET"]}}],"collection":[{"href":"https:\/\/www.tornum.com\/sv\/wp-json\/wp\/v2\/product"}],"about":[{"href":"https:\/\/www.tornum.com\/sv\/wp-json\/wp\/v2\/types\/product"}],"replies":[{"embeddable":true,"href":"https:\/\/www.tornum.com\/sv\/wp-json\/wp\/v2\/comments?post=14308"}],"version-history":[{"count":1,"href":"https:\/\/www.tornum.com\/sv\/wp-json\/wp\/v2\/product\/14308\/revisions"}],"predecessor-version":[{"id":43877,"href":"https:\/\/www.tornum.com\/sv\/wp-json\/wp\/v2\/product\/14308\/revisions\/43877"}],"wp:featuredmedia":[{"embeddable":true,"href":"https:\/\/www.tornum.com\/sv\/wp-json\/wp\/v2\/media\/43878"}],"wp:attachment":[{"href":"https:\/\/www.tornum.com\/sv\/wp-json\/wp\/v2\/media?parent=14308"}],"wp:term":[{"taxonomy":"product_brand","embeddable":true,"href":"https:\/\/www.tornum.com\/sv\/wp-json\/wp\/v2\/product_brand?post=14308"},{"taxonomy":"product_cat","embeddable":true,"href":"https:\/\/www.tornum.com\/sv\/wp-json\/wp\/v2\/product_cat?post=14308"},{"taxonomy":"product_tag","embeddable":true,"href":"https:\/\/www.tornum.com\/sv\/wp-json\/wp\/v2\/product_tag?post=14308"}],"curies":[{"name":"wp","href":"https:\/\/api.w.org\/{rel}","templated":true}]}}