{"id":14309,"date":"2023-01-29T22:13:08","date_gmt":"2023-01-29T22:13:08","guid":{"rendered":"https:\/\/dev.rapid.si\/product\/tf-dryer\/"},"modified":"2024-12-26T15:26:22","modified_gmt":"2024-12-26T15:26:22","slug":"tf-dryer","status":"publish","type":"product","link":"https:\/\/www.tornum.com\/sv\/produkt\/tf-dryer\/","title":{"rendered":"FLEXTORK TF"},"content":{"rendered":"<div class=\"wpb-content-wrapper\"><p>[vc_row][vc_column][vc_column_text]<strong>Snabb omst\u00e4llning mellan satstorkning och kontinuerlig torkning.<\/strong><\/p>\n<p>Tornum TF \u00e4r den flexibla torken d\u00e4r du p\u00e5 b\u00e4sta s\u00e4tt kan matcha gr\u00f6dan och kvantiteten samtidigt som du bibeh\u00e5ller kvalit\u00e9n.<br \/>\nMed TF har du tv\u00e5 torkar i en. V\u00e4lj enkelt mellan kontinuerlig torkning eller satstorkning beroende p\u00e5 f\u00f6ruts\u00e4ttningarna.<\/p>\n<p>Tornum TF k\u00f6rs med f\u00f6rdel som undertryckstork. All torkluft sugs genom torken via en fl\u00e4kt som dimensioneras efter torkstorlek och v\u00e4rmek\u00e4lla.<br \/>\nEn undertryckstork sprider betydligt mindre damm i torkens n\u00e4rhet \u00e4n en s\u00e5 kallad \u00f6vertryckstork, samt eliminerar kondensrisk i spannm\u00e5lszon, r\u00f6r och elevatorer.<\/p>\n<p>I uppstarten av kontinuerlig torkning finns alltid en \u201dstartstr\u00e4cka\u201d innan torken arbetar sj\u00e4lvst\u00e4ndigt. F\u00f6rdelden med kontinuerlig drift v\u00e4xer allts\u00e5 med volymen spannm\u00e5l.<\/p>\n<p><strong>I driftl\u00e4ge Kontinuerlig torkning<\/strong>\u00a0kan styrning ske med Tornum IDC-system som m\u00e4ter vattenhalten p\u00e5 ing\u00e5ende och utg\u00e5ende spannm\u00e5l.<\/p>\n<p>Vid mindre volymer eller f\u00f6r gr\u00f6dor som torkas p\u00e5 l\u00e5g temperatur under l\u00e5ngt tid v\u00e4ljs driftl\u00e4ge Satstorkning.<\/p>\n<p><strong>I driftl\u00e4ge Satstorkning<\/strong>\u00a0sker styrningen antingen via vikt, tid eller temperatur, beroende p\u00e5 vad som passar just dig b\u00e4st.<\/p>\n<p>Precis som vid all torkning \u00e4r resultatet beroende av en noggrann kalibrering av\u00a0<a href=\"https:\/\/www2.tornum.com\/sv\/product\/iimc-vattenhaltsmatare\/\">vattenhaltsm\u00e4tare<\/a>.<\/p>\n<ul>\n<li>TF kan enkelt v\u00e4xlas om mellan kontinuerlig torkning eller satstorkning genom motorstyrda spj\u00e4ll som regleras till exempel via Tornums styrsystem. P\u00e5 s\u00e5 vis kan torken vara driftklar p\u00e5 ett \u00f6gonblick efter avslutad kontinuerlig torkning.<\/li>\n<li>Torken t\u00f6ms ner till sista k\u00e4rna d\u00e5 den inv\u00e4ndigt saknar ytor som h\u00e5ller kvar material. Detta underl\u00e4ttar st\u00e4dning och reng\u00f6ring mellan sortbyten.<\/li>\n<li>TF kan f\u00f6rses med valfri fl\u00e4kttyp beroende p\u00e5 ert \u00f6nskem\u00e5l;<br \/>\n<a href=\"https:\/\/www2.tornum.com\/sv\/product\/axialflakt\/\">axialfl\u00e4ktar<\/a>\u00a0eller dammavskiljande fl\u00e4ktar typ CAC eller CDS d\u00e5 s\u00e4rskilda krav st\u00e4lls fr\u00e5n omgivningen.<br \/>\nAlla alternativ kan utrustas med\u00a0<a href=\"https:\/\/www2.tornum.com\/sv\/product\/ljuddampare\/\">ljudd\u00e4mpare<\/a>.<\/li>\n<li>TF kan k\u00f6ras mot valfri v\u00e4rmek\u00e4lla helt utifr\u00e5n dina egna \u00f6nskem\u00e5l och f\u00f6ruts\u00e4ttningar, projekterat av Tornum enligt LBK\u2019s rekommendationer.<br \/>\nIndirekt oljebr\u00e4nnare,\u00a0<a href=\"https:\/\/www2.tornum.com\/sv\/product\/gasbrannare\/\">gasbr\u00e4nnare<\/a>\u00a0f\u00f6r naturgas eller gasol, direktverkande pellets eller flis, varmvattensbatterier, \u00e5ngbatterier eller elbatterier \u00e4r de vanligaste f\u00f6rekommande v\u00e4rmek\u00e4llorna.<\/li>\n<li>TF kan styras i kontinuerlig drift av Tornums *<a href=\"https:\/\/www2.tornum.com\/sv\/product\/idc-intelligent-dryer-control\/\">IDC-system<\/a>\u00a0eller i satstorkning via valen tid, vikt eller<br \/>\ntemperaturstyrning.<br \/>\n*Vid minst 12 sektioner.<\/li>\n<\/ul>\n<p>[\/vc_column_text][\/vc_column][\/vc_row]<\/p>\n<\/div>","protected":false},"excerpt":{"rendered":"<p>Tornum TF \u00e4r den flexibla torken d\u00e4r du p\u00e5 b\u00e4sta s\u00e4tt kan matcha gr\u00f6dan och kvantiteten samtidigt som du bibeh\u00e5ller kvalit\u00e9n.<br \/>\nMed TF har du tv\u00e5 torkar i en. V\u00e4lj enkelt mellan kontinuerlig torkning eller satstorkning beroende p\u00e5 f\u00f6ruts\u00e4ttningarna.<\/p>\n","protected":false},"featured_media":10684,"comment_status":"open","ping_status":"closed","template":"","meta":{"_acf_changed":false},"product_brand":[],"product_cat":[213,215,171,172],"product_tag":[260,293,285],"class_list":{"0":"post-14309","1":"product","2":"type-product","3":"status-publish","4":"has-post-thumbnail","6":"product_cat-alla-produkter","7":"product_cat-spannmal","8":"product_cat-luftsystem","9":"product_cat-spannmalstork","10":"product_tag-dryer-sv","11":"product_tag-storage-sv","12":"product_tag-transport-sv","13":"pa_products-type-all-products-sv","14":"pa_products-type-food-sv","15":"description-off","17":"first","18":"instock","19":"shipping-taxable","20":"product-type-simple"},"acf":[],"_links":{"self":[{"href":"https:\/\/www.tornum.com\/sv\/wp-json\/wp\/v2\/product\/14309","targetHints":{"allow":["GET"]}}],"collection":[{"href":"https:\/\/www.tornum.com\/sv\/wp-json\/wp\/v2\/product"}],"about":[{"href":"https:\/\/www.tornum.com\/sv\/wp-json\/wp\/v2\/types\/product"}],"replies":[{"embeddable":true,"href":"https:\/\/www.tornum.com\/sv\/wp-json\/wp\/v2\/comments?post=14309"}],"version-history":[{"count":1,"href":"https:\/\/www.tornum.com\/sv\/wp-json\/wp\/v2\/product\/14309\/revisions"}],"predecessor-version":[{"id":45449,"href":"https:\/\/www.tornum.com\/sv\/wp-json\/wp\/v2\/product\/14309\/revisions\/45449"}],"wp:featuredmedia":[{"embeddable":true,"href":"https:\/\/www.tornum.com\/sv\/wp-json\/wp\/v2\/media\/10684"}],"wp:attachment":[{"href":"https:\/\/www.tornum.com\/sv\/wp-json\/wp\/v2\/media?parent=14309"}],"wp:term":[{"taxonomy":"product_brand","embeddable":true,"href":"https:\/\/www.tornum.com\/sv\/wp-json\/wp\/v2\/product_brand?post=14309"},{"taxonomy":"product_cat","embeddable":true,"href":"https:\/\/www.tornum.com\/sv\/wp-json\/wp\/v2\/product_cat?post=14309"},{"taxonomy":"product_tag","embeddable":true,"href":"https:\/\/www.tornum.com\/sv\/wp-json\/wp\/v2\/product_tag?post=14309"}],"curies":[{"name":"wp","href":"https:\/\/api.w.org\/{rel}","templated":true}]}}