{"id":14310,"date":"2023-01-29T22:12:39","date_gmt":"2023-01-29T22:12:39","guid":{"rendered":"https:\/\/dev.rapid.si\/product\/h-line-conveyors\/"},"modified":"2025-08-01T12:08:53","modified_gmt":"2025-08-01T12:08:53","slug":"h-line-conveyors","status":"publish","type":"product","link":"https:\/\/www.tornum.com\/sv\/produkt\/h-line-conveyors\/","title":{"rendered":"TRANSPORT\u00d6RER H-LINE"},"content":{"rendered":"<p>Denna produktlinje \u00e4r skr\u00e4ddarsydd f\u00f6r daglig och kontinuerlig anv\u00e4ndning och erbjuder kapaciteter mellan 60 &#8211; 600 ton per timme. Hela utbudet inkluderar vertikal, horisontell, kurvad och lutande transportutrustning, noggrant designad f\u00f6r optimal placering inom spannm\u00e5lsfl\u00f6det. Vi tillhandah\u00e5ller \u00e4ven ett komplett sortiment av h\u00f6gkvalitativa tillbeh\u00f6r, s\u00e5som motoriserade och pneumatiska spj\u00e4ll, s\u00e4kerhetssensorer, hastighets\u00f6vervakningssensorer, specialmotst\u00e5ndsb\u00e4lten f\u00f6r oljegr\u00f6dor och mycket mer. V\u00e5r transportutrustning kan anpassas f\u00f6r att uppfylla specifika krav fr\u00e5n v\u00e5ra kunder n\u00e4r det g\u00e4ller hastigheter f\u00f6r kedjor och remmar.<\/p>\n","protected":false},"excerpt":{"rendered":"<p>H-Line \u00e4r v\u00e5r produktlinje f\u00f6r daglig och kontinuerlig drift med produktion \u00e5ret om. H-Line \u00e4r utvecklad f\u00f6r att m\u00f6ta de h\u00e5rt st\u00e4llda kraven inom spannm\u00e5lsindustrin.<\/p>\n<p>Kapacitet: 60-600 ton<\/p>\n","protected":false},"featured_media":16217,"comment_status":"open","ping_status":"closed","template":"","meta":{"_acf_changed":false},"product_brand":[],"product_cat":[213,214,170,215,156,157],"product_tag":[284,289,229,285],"class_list":{"0":"post-14310","1":"product","2":"type-product","3":"status-publish","4":"has-post-thumbnail","6":"product_cat-alla-produkter","7":"product_cat-foder","8":"product_cat-livsmedel-sv","9":"product_cat-spannmal","10":"product_cat-materialhantering","11":"product_cat-transportorer","12":"product_tag-conveyor-sv","13":"product_tag-dc-remover-sv","14":"product_tag-elevator-sv","15":"product_tag-transport-sv","16":"pa_products-type-all-products-sv","17":"pa_products-type-feed-sv","18":"description-off","20":"first","21":"instock","22":"shipping-taxable","23":"product-type-simple"},"acf":[],"_links":{"self":[{"href":"https:\/\/www.tornum.com\/sv\/wp-json\/wp\/v2\/product\/14310","targetHints":{"allow":["GET"]}}],"collection":[{"href":"https:\/\/www.tornum.com\/sv\/wp-json\/wp\/v2\/product"}],"about":[{"href":"https:\/\/www.tornum.com\/sv\/wp-json\/wp\/v2\/types\/product"}],"replies":[{"embeddable":true,"href":"https:\/\/www.tornum.com\/sv\/wp-json\/wp\/v2\/comments?post=14310"}],"version-history":[{"count":1,"href":"https:\/\/www.tornum.com\/sv\/wp-json\/wp\/v2\/product\/14310\/revisions"}],"predecessor-version":[{"id":50682,"href":"https:\/\/www.tornum.com\/sv\/wp-json\/wp\/v2\/product\/14310\/revisions\/50682"}],"wp:featuredmedia":[{"embeddable":true,"href":"https:\/\/www.tornum.com\/sv\/wp-json\/wp\/v2\/media\/16217"}],"wp:attachment":[{"href":"https:\/\/www.tornum.com\/sv\/wp-json\/wp\/v2\/media?parent=14310"}],"wp:term":[{"taxonomy":"product_brand","embeddable":true,"href":"https:\/\/www.tornum.com\/sv\/wp-json\/wp\/v2\/product_brand?post=14310"},{"taxonomy":"product_cat","embeddable":true,"href":"https:\/\/www.tornum.com\/sv\/wp-json\/wp\/v2\/product_cat?post=14310"},{"taxonomy":"product_tag","embeddable":true,"href":"https:\/\/www.tornum.com\/sv\/wp-json\/wp\/v2\/product_tag?post=14310"}],"curies":[{"name":"wp","href":"https:\/\/api.w.org\/{rel}","templated":true}]}}