{"id":14311,"date":"2023-01-29T20:07:08","date_gmt":"2023-01-29T20:07:08","guid":{"rendered":"https:\/\/dev.rapid.si\/product\/buhler-grainplus-laga\/"},"modified":"2025-07-14T12:08:47","modified_gmt":"2025-07-14T12:08:47","slug":"buhler-universalrensmaskin-grainplus-laga","status":"publish","type":"product","link":"https:\/\/www.tornum.com\/sv\/produkt\/buhler-universalrensmaskin-grainplus-laga\/","title":{"rendered":"B\u00fchler Universalrensmaskin GrainPLUS\u2122 \u2013 LAGA"},"content":{"rendered":"<div class=\"wpb-content-wrapper\"><p>[vc_row][vc_column width=&#8221;2\/3&#8243;][vc_column_text]GrainPLUS\u2122 \u00e4r en prisv\u00e4nlig universalrensmaskin avsedd f\u00f6r intagsrensning av spannm\u00e5l men l\u00e4mpar sig ocks\u00e5 f\u00f6r finrensning och maltkornsortering. GrainPLUS\u2122 riktar sig till industrin med l\u00e4gre kapacitetskrav men l\u00e5nga driftstider och krav p\u00e5 problemfri drift. Kraftig konstruktion s\u00e4kerst\u00e4ller en l\u00e5ng livsl\u00e4ngd. GrainPLUS finns i 3 modeller med kapaciteter fr\u00e5n 12-50 ton\/h.[\/vc_column_text][\/vc_column][vc_column width=&#8221;1\/3&#8243;][vc_column_text]<strong>Uppbyggnad och funktion<\/strong><\/p>\n<ul>\n<li>Oscillerande s\u00e5llbox ger en mjuk och vibrationsfri drift<\/li>\n<li>Konstruktionen medf\u00f6r minimala krav p\u00e5 fundamentet<\/li>\n<li>S\u00e5llkassetter i st\u00e5l med bollrensning<\/li>\n<li>Helt inkapslad s\u00e5llbox f\u00f6r en dammfri milj\u00f6<\/li>\n<li>Utloppsdel med stigluftskanal<\/li>\n<\/ul>\n<p><strong>TILLVAL<\/strong><\/p>\n<ul>\n<li>Inloppsdel med aspirationskanal och matarvals<\/li>\n<li>Utloppskupa med magnet<\/li>\n<li>Fl\u00e4kt<\/li>\n<li>Cyklon<\/li>\n<li>Filter<\/li>\n<\/ul>\n<p>[\/vc_column_text][\/vc_column][\/vc_row]<\/p>\n<\/div>","protected":false},"excerpt":{"rendered":"<p>GrainPLUS\u2122 \u00e4r en prisv\u00e4nlig universalrensmaskin fr\u00e4mst utformad f\u00f6r rensning vid spannm\u00e5lsintag, men kan \u00e4ven anv\u00e4ndas till finrensning och sortering av spannm\u00e5l.<\/p>\n","protected":false},"featured_media":16283,"comment_status":"open","ping_status":"closed","template":"","meta":{"_acf_changed":false},"product_brand":[],"product_cat":[213,214,170,215,156,165],"product_tag":[288,289,266,267],"class_list":{"0":"post-14311","1":"product","2":"type-product","3":"status-publish","4":"has-post-thumbnail","6":"product_cat-alla-produkter","7":"product_cat-foder","8":"product_cat-livsmedel-sv","9":"product_cat-spannmal","10":"product_cat-materialhantering","11":"product_cat-rensmaskin","12":"product_tag-cleaning-sv","13":"product_tag-dc-remover-sv","14":"product_tag-dust-sv","15":"product_tag-separation-sv","16":"pa_products-type-all-products-sv","17":"pa_products-type-feed-sv","18":"description-off","20":"first","21":"instock","22":"shipping-taxable","23":"product-type-simple"},"acf":[],"_links":{"self":[{"href":"https:\/\/www.tornum.com\/sv\/wp-json\/wp\/v2\/product\/14311","targetHints":{"allow":["GET"]}}],"collection":[{"href":"https:\/\/www.tornum.com\/sv\/wp-json\/wp\/v2\/product"}],"about":[{"href":"https:\/\/www.tornum.com\/sv\/wp-json\/wp\/v2\/types\/product"}],"replies":[{"embeddable":true,"href":"https:\/\/www.tornum.com\/sv\/wp-json\/wp\/v2\/comments?post=14311"}],"version-history":[{"count":2,"href":"https:\/\/www.tornum.com\/sv\/wp-json\/wp\/v2\/product\/14311\/revisions"}],"predecessor-version":[{"id":46839,"href":"https:\/\/www.tornum.com\/sv\/wp-json\/wp\/v2\/product\/14311\/revisions\/46839"}],"wp:featuredmedia":[{"embeddable":true,"href":"https:\/\/www.tornum.com\/sv\/wp-json\/wp\/v2\/media\/16283"}],"wp:attachment":[{"href":"https:\/\/www.tornum.com\/sv\/wp-json\/wp\/v2\/media?parent=14311"}],"wp:term":[{"taxonomy":"product_brand","embeddable":true,"href":"https:\/\/www.tornum.com\/sv\/wp-json\/wp\/v2\/product_brand?post=14311"},{"taxonomy":"product_cat","embeddable":true,"href":"https:\/\/www.tornum.com\/sv\/wp-json\/wp\/v2\/product_cat?post=14311"},{"taxonomy":"product_tag","embeddable":true,"href":"https:\/\/www.tornum.com\/sv\/wp-json\/wp\/v2\/product_tag?post=14311"}],"curies":[{"name":"wp","href":"https:\/\/api.w.org\/{rel}","templated":true}]}}