{"id":16320,"date":"2023-09-04T11:17:20","date_gmt":"2023-09-04T11:17:20","guid":{"rendered":"https:\/\/www.tornum.com\/?post_type=product&#038;p=16320"},"modified":"2025-07-10T07:26:13","modified_gmt":"2025-07-10T07:26:13","slug":"round-ducts","status":"publish","type":"product","link":"https:\/\/www.tornum.com\/sv\/produkt\/round-ducts\/","title":{"rendered":"R\u00d6RSKRUV"},"content":{"rendered":"<div class=\"content o-stack-sm c-text\">\n<p>Modul\u00e4ra r\u00f6rsystem med fl\u00e4nsade kanter anv\u00e4nds s\u00e4rskilt f\u00f6r transport av spannm\u00e5l och olika bulkvaror. Det modul\u00e4ra systemet g\u00f6r det m\u00f6jligt att r\u00f6rdelar kan bytas ut och att ett redan befintligt r\u00f6rsystem kan f\u00f6rl\u00e4ngas vid behov. R\u00f6rdelar med diametrar mellan 100-400 mm finns tillg\u00e4ngliga snabbt fr\u00e5n lager. R\u00f6rsortimentet \u00e4r \u00e4ven tillg\u00e4ngligt med slitagebest\u00e4ndigt skydd f\u00f6r tuffare milj\u00f6er.<\/p>\n<\/div>\n","protected":false},"excerpt":{"rendered":"<p>V\u00e5ra modul\u00e4ra r\u00f6rsystem i rund form finns i olika nominella storlekar, tjocklekar, diametrar, galvaniserade eller m\u00e5lade, med eller utan h\u00f6gdensitets-APS-skydd inv\u00e4ndigt, och passar f\u00f6r alla behov inom jordbruk, industriell eller kommersiell anv\u00e4ndning.<\/p>\n","protected":false},"featured_media":16485,"comment_status":"open","ping_status":"closed","template":"","meta":{"_acf_changed":false},"product_brand":[],"product_cat":[213,214,170,215,156,166],"product_tag":[315,297],"class_list":{"0":"post-16320","1":"product","2":"type-product","3":"status-publish","4":"has-post-thumbnail","6":"product_cat-alla-produkter","7":"product_cat-foder","8":"product_cat-livsmedel-sv","9":"product_cat-spannmal","10":"product_cat-materialhantering","11":"product_cat-rorsystem","12":"product_tag-pipes-sv","13":"product_tag-radial-fan-sv","15":"first","16":"instock","17":"shipping-taxable","18":"product-type-simple"},"acf":[],"_links":{"self":[{"href":"https:\/\/www.tornum.com\/sv\/wp-json\/wp\/v2\/product\/16320","targetHints":{"allow":["GET"]}}],"collection":[{"href":"https:\/\/www.tornum.com\/sv\/wp-json\/wp\/v2\/product"}],"about":[{"href":"https:\/\/www.tornum.com\/sv\/wp-json\/wp\/v2\/types\/product"}],"replies":[{"embeddable":true,"href":"https:\/\/www.tornum.com\/sv\/wp-json\/wp\/v2\/comments?post=16320"}],"version-history":[{"count":1,"href":"https:\/\/www.tornum.com\/sv\/wp-json\/wp\/v2\/product\/16320\/revisions"}],"predecessor-version":[{"id":49448,"href":"https:\/\/www.tornum.com\/sv\/wp-json\/wp\/v2\/product\/16320\/revisions\/49448"}],"wp:featuredmedia":[{"embeddable":true,"href":"https:\/\/www.tornum.com\/sv\/wp-json\/wp\/v2\/media\/16485"}],"wp:attachment":[{"href":"https:\/\/www.tornum.com\/sv\/wp-json\/wp\/v2\/media?parent=16320"}],"wp:term":[{"taxonomy":"product_brand","embeddable":true,"href":"https:\/\/www.tornum.com\/sv\/wp-json\/wp\/v2\/product_brand?post=16320"},{"taxonomy":"product_cat","embeddable":true,"href":"https:\/\/www.tornum.com\/sv\/wp-json\/wp\/v2\/product_cat?post=16320"},{"taxonomy":"product_tag","embeddable":true,"href":"https:\/\/www.tornum.com\/sv\/wp-json\/wp\/v2\/product_tag?post=16320"}],"curies":[{"name":"wp","href":"https:\/\/api.w.org\/{rel}","templated":true}]}}