{"id":41896,"date":"2024-08-05T07:28:24","date_gmt":"2024-08-05T07:28:24","guid":{"rendered":"https:\/\/www.tornum.com\/?post_type=product&#038;p=41896"},"modified":"2025-07-10T07:23:46","modified_gmt":"2025-07-10T07:23:46","slug":"langradieboj","status":"publish","type":"product","link":"https:\/\/www.tornum.com\/sv\/produkt\/langradieboj\/","title":{"rendered":"L\u00c5NGRADIEB\u00d6J"},"content":{"rendered":"<div class=\"wpb-content-wrapper\"><p>[vc_row][vc_column width=&#8221;2\/3&#8243;][vc_column_text css=&#8221;&#8221;]L\u00e5ngradieb\u00f6j f\u00f6r pneumatiska transporter, tillverkas i normalst\u00e5l, aluminium eller rostfritt material. L\u00e5ngradieb\u00f6jarna finns fr\u00e5n 70-1000mm i radie med rak\u00e4ndar som standard.<\/p>\n<p>Vanligast i storlekar med ytterdiameter\u00a0 fr\u00e5n 38 mm till 206 mm.[\/vc_column_text][\/vc_column][vc_column width=&#8221;1\/3&#8243;][vc_column_text][\/vc_column_text][\/vc_column][\/vc_row]<\/p>\n<\/div>","protected":false},"excerpt":{"rendered":"<p>L\u00e5ngradieb\u00f6j f\u00f6r pneumatiska transporter, tillverkas i normalst\u00e5l, aluminium eller rostfritt material. L\u00e5ngradieb\u00f6jarna finns fr\u00e5n 70-1000mm i radie med rak\u00e4ndar som standard. Vanligast i storlekar med ytterdiameter\u00a0 fr\u00e5n 38 mm till 206 mm.<\/p>\n","protected":false},"featured_media":41897,"comment_status":"open","ping_status":"closed","template":"","meta":{"_acf_changed":false},"product_brand":[],"product_cat":[213,159,166],"product_tag":[231,315,224],"class_list":{"0":"post-41896","1":"product","2":"type-product","3":"status-publish","4":"has-post-thumbnail","6":"product_cat-alla-produkter","7":"product_cat-siloutmatning","8":"product_cat-rorsystem","9":"product_tag-intake-sv","10":"product_tag-pipes-sv","11":"product_tag-silo-sv","12":"description-off","14":"first","15":"instock","16":"shipping-taxable","17":"product-type-simple"},"acf":[],"_links":{"self":[{"href":"https:\/\/www.tornum.com\/sv\/wp-json\/wp\/v2\/product\/41896","targetHints":{"allow":["GET"]}}],"collection":[{"href":"https:\/\/www.tornum.com\/sv\/wp-json\/wp\/v2\/product"}],"about":[{"href":"https:\/\/www.tornum.com\/sv\/wp-json\/wp\/v2\/types\/product"}],"replies":[{"embeddable":true,"href":"https:\/\/www.tornum.com\/sv\/wp-json\/wp\/v2\/comments?post=41896"}],"version-history":[{"count":4,"href":"https:\/\/www.tornum.com\/sv\/wp-json\/wp\/v2\/product\/41896\/revisions"}],"predecessor-version":[{"id":46629,"href":"https:\/\/www.tornum.com\/sv\/wp-json\/wp\/v2\/product\/41896\/revisions\/46629"}],"wp:featuredmedia":[{"embeddable":true,"href":"https:\/\/www.tornum.com\/sv\/wp-json\/wp\/v2\/media\/41897"}],"wp:attachment":[{"href":"https:\/\/www.tornum.com\/sv\/wp-json\/wp\/v2\/media?parent=41896"}],"wp:term":[{"taxonomy":"product_brand","embeddable":true,"href":"https:\/\/www.tornum.com\/sv\/wp-json\/wp\/v2\/product_brand?post=41896"},{"taxonomy":"product_cat","embeddable":true,"href":"https:\/\/www.tornum.com\/sv\/wp-json\/wp\/v2\/product_cat?post=41896"},{"taxonomy":"product_tag","embeddable":true,"href":"https:\/\/www.tornum.com\/sv\/wp-json\/wp\/v2\/product_tag?post=41896"}],"curies":[{"name":"wp","href":"https:\/\/api.w.org\/{rel}","templated":true}]}}