{"id":42757,"date":"2024-08-05T13:22:38","date_gmt":"2024-08-05T13:22:38","guid":{"rendered":"https:\/\/www.tornum.com\/?post_type=product&#038;p=42757"},"modified":"2025-07-10T07:21:59","modified_gmt":"2025-07-10T07:21:59","slug":"rokgasflakt","status":"publish","type":"product","link":"https:\/\/www.tornum.com\/sv\/produkt\/rokgasflakt\/","title":{"rendered":"R\u00d6KGASFL\u00c4KT"},"content":{"rendered":"<div class=\"wpb-content-wrapper\"><p>[vc_row][vc_column width=&#8221;2\/3&#8243;][vc_column_text]R\u00f6kgasfl\u00e4kt RGF20 och RGFB \u00e4r avsedda f\u00f6r transport av heta r\u00f6kgaser med temperaturer upp till +400 \u00b0C. De \u00e4r l\u00e4mplig f\u00f6r varmluftspannor i torkanl\u00e4ggningar men passar \u00e4ven andra panntyper. J\u00e4mf\u00f6rt med en konventionell skorsten \u00e4r r\u00f6kgasfl\u00e4kten i kombination med markledning och r\u00f6kgasbrunn ofta en ekonomiskt f\u00f6rdelaktig l\u00f6sning. Levereras komplett med T-r\u00f6r, dragregulator och utbl\u00e5sningsr\u00f6r.<\/p>\n<p>R\u00f6kgasfl\u00e4kt f\u00f6r varmluftspanna. Fl\u00e4kten \u00e4r tillverkad i lackad pl\u00e5t med anslutningsfl\u00e4nsar till r\u00f6kgasr\u00f6r. Fl\u00e4kten finns med tv\u00e5 olika motorer och kan \u00e4ven f\u00e5s utan.<\/p>\n<p>R\u00f6kgasfl\u00e4kt RGF20 0.25kw \u2013 Motor 0,25kW\/1400rpm.<br \/>\nR\u00f6kgasfl\u00e4kt RGF20 0.55kw\u00a0\u2013 Motor 0,55kW\/2800rpm.<br \/>\nR\u00f6kgasfl\u00e4kt RGF20 utan motor\u00a0\u2013 Fl\u00e4kten levereras utan motor.<br \/>\nR\u00f6kgasfl\u00e4kt RGFB &#8211; Motor 1,5kW\/2870rpm.[\/vc_column_text][\/vc_column][vc_column width=&#8221;1\/3&#8243;][vc_column_text]<strong>T\u00c4NK P\u00c5<\/strong><\/p>\n<p>\u2022 Omgivande luft f\u00e5r ej \u00f6verstiga +40 \u00b0C.<br \/>\n\u2022 R\u00f6kgasbrunn f\u00e5r ej placeras n\u00e4rmare byggnad eller l\u00e4ttant\u00e4ndligt upplag \u00e4n 15 meter.<br \/>\n\u2022 R\u00f6kgasledning utf\u00f6rd av betongr\u00f6r ska ligga p\u00e5 ett minsta djup av 0,5 m under markytan.<br \/>\n\u2022 Kontakta den lokala brandmyndigheten f\u00f6r vidare information om aktuella best\u00e4mmelser.[\/vc_column_text][\/vc_column][\/vc_row]<\/p>\n<\/div>","protected":false},"excerpt":{"rendered":"<p>R\u00f6kgasfl\u00e4kt f\u00f6r varmluftspanna. Fl\u00e4kten \u00e4r tillverkad i lackad pl\u00e5t med anslutningsfl\u00e4nsar till r\u00f6kgasr\u00f6r. Fl\u00e4kten finns med tv\u00e5 olika motorer och kan \u00e4ven f\u00e5s utan.<\/p>\n","protected":false},"featured_media":43311,"comment_status":"open","ping_status":"closed","template":"","meta":{"_acf_changed":false},"product_brand":[],"product_cat":[213,171,180],"product_tag":[265,234],"class_list":{"0":"post-42757","1":"product","2":"type-product","3":"status-publish","4":"has-post-thumbnail","6":"product_cat-alla-produkter","7":"product_cat-luftsystem","8":"product_cat-varmekallor","9":"product_tag-conditioning-sv","10":"product_tag-fan-sv","11":"description-off","13":"first","14":"instock","15":"shipping-taxable","16":"product-type-simple"},"acf":[],"_links":{"self":[{"href":"https:\/\/www.tornum.com\/sv\/wp-json\/wp\/v2\/product\/42757","targetHints":{"allow":["GET"]}}],"collection":[{"href":"https:\/\/www.tornum.com\/sv\/wp-json\/wp\/v2\/product"}],"about":[{"href":"https:\/\/www.tornum.com\/sv\/wp-json\/wp\/v2\/types\/product"}],"replies":[{"embeddable":true,"href":"https:\/\/www.tornum.com\/sv\/wp-json\/wp\/v2\/comments?post=42757"}],"version-history":[{"count":7,"href":"https:\/\/www.tornum.com\/sv\/wp-json\/wp\/v2\/product\/42757\/revisions"}],"predecessor-version":[{"id":44343,"href":"https:\/\/www.tornum.com\/sv\/wp-json\/wp\/v2\/product\/42757\/revisions\/44343"}],"wp:featuredmedia":[{"embeddable":true,"href":"https:\/\/www.tornum.com\/sv\/wp-json\/wp\/v2\/media\/43311"}],"wp:attachment":[{"href":"https:\/\/www.tornum.com\/sv\/wp-json\/wp\/v2\/media?parent=42757"}],"wp:term":[{"taxonomy":"product_brand","embeddable":true,"href":"https:\/\/www.tornum.com\/sv\/wp-json\/wp\/v2\/product_brand?post=42757"},{"taxonomy":"product_cat","embeddable":true,"href":"https:\/\/www.tornum.com\/sv\/wp-json\/wp\/v2\/product_cat?post=42757"},{"taxonomy":"product_tag","embeddable":true,"href":"https:\/\/www.tornum.com\/sv\/wp-json\/wp\/v2\/product_tag?post=42757"}],"curies":[{"name":"wp","href":"https:\/\/api.w.org\/{rel}","templated":true}]}}