{"id":43401,"date":"2024-08-06T12:41:07","date_gmt":"2024-08-06T12:41:07","guid":{"rendered":"https:\/\/www.tornum.com\/?post_type=product&#038;p=43401"},"modified":"2025-07-10T06:40:37","modified_gmt":"2025-07-10T06:40:37","slug":"rokgasror-hagapanna","status":"publish","type":"product","link":"https:\/\/www.tornum.com\/sv\/produkt\/rokgasror-hagapanna\/","title":{"rendered":"R\u00d6KGASR\u00d6R HAGAPANNA"},"content":{"rendered":"<div class=\"wpb-content-wrapper\"><p>[vc_row][vc_column width=&#8221;2\/3&#8243;][vc_column_text]TORNUM erbjuder flera olika modeller av r\u00f6kgasr\u00f6r f\u00f6r att kunna uppfylla dina behov. Vi har dels utbl\u00e5sningsr\u00f6r med l\u00e4ngd fr\u00e5n 1250 mm till 2000 mm och dels T-r\u00f6r med l\u00e4ngd fr\u00e5n 765 mm till 1260 mm.\u00a0 Det som \u00e4r gemensamt f\u00f6r alla r\u00f6r \u00e4r att de finns i lackat utf\u00f6rande och har l\u00f6sa fl\u00e4nsar f\u00f6r anslutning mot r\u00f6kgasfl\u00e4kt. Vi erbjuder r\u00f6r f\u00f6r samtliga varmluftspannor i HMV serien.[\/vc_column_text][\/vc_column][vc_column width=&#8221;1\/3&#8243;][vc_column_text][\/vc_column_text][\/vc_column][\/vc_row]<\/p>\n<\/div>","protected":false},"excerpt":{"rendered":"<p>TORNUM erbjuder flera olika modeller av r\u00f6kgasr\u00f6r f\u00f6r att kunna uppfylla dina behov. Vi har dels utbl\u00e5sningsr\u00f6r med l\u00e4ngd fr\u00e5n 1250 mm till 2000 mm och dels T-r\u00f6r med l\u00e4ngd fr\u00e5n 765 mm till 1260 mm. Det som \u00e4r gemensamt f\u00f6r alla r\u00f6r \u00e4r att de finns i lackat utf\u00f6rande och har l\u00f6sa fl\u00e4nsar f\u00f6r anslutning mot r\u00f6kgasfl\u00e4kt.<\/p>\n","protected":false},"featured_media":43402,"comment_status":"open","ping_status":"closed","template":"","meta":{"_acf_changed":false},"product_brand":[],"product_cat":[213,171,180],"product_tag":[259,265,234,315],"class_list":{"0":"post-43401","1":"product","2":"type-product","3":"status-publish","4":"has-post-thumbnail","6":"product_cat-alla-produkter","7":"product_cat-luftsystem","8":"product_cat-varmekallor","9":"product_tag-burner-sv","10":"product_tag-conditioning-sv","11":"product_tag-fan-sv","12":"product_tag-pipes-sv","13":"description-off","15":"first","16":"instock","17":"shipping-taxable","18":"product-type-simple"},"acf":[],"_links":{"self":[{"href":"https:\/\/www.tornum.com\/sv\/wp-json\/wp\/v2\/product\/43401","targetHints":{"allow":["GET"]}}],"collection":[{"href":"https:\/\/www.tornum.com\/sv\/wp-json\/wp\/v2\/product"}],"about":[{"href":"https:\/\/www.tornum.com\/sv\/wp-json\/wp\/v2\/types\/product"}],"replies":[{"embeddable":true,"href":"https:\/\/www.tornum.com\/sv\/wp-json\/wp\/v2\/comments?post=43401"}],"version-history":[{"count":2,"href":"https:\/\/www.tornum.com\/sv\/wp-json\/wp\/v2\/product\/43401\/revisions"}],"predecessor-version":[{"id":43463,"href":"https:\/\/www.tornum.com\/sv\/wp-json\/wp\/v2\/product\/43401\/revisions\/43463"}],"wp:featuredmedia":[{"embeddable":true,"href":"https:\/\/www.tornum.com\/sv\/wp-json\/wp\/v2\/media\/43402"}],"wp:attachment":[{"href":"https:\/\/www.tornum.com\/sv\/wp-json\/wp\/v2\/media?parent=43401"}],"wp:term":[{"taxonomy":"product_brand","embeddable":true,"href":"https:\/\/www.tornum.com\/sv\/wp-json\/wp\/v2\/product_brand?post=43401"},{"taxonomy":"product_cat","embeddable":true,"href":"https:\/\/www.tornum.com\/sv\/wp-json\/wp\/v2\/product_cat?post=43401"},{"taxonomy":"product_tag","embeddable":true,"href":"https:\/\/www.tornum.com\/sv\/wp-json\/wp\/v2\/product_tag?post=43401"}],"curies":[{"name":"wp","href":"https:\/\/api.w.org\/{rel}","templated":true}]}}