{"id":45700,"date":"2025-01-10T12:41:56","date_gmt":"2025-01-10T12:41:56","guid":{"rendered":"https:\/\/www.tornum.com\/?post_type=product&#038;p=45700"},"modified":"2025-07-10T06:39:41","modified_gmt":"2025-07-10T06:39:41","slug":"eco-stirmaster-omrorningssystem","status":"publish","type":"product","link":"https:\/\/www.tornum.com\/sv\/produkt\/eco-stirmaster-omrorningssystem\/","title":{"rendered":"TORNUM ECO STIRMASTER OMR\u00d6RNINGSSYSTEM"},"content":{"rendered":"<div class=\"wpb-content-wrapper\"><p>[vc_row][vc_column width=&#8221;2\/3&#8243;][vc_column_text css=&#8221;&#8221;]S\u00e4kerst\u00e4ll en j\u00e4mn torkning och bevarad spannm\u00e5lskvalitet med Tornums nya omr\u00f6rningssystem. Systemet erbjuder avancerad teknologi f\u00f6r en energieffektiv och skonsam torkprocess, anpassad f\u00f6r b\u00e5de sm\u00e5 och stora anl\u00e4ggningar.<\/p>\n<p>Med NMC-styrningen, ett avancerat \u00f6vervakningssystem, f\u00e5r du full kontroll \u00f6ver torkningen. Systemet \u00f6vervakar kontinuerligt temperatur och fukthalt f\u00f6r att s\u00e4kerst\u00e4lla optimala f\u00f6rh\u00e5llanden f\u00f6r din spannm\u00e5l. Dess h\u00f6gsta prioritet \u00e4r att skydda varan genom noggrann styrning av processen, samtidigt som det effektiviserar torkningen f\u00f6r att spara b\u00e5de tid och energi.<\/p>\n<p>Tornums omr\u00f6rningssystem \u00e4r dessutom konstruerat f\u00f6r att minimera energikostnader genom att maximera anv\u00e4ndningen av naturens resurser. Luft bl\u00e5ses endast in n\u00e4r det \u00e4r f\u00f6rdelaktigt f\u00f6r spannm\u00e5len eller av s\u00e4kerhetssk\u00e4l. Detta inneb\u00e4r att systemet arbetar intelligent f\u00f6r att minska on\u00f6dig energif\u00f6rbrukning och samtidigt uppr\u00e4tth\u00e5lla kvaliteten p\u00e5 spannm\u00e5len under hela torkprocessen.<\/p>\n<p>Genom att kombinera robust konstruktion och avancerade s\u00e4kerhetsfunktioner, tillsammans med enkel styrning via dator, telefon eller platta, ger Tornums nya omr\u00f6rningssystem dig full kontroll \u00f6ver torkningsprocessen. Det s\u00e4kerst\u00e4ller en skonsam och s\u00e4ker behandling av spannm\u00e5len, samtidigt som systemet \u00e4r anpassat f\u00f6r b\u00e5de sm\u00e5 och stora anl\u00e4ggningar.[\/vc_column_text][\/vc_column][vc_column width=&#8221;1\/3&#8243;][vc_column_text css=&#8221;&#8221;]<strong>Nyckelfunktioner:<\/strong><\/p>\n<ul>\n<li><strong>Robust konstruktion:<\/strong> H\u00f6gkvalitativt system som garanterar l\u00e5ng livsl\u00e4ngd och h\u00f6g drifts\u00e4kerhet.<\/li>\n<li><strong>NMC-styrning:<\/strong> \u00d6vervakar och s\u00e4kerst\u00e4ller korrekt temperatur och fukthalt f\u00f6r optimal torkning. NMC \u00e4r ett aktivt \u00f6vervakningssystem vars h\u00f6gsta prioritet \u00e4r att s\u00e4kra varan, medan n\u00e4sta prioritet \u00e4r att torka varan s\u00e5 effektivt som m\u00f6jligt.<\/li>\n<li><strong>Energieffektivitet:<\/strong> Endast n\u00f6dv\u00e4ndig v\u00e4rme anv\u00e4nds f\u00f6r att minska energikostnader. Systemet nyttjar naturens resurser till max och bl\u00e5ser enbart in luft n\u00e4r det gynnar varan eller f\u00f6r s\u00e4kerhetssk\u00e4l. Vill man torka snabbt, kan detta g\u00f6ras s\u00e4kert med hj\u00e4lp av NMC som styr v\u00e4rmek\u00e4llan till optimal temperatur f\u00f6r varans fukthalt och temperatur.<\/li>\n<li><strong>Servicev\u00e4nligt:<\/strong> Smidig \u00e5tkomst via servicepunkt vid manlucka f\u00f6r underh\u00e5ll och inspektion.<\/li>\n<li><strong>Effektiv omr\u00f6rning:<\/strong> Systemet erbjuder 1 cykels omr\u00f6rning f\u00f6r utj\u00e4mning av t\u00f6mningskona, vilket \u00e4r s\u00e4rskilt anv\u00e4ndbart vid uttag av foder.<\/li>\n<li><strong>H\u00e5llbar design:<\/strong> Konstruerat f\u00f6r att m\u00f6ta industrins h\u00e5rda krav, samtidigt som det \u00e4r optimerat f\u00f6r lantbrukets behov.<\/li>\n<li><strong>H\u00f6g s\u00e4kerhet:<\/strong> Inbyggd vibration- och belastnings\u00f6vervakning skyddar systemet.<\/li>\n<\/ul>\n<p>[\/vc_column_text][\/vc_column][\/vc_row]<\/p>\n<\/div>","protected":false},"excerpt":{"rendered":"<p>Med Tornums nya omr\u00f6rningssystem f\u00e5r du en p\u00e5litlig l\u00f6sning som kombinerar energieffektivitet, avancerad teknologi och robust konstruktion \u2013 allt f\u00f6r att g\u00f6ra din spannm\u00e5lstorkning b\u00e5de enkel och effektiv.<\/p>\n","protected":false},"featured_media":46601,"comment_status":"open","ping_status":"closed","template":"","meta":{"_acf_changed":false},"product_brand":[],"product_cat":[213,215,171,172,183],"product_tag":[259,265,234,315],"class_list":{"0":"post-45700","1":"product","2":"type-product","3":"status-publish","4":"has-post-thumbnail","6":"product_cat-alla-produkter","7":"product_cat-spannmal","8":"product_cat-luftsystem","9":"product_cat-spannmalstork","10":"product_cat-lagring","11":"product_tag-burner-sv","12":"product_tag-conditioning-sv","13":"product_tag-fan-sv","14":"product_tag-pipes-sv","15":"description-off","17":"first","18":"instock","19":"shipping-taxable","20":"product-type-simple"},"acf":[],"_links":{"self":[{"href":"https:\/\/www.tornum.com\/sv\/wp-json\/wp\/v2\/product\/45700","targetHints":{"allow":["GET"]}}],"collection":[{"href":"https:\/\/www.tornum.com\/sv\/wp-json\/wp\/v2\/product"}],"about":[{"href":"https:\/\/www.tornum.com\/sv\/wp-json\/wp\/v2\/types\/product"}],"replies":[{"embeddable":true,"href":"https:\/\/www.tornum.com\/sv\/wp-json\/wp\/v2\/comments?post=45700"}],"version-history":[{"count":11,"href":"https:\/\/www.tornum.com\/sv\/wp-json\/wp\/v2\/product\/45700\/revisions"}],"predecessor-version":[{"id":45702,"href":"https:\/\/www.tornum.com\/sv\/wp-json\/wp\/v2\/product\/45700\/revisions\/45702"}],"wp:featuredmedia":[{"embeddable":true,"href":"https:\/\/www.tornum.com\/sv\/wp-json\/wp\/v2\/media\/46601"}],"wp:attachment":[{"href":"https:\/\/www.tornum.com\/sv\/wp-json\/wp\/v2\/media?parent=45700"}],"wp:term":[{"taxonomy":"product_brand","embeddable":true,"href":"https:\/\/www.tornum.com\/sv\/wp-json\/wp\/v2\/product_brand?post=45700"},{"taxonomy":"product_cat","embeddable":true,"href":"https:\/\/www.tornum.com\/sv\/wp-json\/wp\/v2\/product_cat?post=45700"},{"taxonomy":"product_tag","embeddable":true,"href":"https:\/\/www.tornum.com\/sv\/wp-json\/wp\/v2\/product_tag?post=45700"}],"curies":[{"name":"wp","href":"https:\/\/api.w.org\/{rel}","templated":true}]}}