{"id":50127,"date":"2025-07-17T08:25:36","date_gmt":"2025-07-17T08:25:36","guid":{"rendered":"https:\/\/www.tornum.com\/product\/centrifugal-fans-medium-pressure-2\/"},"modified":"2025-08-01T08:33:11","modified_gmt":"2025-08-01T08:33:11","slug":"centrifugalflakt-medeltryck","status":"publish","type":"product","link":"https:\/\/www.tornum.com\/sv\/produkt\/centrifugalflakt-medeltryck\/","title":{"rendered":"RADIALFL\u00c4KT &#8211; MEDELTRYCK"},"content":{"rendered":"<div class=\"wpb-content-wrapper\"><p>[vc_row][vc_column width=&#8221;2\/3&#8243;][vc_column_text css=&#8221;&#8221;]Tornums radialfl\u00e4ktar har en ren och robust design. Den medelh\u00f6ga tryckkapaciteten g\u00f6r dem idealiska f\u00f6r konditionering av v\u00e5t spannm\u00e5l. De \u00e4r ocks\u00e5 v\u00e4l l\u00e4mpade f\u00f6r aspirationssystem med filter f\u00f6r en mer dammfri inomhusmilj\u00f6. Flera monteringsalternativ g\u00f6r dem enkla att installera. Fl\u00e4kten levereras i en stark, helsvetsad konstruktion av lackad st\u00e5lpl\u00e5t. Fl\u00e4kthjulen har bak\u00e5tv\u00e4nda skovlar f\u00f6r h\u00f6g effektivitet som standard. Alternativt kan de best\u00e4llas med plana bak\u00e5tv\u00e4nda skovlar f\u00f6r att hantera dammig luft. Olika alternativ f\u00f6r inlopps- och utlopps\u00f6verg\u00e5ng f\u00f6r anslutning finns.[\/vc_column_text][\/vc_column][vc_column width=&#8221;1\/3&#8243;][vc_column_text css=&#8221;&#8221;]<strong>FUNKTIONER<\/strong><br \/>\n\u2022 Luftfl\u00f6de: 400 \u2013 135.000 m\u00b3\/h<br \/>\n\u2022 Tryck: 100 \u2013 7.500 Pa<br \/>\n\u2022 Max gastemperatur vid standardutf\u00f6rande: 40\u00b0C<br \/>\n\u2022 Max gastemperatur med kylplatta: 300\u00b0C<br \/>\n\u2022 Hjultyp: Radiell, bak\u00e5tb\u00f6jd[\/vc_column_text][\/vc_column][\/vc_row]<\/p>\n<\/div>","protected":false},"excerpt":{"rendered":"<p>Tornum\u2019s medeltrycksfl\u00e4ktar \u00e4r designade f\u00f6r luftning, kylning och torkning av spannm\u00e5l. Fl\u00e4ktarna \u00e4r extremt effektiva med l\u00e5g ljudvolym.<\/p>\n","protected":false},"featured_media":47343,"comment_status":"open","ping_status":"closed","template":"","meta":{"_acf_changed":false},"product_brand":[],"product_cat":[213,215,171,178],"product_tag":[234],"class_list":{"0":"post-50127","1":"product","2":"type-product","3":"status-publish","4":"has-post-thumbnail","6":"product_cat-alla-produkter","7":"product_cat-spannmal","8":"product_cat-luftsystem","9":"product_cat-radialflakt","10":"product_tag-fan-sv","11":"description-off","13":"first","14":"instock","15":"shipping-taxable","16":"product-type-simple"},"acf":[],"_links":{"self":[{"href":"https:\/\/www.tornum.com\/sv\/wp-json\/wp\/v2\/product\/50127","targetHints":{"allow":["GET"]}}],"collection":[{"href":"https:\/\/www.tornum.com\/sv\/wp-json\/wp\/v2\/product"}],"about":[{"href":"https:\/\/www.tornum.com\/sv\/wp-json\/wp\/v2\/types\/product"}],"replies":[{"embeddable":true,"href":"https:\/\/www.tornum.com\/sv\/wp-json\/wp\/v2\/comments?post=50127"}],"version-history":[{"count":10,"href":"https:\/\/www.tornum.com\/sv\/wp-json\/wp\/v2\/product\/50127\/revisions"}],"predecessor-version":[{"id":51187,"href":"https:\/\/www.tornum.com\/sv\/wp-json\/wp\/v2\/product\/50127\/revisions\/51187"}],"wp:featuredmedia":[{"embeddable":true,"href":"https:\/\/www.tornum.com\/sv\/wp-json\/wp\/v2\/media\/47343"}],"wp:attachment":[{"href":"https:\/\/www.tornum.com\/sv\/wp-json\/wp\/v2\/media?parent=50127"}],"wp:term":[{"taxonomy":"product_brand","embeddable":true,"href":"https:\/\/www.tornum.com\/sv\/wp-json\/wp\/v2\/product_brand?post=50127"},{"taxonomy":"product_cat","embeddable":true,"href":"https:\/\/www.tornum.com\/sv\/wp-json\/wp\/v2\/product_cat?post=50127"},{"taxonomy":"product_tag","embeddable":true,"href":"https:\/\/www.tornum.com\/sv\/wp-json\/wp\/v2\/product_tag?post=50127"}],"curies":[{"name":"wp","href":"https:\/\/api.w.org\/{rel}","templated":true}]}}