{"id":50158,"date":"2025-07-17T08:51:36","date_gmt":"2025-07-17T08:51:36","guid":{"rendered":"https:\/\/www.tornum.com\/product\/centrifugal-fans-high-pressure\/"},"modified":"2025-08-01T08:30:58","modified_gmt":"2025-08-01T08:30:58","slug":"centrifugal-fans-high-pressure","status":"publish","type":"product","link":"https:\/\/www.tornum.com\/sv\/produkt\/centrifugal-fans-high-pressure\/","title":{"rendered":"RADIALFL\u00c4KT &#8211; H\u00d6GTRYCK"},"content":{"rendered":"<div class=\"wpb-content-wrapper\"><p>[vc_row][vc_column width=&#8221;2\/3&#8243;][vc_column_text css=&#8221;&#8221;]Dessa fl\u00e4ktar \u00e4r konstruerade f\u00f6r mycket h\u00f6ga tryck och kan d\u00e4rf\u00f6r hantera h\u00f6ga silos med v\u00e5t spannm\u00e5l. Flera monteringsalternativ g\u00f6r dem enkla att installera. Fl\u00e4kten levereras i en stark, helsvetsad konstruktion av lackad st\u00e5lpl\u00e5t. Fl\u00e4kthjulen har bak\u00e5tv\u00e4nda skovlar f\u00f6r h\u00f6g verkningsgrad som standard. Alternativt kan de best\u00e4llas med plana bak\u00e5tv\u00e4nda skovlar f\u00f6r att hantera dammig luft.[\/vc_column_text][\/vc_column][vc_column width=&#8221;1\/3&#8243;][vc_column_text css=&#8221;&#8221;]<strong>FUNKTIONER<\/strong><br \/>\n\u2022 Luftfl\u00f6de: 400 \u2013 80.000 m\u00b3\/h<br \/>\n\u2022 Tryck: 2.000 \u2013 13.000 Pa<br \/>\n\u2022 Max gastemperatur vid standardutf\u00f6rande: 40\u00b0C<br \/>\n\u2022 Max gastemperatur med kylplatta: 300\u00b0C<br \/>\n\u2022 Hjultyp: Radiell, bak\u00e5tb\u00f6jd[\/vc_column_text][\/vc_column][\/vc_row]<\/p>\n<\/div>","protected":false},"excerpt":{"rendered":"<p>Tornum\u2019s h\u00f6gtrycksfl\u00e4ktar \u00e4r designade f\u00f6r luftning, kylning och torkning av spannm\u00e5l. Fl\u00e4ktarna \u00e4r extremt effektiva med l\u00e5g ljudvolym. <\/p>\n","protected":false},"featured_media":47381,"comment_status":"open","ping_status":"closed","template":"","meta":{"_acf_changed":false},"product_brand":[],"product_cat":[213,215,171,178],"product_tag":[234],"class_list":{"0":"post-50158","1":"product","2":"type-product","3":"status-publish","4":"has-post-thumbnail","6":"product_cat-alla-produkter","7":"product_cat-spannmal","8":"product_cat-luftsystem","9":"product_cat-radialflakt","10":"product_tag-fan-sv","11":"description-off","13":"first","14":"instock","15":"shipping-taxable","16":"product-type-simple"},"acf":[],"_links":{"self":[{"href":"https:\/\/www.tornum.com\/sv\/wp-json\/wp\/v2\/product\/50158","targetHints":{"allow":["GET"]}}],"collection":[{"href":"https:\/\/www.tornum.com\/sv\/wp-json\/wp\/v2\/product"}],"about":[{"href":"https:\/\/www.tornum.com\/sv\/wp-json\/wp\/v2\/types\/product"}],"replies":[{"embeddable":true,"href":"https:\/\/www.tornum.com\/sv\/wp-json\/wp\/v2\/comments?post=50158"}],"version-history":[{"count":6,"href":"https:\/\/www.tornum.com\/sv\/wp-json\/wp\/v2\/product\/50158\/revisions"}],"predecessor-version":[{"id":51186,"href":"https:\/\/www.tornum.com\/sv\/wp-json\/wp\/v2\/product\/50158\/revisions\/51186"}],"wp:featuredmedia":[{"embeddable":true,"href":"https:\/\/www.tornum.com\/sv\/wp-json\/wp\/v2\/media\/47381"}],"wp:attachment":[{"href":"https:\/\/www.tornum.com\/sv\/wp-json\/wp\/v2\/media?parent=50158"}],"wp:term":[{"taxonomy":"product_brand","embeddable":true,"href":"https:\/\/www.tornum.com\/sv\/wp-json\/wp\/v2\/product_brand?post=50158"},{"taxonomy":"product_cat","embeddable":true,"href":"https:\/\/www.tornum.com\/sv\/wp-json\/wp\/v2\/product_cat?post=50158"},{"taxonomy":"product_tag","embeddable":true,"href":"https:\/\/www.tornum.com\/sv\/wp-json\/wp\/v2\/product_tag?post=50158"}],"curies":[{"name":"wp","href":"https:\/\/api.w.org\/{rel}","templated":true}]}}